{"id":373,"date":"2023-11-14T20:39:13","date_gmt":"2023-11-14T20:39:13","guid":{"rendered":"https:\/\/hrf-frs.com\/fondation-pour-la-recherche-en-sante\/prix\/prix-pour-la-diversite-et-lequite-en-recherche\/"},"modified":"2025-11-21T14:16:21","modified_gmt":"2025-11-21T14:16:21","slug":"prix-pour-la-diversite-et-lequite-en-recherche","status":"publish","type":"page","link":"https:\/\/hrf-frs.com\/fr\/prix\/prix-pour-la-diversite-et-lequite-en-recherche\/","title":{"rendered":"Prix pour la diversit\u00e9 et l\u2019\u00e9quit\u00e9 en recherche"},"content":{"rendered":"\n<div class=\"wp-block-cover alignfull is-light has-custom-content-position is-position-bottom-left hero tall\"><span aria-hidden=\"true\" class=\"wp-block-cover__background has-background-dim wp-block-cover__gradient-background has-background-gradient\" style=\"background:linear-gradient(360deg,#000000CB 0%,#00000033 100%)\"><\/span><img decoding=\"async\" class=\"wp-block-cover__image-background wp-image-15884\" alt=\"\" src=\"https:\/\/hrf-frs.com\/wp-content\/uploads\/sites\/2\/2025\/04\/hrf-news-fr.jpg\" data-object-fit=\"cover\"\/><div class=\"wp-block-cover__inner-container is-layout-flow wp-block-cover-is-layout-flow\">\n<div class=\"wp-block-group\"><div class=\"wp-block-group__inner-container is-layout-flow wp-block-group-is-layout-flow\">\n<h2 class=\"wp-block-heading eyebrow crumb breadcrumbs has-cyan-color has-text-color\"><a href=\"\/fr\/fondation-pour-la-recherche-en-sante\/prix\/\">Prix<\/a><\/h2>\n\n\n\n<h2 class=\"wp-block-heading eyebrow crumb has-white-color has-text-color\"> \/<\/h2>\n\n\n<h1 class=\"wp-block-post-title has-text-color has-white-color\">Prix pour la diversit\u00e9 et l\u2019\u00e9quit\u00e9 en recherche<\/h1>\n\n\n<p class=\"h4 has-white-color has-text-color\">Reconna\u00eetre l\u2019excellence et les contributions essentielles aux sciences de la sant\u00e9 pour le Canada, pour le monde.<\/p>\n<\/div><\/div>\n<\/div><\/div>\n\n\n\n<div class=\"wp-block-group\"><div class=\"wp-block-group__inner-container is-layout-constrained wp-block-group-is-layout-constrained\">\n<div class=\"wp-block-group\"><div class=\"wp-block-group__inner-container is-layout-constrained wp-block-group-is-layout-constrained\">\n<h2 class=\"wp-block-heading\" id=\"la-diversite\">Overview<\/h2>\n\n\n\n<p>Le Prix pour la diversit\u00e9 et l\u2019\u00e9quit\u00e9 en recherche est remis \u00e0 des personnes remarquables dont les travaux favorisent la participation \u00e9quitable \u00e0 la recherche en sant\u00e9 et l\u2019acc\u00e8s \u00e9quitable aux soins de sant\u00e9 au pays, en plus d\u2019am\u00e9liorer le bien-\u00eatre de tous les Canadiens, en particulier ceux qui m\u00e9ritent l\u2019\u00e9quit\u00e9.<\/p>\n<\/div><\/div>\n\n\n\n<div class=\"wp-block-group\"><div class=\"wp-block-group__inner-container is-layout-constrained wp-block-group-is-layout-constrained\">\n<h3 class=\"wp-block-heading\">Candidatures<\/h3>\n\n\n\n<p>Les candidatures pour cette ann\u00e9e ne sont plus accept\u00e9es.<\/p>\n\n\n<\/div><\/div>\n\n\n\n\n\n\n\n\n\n\n<\/div><\/div>\n\n\n\n<div id=\"past-recipients\" class=\"wp-block-group\"><div class=\"wp-block-group__inner-container is-layout-constrained wp-block-group-is-layout-constrained\">\n<div class=\"wp-block-group\"><div class=\"wp-block-group__inner-container is-layout-constrained wp-block-group-is-layout-constrained\">\n<h3 class=\"wp-block-heading\">Anciens r\u00e9cipiendaires<\/h3>\n<\/div><\/div>\n\n\n\n<div class=\"wp-block-baytek-tabs has-white-background-color has-background wp-block-tabs has-vertical-orientation\"><div class=\"wp-block-tabs__inner-container\"><div class=\"wp-block-tabs__tab-labels\"><a class=\"tab-label active\" role=\"tab\" data-target=\"0\"><span>2023-2025<\/span><\/a><\/div><div class=\"wp-block-tabs__tab-panels\">\n<div class=\"wp-block-tab\">\n<div class=\"wp-block-columns is-not-stacked-on-mobile is-style-border-bottom is-layout-flex wp-container-core-columns-is-layout-9d6595d7 wp-block-columns-is-layout-flex\">\n<div class=\"wp-block-column is-layout-flow wp-block-column-is-layout-flow\" style=\"flex-basis:13.5rem\">\n<h3 class=\"wp-block-heading h2 has-navy-color has-text-color\">2025<\/h3>\n<\/div>\n\n\n\n<div class=\"wp-block-column is-layout-flow wp-block-column-is-layout-flow\">\n<p><strong>Juliet Daniel<\/strong><br \/>Biologiste pionni\u00e8re du cancer et militante pour l\u2019\u00e9galit\u00e9 en mati\u00e8re de sant\u00e9.<\/p>\n<\/div>\n<\/div>\n\n\n\n<div class=\"wp-block-columns is-not-stacked-on-mobile is-style-border-bottom is-layout-flex wp-container-core-columns-is-layout-9d6595d7 wp-block-columns-is-layout-flex\">\n<div class=\"wp-block-column is-layout-flow wp-block-column-is-layout-flow\" style=\"flex-basis:13.5rem\">\n<h3 class=\"wp-block-heading h2 has-navy-color has-text-color\">2024<\/h3>\n<\/div>\n\n\n\n<div class=\"wp-block-column is-layout-flow wp-block-column-is-layout-flow\">\n<p><strong>Dr. Sonia Anand<\/strong><br \/>Pour son travail exceptionnel en faveur d&rsquo;une participation \u00e9quitable \u00e0 la recherche dans le domaine de la sant\u00e9 et de l&rsquo;acc\u00e8s aux soins de sant\u00e9 au Canada.<\/p>\n<\/div>\n<\/div>\n\n\n\n<div class=\"wp-block-columns is-not-stacked-on-mobile is-style-border-bottom is-layout-flex wp-container-core-columns-is-layout-9d6595d7 wp-block-columns-is-layout-flex\">\n<div class=\"wp-block-column is-layout-flow wp-block-column-is-layout-flow\" style=\"flex-basis:13.5rem\">\n<h3 class=\"wp-block-heading h2 has-navy-color has-text-color\">2023<\/h3>\n<\/div>\n\n\n\n<div class=\"wp-block-column is-layout-flow wp-block-column-is-layout-flow\">\n<p><strong>Dr. Oluwabukola Salami<\/strong><br \/>Pour ses recherches approfondies sur les politiques et les pratiques qui influencent la sant\u00e9 des migrants, ainsi que la sant\u00e9 des populations noires.<\/p>\n<\/div>\n<\/div>\n<\/div>\n<\/div><\/div><\/div>\n<\/div><\/div>\n\n\n\n<div class=\"wp-block-group\"><div class=\"wp-block-group__inner-container is-layout-constrained wp-block-group-is-layout-constrained\">\n<h2 class=\"wp-block-heading\">Blogues<\/h2>\n\n\n\n<div class=\"wp-block-group press-releases\"><div class=\"wp-block-group__inner-container is-layout-flow wp-block-group-is-layout-flow\"><article itemscope itemtype=\"http:\/\/schema.org\/Article\" class=\"post news\" aria-label=\"news\">\n    <a href=\"https:\/\/hrf-frs.com\/fr\/nouvelles\/la-fondation-pour-la-recherche-en-sante-annonce-les-recipiendaires-de-la-medaille-dhonneur-et-du-prix-pour-la-diversite-et-lequite-en-recherche-2025\/\">\n        <header class=\"no-margin\">\n            <img loading=\"lazy\" decoding=\"async\" width=\"744\" height=\"496\" src=\"https:\/\/hrf-frs.com\/wp-content\/uploads\/sites\/2\/2025\/11\/moh.dei_-744x496.jpg\" class=\"attachment-archive-thumbnail size-archive-thumbnail wp-post-image\" alt=\"\" srcset=\"https:\/\/hrf-frs.com\/wp-content\/uploads\/sites\/2\/2025\/11\/moh.dei_-744x496.jpg 744w, https:\/\/hrf-frs.com\/wp-content\/uploads\/sites\/2\/2025\/11\/moh.dei_-300x200.jpg 300w, https:\/\/hrf-frs.com\/wp-content\/uploads\/sites\/2\/2025\/11\/moh.dei_-1024x683.jpg 1024w, https:\/\/hrf-frs.com\/wp-content\/uploads\/sites\/2\/2025\/11\/moh.dei_-768x512.jpg 768w, https:\/\/hrf-frs.com\/wp-content\/uploads\/sites\/2\/2025\/11\/moh.dei_-1536x1024.jpg 1536w, https:\/\/hrf-frs.com\/wp-content\/uploads\/sites\/2\/2025\/11\/moh.dei_.jpg 1920w\" sizes=\"auto, (max-width: 744px) 100vw, 744px\" \/>        <\/header>\n\n        <div class=\"wp-block-group has-light-grey-background-color has-background is-lightly-padded no-margin\">\n            <div class=\"wp-block-group__inner-container\">\n                <p class=\"is-style-eyebrow no-underline date-category\">\n                                            <span itemprop=\"articleSection\" class=\"news-category\">Communiqu\u00e9<\/span>\n                    \n                    <span itemprop=\"datePublished\">20 novembre 2025<\/span>\n                <\/p>\n\n                <h2 itemprop=\"headline\" class=\"h5\">La Fondation pour la recherche en sant\u00e9 annonce les r\u00e9cipiendaires de la M\u00e9daille d\u2019honneur et du prix pour la diversit\u00e9 et l\u2019\u00e9quit\u00e9 en recherche 2025<\/h2>\n                \n                <p>La Fondation pour la recherche en sant\u00e9 (FRS) est fi\u00e8re de c\u00e9l\u00e9brer le Dr Jeffrey Weitz et Juliet Daniel, deux [&hellip;]<\/p>\n            <\/div>\n        <\/div>\n    <\/a>\n<\/article> <!-- #post-content -->\n\n\n\n<article itemscope itemtype=\"http:\/\/schema.org\/Article\" class=\"post news\" aria-label=\"news\">\n    <a href=\"https:\/\/hrf-frs.com\/fr\/blogues\/inspirer-linclusion-grace-a-la-recherche-en-sante-une-entrevue-avec-oluwabukola-salami-ph-d-laureate-du-prix-pour-la-diversite-et-lequite-en-recherche-de-la-frs\/\">\n        <header class=\"no-margin\">\n            <img loading=\"lazy\" decoding=\"async\" width=\"744\" height=\"559\" src=\"https:\/\/hrf-frs.com\/wp-content\/uploads\/sites\/2\/2025\/04\/DEI-and-MoH-2023.jpg\" class=\"attachment-archive-thumbnail size-archive-thumbnail wp-post-image\" alt=\"\" srcset=\"https:\/\/hrf-frs.com\/wp-content\/uploads\/sites\/2\/2025\/04\/DEI-and-MoH-2023.jpg 1920w, https:\/\/hrf-frs.com\/wp-content\/uploads\/sites\/2\/2025\/04\/DEI-and-MoH-2023-300x225.jpg 300w, https:\/\/hrf-frs.com\/wp-content\/uploads\/sites\/2\/2025\/04\/DEI-and-MoH-2023-1024x769.jpg 1024w, https:\/\/hrf-frs.com\/wp-content\/uploads\/sites\/2\/2025\/04\/DEI-and-MoH-2023-768x577.jpg 768w, https:\/\/hrf-frs.com\/wp-content\/uploads\/sites\/2\/2025\/04\/DEI-and-MoH-2023-1536x1154.jpg 1536w\" sizes=\"auto, (max-width: 744px) 100vw, 744px\" \/>        <\/header>\n\n        <div class=\"wp-block-group has-light-grey-background-color has-background is-lightly-padded no-margin\">\n            <div class=\"wp-block-group__inner-container\">\n                <p class=\"is-style-eyebrow no-underline date-category\">\n                    \n                    <span itemprop=\"datePublished\">07 mars 2024<\/span>\n                <\/p>\n\n                <h2 itemprop=\"headline\" class=\"h5\">Inspirer l\u2019inclusion gr\u00e2ce \u00e0 la recherche en sant\u00e9\u00a0: une entrevue avec Oluwabukola Salami, Ph.\u00a0D., laur\u00e9ate du Prix pour la diversit\u00e9 et l\u2019\u00e9quit\u00e9 en recherche de la FRS\u00a0<\/h2>\n                \n                <p>\u00c0 l\u2019occasion de la Journ\u00e9e internationale des femmes, la Fondation pour la recherche en sant\u00e9 (FRS) est heureuse de pr\u00e9senter [&hellip;]<\/p>\n            <\/div>\n        <\/div>\n    <\/a>\n<\/article> <!-- #post-content -->\n\n<\/div><\/div>\n<\/div><\/div>\n","protected":false},"excerpt":{"rendered":"<p>Reconna\u00eetre l\u2019excellence et les contributions essentielles aux sciences de la sant\u00e9 pour le Canada, pour le monde.<\/p>\n","protected":false},"author":1,"featured_media":1088,"parent":326,"menu_order":0,"comment_status":"closed","ping_status":"closed","template":"templates\/pages\/hrf-page.php","meta":{"_relevanssi_hide_post":"","_relevanssi_hide_content":"","_relevanssi_pin_for_all":"","_relevanssi_pin_keywords":"","_relevanssi_unpin_keywords":"","_relevanssi_related_keywords":"","_relevanssi_related_include_ids":"","_relevanssi_related_exclude_ids":"","_relevanssi_related_no_append":"","_relevanssi_related_not_related":"","_relevanssi_related_posts":"9208,9216,9242,9196,9214,9246","_relevanssi_noindex_reason":"","footnotes":""},"class_list":["post-373","page","type-page","status-publish","has-post-thumbnail","hentry"],"yoast_head":"<!-- This site is optimized with the Yoast SEO plugin v27.4 - https:\/\/yoast.com\/product\/yoast-seo-wordpress\/ -->\n<title>Prix pour la diversit\u00e9 et l\u2019\u00e9quit\u00e9 en recherche - Health Research Foundation<\/title>\n<meta name=\"robots\" content=\"index, follow, max-snippet:-1, max-image-preview:large, max-video-preview:-1\" \/>\n<link rel=\"canonical\" href=\"https:\/\/hrf-frs.com\/fr\/prix\/prix-pour-la-diversite-et-lequite-en-recherche\/\" \/>\n<meta property=\"og:locale\" content=\"fr_FR\" \/>\n<meta property=\"og:type\" content=\"article\" \/>\n<meta property=\"og:title\" content=\"Prix pour la diversit\u00e9 et l\u2019\u00e9quit\u00e9 en recherche - Health Research Foundation\" \/>\n<meta property=\"og:description\" content=\"Reconna\u00eetre l\u2019excellence et les contributions essentielles aux sciences de la sant\u00e9 pour le Canada, pour le monde.\" \/>\n<meta property=\"og:url\" content=\"https:\/\/hrf-frs.com\/fr\/prix\/prix-pour-la-diversite-et-lequite-en-recherche\/\" \/>\n<meta property=\"og:site_name\" content=\"Health Research Foundation\" \/>\n<meta property=\"article:modified_time\" content=\"2025-11-21T14:16:21+00:00\" \/>\n<meta property=\"og:image\" content=\"https:\/\/hrf-frs.com\/wp-content\/uploads\/sites\/2\/2025\/11\/Dr.-Juliet-Daniel_moh.dei_-e1763665070283.jpg\" \/>\n\t<meta property=\"og:image:width\" content=\"542\" \/>\n\t<meta property=\"og:image:height\" content=\"699\" \/>\n\t<meta property=\"og:image:type\" content=\"image\/jpeg\" \/>\n<meta name=\"twitter:card\" content=\"summary_large_image\" \/>\n<meta name=\"twitter:label1\" content=\"Dur\u00e9e de lecture estim\u00e9e\" \/>\n\t<meta name=\"twitter:data1\" content=\"3 minutes\" \/>\n<script type=\"application\/ld+json\" class=\"yoast-schema-graph\">{\"@context\":\"https:\\\/\\\/schema.org\",\"@graph\":[{\"@type\":\"WebPage\",\"@id\":\"https:\\\/\\\/hrf-frs.com\\\/fr\\\/prix\\\/prix-pour-la-diversite-et-lequite-en-recherche\\\/\",\"url\":\"https:\\\/\\\/hrf-frs.com\\\/fr\\\/prix\\\/prix-pour-la-diversite-et-lequite-en-recherche\\\/\",\"name\":\"Prix pour la diversit\u00e9 et l\u2019\u00e9quit\u00e9 en recherche - Health Research Foundation\",\"isPartOf\":{\"@id\":\"https:\\\/\\\/hrf-frs.com\\\/fr\\\/#website\"},\"primaryImageOfPage\":{\"@id\":\"https:\\\/\\\/hrf-frs.com\\\/fr\\\/prix\\\/prix-pour-la-diversite-et-lequite-en-recherche\\\/#primaryimage\"},\"image\":{\"@id\":\"https:\\\/\\\/hrf-frs.com\\\/fr\\\/prix\\\/prix-pour-la-diversite-et-lequite-en-recherche\\\/#primaryimage\"},\"thumbnailUrl\":\"https:\\\/\\\/hrf-frs.com\\\/wp-content\\\/uploads\\\/sites\\\/2\\\/2025\\\/11\\\/Dr.-Juliet-Daniel_moh.dei_-e1763665070283.jpg\",\"datePublished\":\"2023-11-14T20:39:13+00:00\",\"dateModified\":\"2025-11-21T14:16:21+00:00\",\"breadcrumb\":{\"@id\":\"https:\\\/\\\/hrf-frs.com\\\/fr\\\/prix\\\/prix-pour-la-diversite-et-lequite-en-recherche\\\/#breadcrumb\"},\"inLanguage\":\"fr-FR\",\"potentialAction\":[{\"@type\":\"ReadAction\",\"target\":[\"https:\\\/\\\/hrf-frs.com\\\/fr\\\/prix\\\/prix-pour-la-diversite-et-lequite-en-recherche\\\/\"]}]},{\"@type\":\"ImageObject\",\"inLanguage\":\"fr-FR\",\"@id\":\"https:\\\/\\\/hrf-frs.com\\\/fr\\\/prix\\\/prix-pour-la-diversite-et-lequite-en-recherche\\\/#primaryimage\",\"url\":\"https:\\\/\\\/hrf-frs.com\\\/wp-content\\\/uploads\\\/sites\\\/2\\\/2025\\\/11\\\/Dr.-Juliet-Daniel_moh.dei_-e1763665070283.jpg\",\"contentUrl\":\"https:\\\/\\\/hrf-frs.com\\\/wp-content\\\/uploads\\\/sites\\\/2\\\/2025\\\/11\\\/Dr.-Juliet-Daniel_moh.dei_-e1763665070283.jpg\",\"width\":542,\"height\":699},{\"@type\":\"BreadcrumbList\",\"@id\":\"https:\\\/\\\/hrf-frs.com\\\/fr\\\/prix\\\/prix-pour-la-diversite-et-lequite-en-recherche\\\/#breadcrumb\",\"itemListElement\":[{\"@type\":\"ListItem\",\"position\":1,\"name\":\"Home\",\"item\":\"https:\\\/\\\/hrf-frs.com\\\/fr\\\/\"},{\"@type\":\"ListItem\",\"position\":2,\"name\":\"Prix\",\"item\":\"https:\\\/\\\/hrf-frs.com\\\/fr\\\/prix\\\/\"},{\"@type\":\"ListItem\",\"position\":3,\"name\":\"Prix pour la diversit\u00e9 et l\u2019\u00e9quit\u00e9 en recherche\"}]},{\"@type\":\"WebSite\",\"@id\":\"https:\\\/\\\/hrf-frs.com\\\/fr\\\/#website\",\"url\":\"https:\\\/\\\/hrf-frs.com\\\/fr\\\/\",\"name\":\"Health Research Foundation\",\"description\":\"Transforming Canadians\u2019 lives\",\"potentialAction\":[{\"@type\":\"SearchAction\",\"target\":{\"@type\":\"EntryPoint\",\"urlTemplate\":\"https:\\\/\\\/hrf-frs.com\\\/fr\\\/?s={search_term_string}\"},\"query-input\":{\"@type\":\"PropertyValueSpecification\",\"valueRequired\":true,\"valueName\":\"search_term_string\"}}],\"inLanguage\":\"fr-FR\"}]}<\/script>\n<!-- \/ Yoast SEO plugin. -->","yoast_head_json":{"title":"Prix pour la diversit\u00e9 et l\u2019\u00e9quit\u00e9 en recherche - Health Research Foundation","robots":{"index":"index","follow":"follow","max-snippet":"max-snippet:-1","max-image-preview":"max-image-preview:large","max-video-preview":"max-video-preview:-1"},"canonical":"https:\/\/hrf-frs.com\/fr\/prix\/prix-pour-la-diversite-et-lequite-en-recherche\/","og_locale":"fr_FR","og_type":"article","og_title":"Prix pour la diversit\u00e9 et l\u2019\u00e9quit\u00e9 en recherche - Health Research Foundation","og_description":"Reconna\u00eetre l\u2019excellence et les contributions essentielles aux sciences de la sant\u00e9 pour le Canada, pour le monde.","og_url":"https:\/\/hrf-frs.com\/fr\/prix\/prix-pour-la-diversite-et-lequite-en-recherche\/","og_site_name":"Health Research Foundation","article_modified_time":"2025-11-21T14:16:21+00:00","og_image":[{"width":542,"height":699,"url":"https:\/\/hrf-frs.com\/wp-content\/uploads\/sites\/2\/2025\/11\/Dr.-Juliet-Daniel_moh.dei_-e1763665070283.jpg","type":"image\/jpeg"}],"twitter_card":"summary_large_image","twitter_misc":{"Dur\u00e9e de lecture estim\u00e9e":"3 minutes"},"schema":{"@context":"https:\/\/schema.org","@graph":[{"@type":"WebPage","@id":"https:\/\/hrf-frs.com\/fr\/prix\/prix-pour-la-diversite-et-lequite-en-recherche\/","url":"https:\/\/hrf-frs.com\/fr\/prix\/prix-pour-la-diversite-et-lequite-en-recherche\/","name":"Prix pour la diversit\u00e9 et l\u2019\u00e9quit\u00e9 en recherche - Health Research Foundation","isPartOf":{"@id":"https:\/\/hrf-frs.com\/fr\/#website"},"primaryImageOfPage":{"@id":"https:\/\/hrf-frs.com\/fr\/prix\/prix-pour-la-diversite-et-lequite-en-recherche\/#primaryimage"},"image":{"@id":"https:\/\/hrf-frs.com\/fr\/prix\/prix-pour-la-diversite-et-lequite-en-recherche\/#primaryimage"},"thumbnailUrl":"https:\/\/hrf-frs.com\/wp-content\/uploads\/sites\/2\/2025\/11\/Dr.-Juliet-Daniel_moh.dei_-e1763665070283.jpg","datePublished":"2023-11-14T20:39:13+00:00","dateModified":"2025-11-21T14:16:21+00:00","breadcrumb":{"@id":"https:\/\/hrf-frs.com\/fr\/prix\/prix-pour-la-diversite-et-lequite-en-recherche\/#breadcrumb"},"inLanguage":"fr-FR","potentialAction":[{"@type":"ReadAction","target":["https:\/\/hrf-frs.com\/fr\/prix\/prix-pour-la-diversite-et-lequite-en-recherche\/"]}]},{"@type":"ImageObject","inLanguage":"fr-FR","@id":"https:\/\/hrf-frs.com\/fr\/prix\/prix-pour-la-diversite-et-lequite-en-recherche\/#primaryimage","url":"https:\/\/hrf-frs.com\/wp-content\/uploads\/sites\/2\/2025\/11\/Dr.-Juliet-Daniel_moh.dei_-e1763665070283.jpg","contentUrl":"https:\/\/hrf-frs.com\/wp-content\/uploads\/sites\/2\/2025\/11\/Dr.-Juliet-Daniel_moh.dei_-e1763665070283.jpg","width":542,"height":699},{"@type":"BreadcrumbList","@id":"https:\/\/hrf-frs.com\/fr\/prix\/prix-pour-la-diversite-et-lequite-en-recherche\/#breadcrumb","itemListElement":[{"@type":"ListItem","position":1,"name":"Home","item":"https:\/\/hrf-frs.com\/fr\/"},{"@type":"ListItem","position":2,"name":"Prix","item":"https:\/\/hrf-frs.com\/fr\/prix\/"},{"@type":"ListItem","position":3,"name":"Prix pour la diversit\u00e9 et l\u2019\u00e9quit\u00e9 en recherche"}]},{"@type":"WebSite","@id":"https:\/\/hrf-frs.com\/fr\/#website","url":"https:\/\/hrf-frs.com\/fr\/","name":"Health Research Foundation","description":"Transforming Canadians\u2019 lives","potentialAction":[{"@type":"SearchAction","target":{"@type":"EntryPoint","urlTemplate":"https:\/\/hrf-frs.com\/fr\/?s={search_term_string}"},"query-input":{"@type":"PropertyValueSpecification","valueRequired":true,"valueName":"search_term_string"}}],"inLanguage":"fr-FR"}]}},"_links":{"self":[{"href":"https:\/\/hrf-frs.com\/fr\/wp-json\/wp\/v2\/pages\/373","targetHints":{"allow":["GET"]}}],"collection":[{"href":"https:\/\/hrf-frs.com\/fr\/wp-json\/wp\/v2\/pages"}],"about":[{"href":"https:\/\/hrf-frs.com\/fr\/wp-json\/wp\/v2\/types\/page"}],"author":[{"embeddable":true,"href":"https:\/\/hrf-frs.com\/fr\/wp-json\/wp\/v2\/users\/1"}],"replies":[{"embeddable":true,"href":"https:\/\/hrf-frs.com\/fr\/wp-json\/wp\/v2\/comments?post=373"}],"version-history":[{"count":12,"href":"https:\/\/hrf-frs.com\/fr\/wp-json\/wp\/v2\/pages\/373\/revisions"}],"predecessor-version":[{"id":1116,"href":"https:\/\/hrf-frs.com\/fr\/wp-json\/wp\/v2\/pages\/373\/revisions\/1116"}],"up":[{"embeddable":true,"href":"https:\/\/hrf-frs.com\/fr\/wp-json\/wp\/v2\/pages\/326"}],"wp:featuredmedia":[{"embeddable":true,"href":"https:\/\/hrf-frs.com\/fr\/wp-json\/wp\/v2\/media\/1088"}],"wp:attachment":[{"href":"https:\/\/hrf-frs.com\/fr\/wp-json\/wp\/v2\/media?parent=373"}],"curies":[{"name":"wp","href":"https:\/\/api.w.org\/{rel}","templated":true}]}}