{"id":358,"date":"2023-08-24T13:03:00","date_gmt":"2023-08-24T13:03:00","guid":{"rendered":"https:\/\/hrf-frs.com\/fondation-pour-la-recherche-en-sante\/recherche\/chaire-de-recherche-sur-la-preparation-aux-pandemies-de-la-frs\/"},"modified":"2025-04-08T21:23:40","modified_gmt":"2025-04-08T21:23:40","slug":"chaire-de-recherche-sur-la-preparation-aux-pandemies-de-la-frs","status":"publish","type":"page","link":"https:\/\/hrf-frs.com\/fr\/recherche\/chaire-de-recherche-sur-la-preparation-aux-pandemies-de-la-frs\/","title":{"rendered":"Chaire de recherche sur la pr\u00e9paration aux pand\u00e9mies de la FRS"},"content":{"rendered":"\n<div class=\"wp-block-cover alignfull has-custom-content-position is-position-bottom-left wp-embed-aspect-16-9 wp-has-aspect-ratio\"><span aria-hidden=\"true\" class=\"wp-block-cover__background has-background-dim wp-block-cover__gradient-background has-background-gradient\" style=\"background:linear-gradient(360deg,#000000CB 0%,#00000033 100%)\"><\/span><img decoding=\"async\" class=\"wp-block-cover__image-background wp-image-15825\" alt=\"\" src=\"https:\/\/hrf-frs.com\/wp-content\/uploads\/sites\/2\/2025\/04\/research-chair-in-pandemic-preparedness-hero.jpg\" data-object-fit=\"cover\"\/><div class=\"wp-block-cover__inner-container is-layout-flow wp-block-cover-is-layout-flow\">\n<div class=\"wp-block-group\"><div class=\"wp-block-group__inner-container is-layout-flow wp-block-group-is-layout-flow\">\n<h2 class=\"wp-block-heading eyebrow crumb has-cyan-color has-text-color\"><a href=\"\/fr\/fondation-pour-la-recherche-en-sante\/recherche\/\">recherche<\/a> <\/h2>\n\n\n\n<h2 class=\"wp-block-heading eyebrow crumb has-white-color has-text-color\">\/<\/h2>\n\n\n<h1 class=\"wp-block-post-title has-text-color has-white-color\">Chaire de recherche sur la pr\u00e9paration aux pand\u00e9mies de la FRS<\/h1>\n\n\n<p class=\"h4 has-white-color has-text-color\">Remise au D<sup>r<\/sup>&nbsp;Srinivas Murthy, professeur clinicien agr\u00e9g\u00e9, d\u00e9partement de p\u00e9diatrie, facult\u00e9 de m\u00e9decine, Universit\u00e9 de Colombie-Britannique<\/p>\n<\/div><\/div>\n<\/div><\/div>\n\n\n\n<div class=\"wp-block-group wp-embed-aspect-16-9 wp-has-aspect-ratio\"><div class=\"wp-block-group__inner-container is-layout-constrained wp-block-group-is-layout-constrained\">\n<h2 class=\"wp-block-heading\"><strong><\/strong><strong>Aper\u00e7u de la recherche<\/strong><\/h2>\n\n\n\n<div class=\"wp-block-columns is-layout-flex wp-container-core-columns-is-layout-1 wp-block-columns-is-layout-flex\">\n<div class=\"wp-block-column is-layout-flow wp-block-column-is-layout-flow\" style=\"flex-basis:33%\">\n<figure class=\"wp-block-image size-large\"><img decoding=\"async\" src=\"https:\/\/hrf-frs.com\/wp-content\/uploads\/sites\/2\/2025\/04\/Murthy-819x1024.jpeg\" alt=\"\" class=\"wp-image-16861\"\/><\/figure>\n<\/div>\n\n\n\n<div class=\"wp-block-column is-layout-flow wp-block-column-is-layout-flow\" style=\"flex-basis:66%\">\n<p>Avec toute nouvelle maladie, les syst\u00e8mes de sant\u00e9 doivent s\u2019adapter rapidement. Ils doivent \u00e9galement produire des recherches de haute qualit\u00e9 afin d\u2019en apprendre le plus possible sur ces nouvelles maladies. Malheureusement, la plupart des pays, y compris le Canada, ne disposent pas de syst\u00e8mes de sant\u00e9 pr\u00eats pour la recherche, capables de produire rapidement de nouvelles donn\u00e9es et de les int\u00e9grer dans les politiques et les pratiques. Dans le cadre de notre programme de recherche, nous avons examin\u00e9 les obstacles et les facteurs facilitant la conduite de recherches et la mise en \u0153uvre de leurs r\u00e9sultats au Canada lors d\u2019une urgence sanitaire mondiale, ainsi que les possibilit\u00e9s d\u2019am\u00e9lioration en vue de la prochaine pand\u00e9mie, qui est in\u00e9vitable.<\/p>\n<\/div>\n<\/div>\n\n\n\n<blockquote class=\"wp-block-quote is-layout-flow wp-block-quote-is-layout-flow\">\n<p><strong><\/strong><strong>Le financement re\u00e7u par la FRS a contribu\u00e9 \u00e0 accro\u00eetre les connaissances sur les moyens de renforcer la r\u00e9silience du syst\u00e8me de sant\u00e9 canadien aux futures situations d\u2019urgence.<\/strong><\/p>\n<cite><br \/>Dr. Srinivas Murthy<\/cite><\/blockquote>\n\n\n\n<div class=\"wp-block-group\"><div class=\"wp-block-group__inner-container is-layout-constrained wp-block-group-is-layout-constrained\">\n<h2 class=\"wp-block-heading\"><strong><\/strong><strong>Applications concr\u00e8tes<\/strong><\/h2>\n\n\n\n<p>Nous avons montr\u00e9 que les processus de d\u00e9marrage des recherches et de mise en \u0153uvre des donn\u00e9es probantes au Canada sont lents, ce qui est inacceptable, et ne r\u00e9pondent pas toujours aux besoins du public en cas d\u2019urgence sanitaire. Les obstacles sont principalement li\u00e9s aux politiques et \u00e0 la main-d\u2019\u0153uvre et t\u00e9moignent de la n\u00e9cessit\u00e9 de disposer d\u2019\u00e9cosyst\u00e8mes coordonn\u00e9s pour la production et l\u2019application des connaissances afin de r\u00e9pondre au mieux aux besoins du public, du syst\u00e8me de sant\u00e9 et des d\u00e9cideurs politiques.<\/p>\n<\/div><\/div>\n<\/div><\/div>\n","protected":false},"excerpt":{"rendered":"<p>Remise au Dr\u00a0Srinivas Murthy, professeur clinicien agr\u00e9g\u00e9, d\u00e9partement de p\u00e9diatrie, facult\u00e9 de m\u00e9decine, Universit\u00e9 de Colombie-Britannique<\/p>\n","protected":false},"author":1,"featured_media":200,"parent":342,"menu_order":0,"comment_status":"closed","ping_status":"closed","template":"templates\/pages\/hrf-page.php","meta":{"_relevanssi_hide_post":"","_relevanssi_hide_content":"","_relevanssi_pin_for_all":"","_relevanssi_pin_keywords":"","_relevanssi_unpin_keywords":"","_relevanssi_related_keywords":"","_relevanssi_related_include_ids":"","_relevanssi_related_exclude_ids":"","_relevanssi_related_no_append":"","_relevanssi_related_not_related":"","_relevanssi_related_posts":"9178,9184,9192,9194,9196,9198","_relevanssi_noindex_reason":"","footnotes":""},"class_list":["post-358","page","type-page","status-publish","has-post-thumbnail","hentry"],"yoast_head":"<!-- This site is optimized with the Yoast SEO plugin v24.4 - https:\/\/yoast.com\/wordpress\/plugins\/seo\/ -->\n<title>Chaire de recherche sur la pr\u00e9paration aux pand\u00e9mies de la FRS - Health Research Foundation<\/title>\n<meta name=\"robots\" content=\"index, follow, max-snippet:-1, max-image-preview:large, max-video-preview:-1\" \/>\n<link rel=\"canonical\" href=\"https:\/\/hrf-frs.com\/fr\/recherche\/chaire-de-recherche-sur-la-preparation-aux-pandemies-de-la-frs\/\" \/>\n<meta property=\"og:locale\" content=\"fr_FR\" \/>\n<meta property=\"og:type\" content=\"article\" \/>\n<meta property=\"og:title\" content=\"Chaire de recherche sur la pr\u00e9paration aux pand\u00e9mies de la FRS - Health Research Foundation\" \/>\n<meta property=\"og:description\" content=\"Remise au Dr\u00a0Srinivas Murthy, professeur clinicien agr\u00e9g\u00e9, d\u00e9partement de p\u00e9diatrie, facult\u00e9 de m\u00e9decine, Universit\u00e9 de Colombie-Britannique\" \/>\n<meta property=\"og:url\" content=\"https:\/\/hrf-frs.com\/fr\/recherche\/chaire-de-recherche-sur-la-preparation-aux-pandemies-de-la-frs\/\" \/>\n<meta property=\"og:site_name\" content=\"Health Research Foundation\" \/>\n<meta property=\"article:modified_time\" content=\"2025-04-08T21:23:40+00:00\" \/>\n<meta property=\"og:image\" content=\"https:\/\/hrf-frs.com\/wp-content\/uploads\/sites\/2\/2025\/04\/research-chair-in-pandemic-preparedness-hero.jpg\" \/>\n\t<meta property=\"og:image:width\" content=\"1920\" \/>\n\t<meta property=\"og:image:height\" content=\"1280\" \/>\n\t<meta property=\"og:image:type\" content=\"image\/jpeg\" \/>\n<meta name=\"twitter:card\" content=\"summary_large_image\" \/>\n<meta name=\"twitter:label1\" content=\"Dur\u00e9e de lecture estim\u00e9e\" \/>\n\t<meta name=\"twitter:data1\" content=\"1 minute\" \/>\n<script type=\"application\/ld+json\" class=\"yoast-schema-graph\">{\"@context\":\"https:\/\/schema.org\",\"@graph\":[{\"@type\":\"WebPage\",\"@id\":\"https:\/\/hrf-frs.com\/fr\/recherche\/chaire-de-recherche-sur-la-preparation-aux-pandemies-de-la-frs\/\",\"url\":\"https:\/\/hrf-frs.com\/fr\/recherche\/chaire-de-recherche-sur-la-preparation-aux-pandemies-de-la-frs\/\",\"name\":\"Chaire de recherche sur la pr\u00e9paration aux pand\u00e9mies de la FRS - Health Research Foundation\",\"isPartOf\":{\"@id\":\"https:\/\/hrf-frs.com\/fr\/#website\"},\"primaryImageOfPage\":{\"@id\":\"https:\/\/hrf-frs.com\/fr\/recherche\/chaire-de-recherche-sur-la-preparation-aux-pandemies-de-la-frs\/#primaryimage\"},\"image\":{\"@id\":\"https:\/\/hrf-frs.com\/fr\/recherche\/chaire-de-recherche-sur-la-preparation-aux-pandemies-de-la-frs\/#primaryimage\"},\"thumbnailUrl\":\"https:\/\/hrf-frs.com\/wp-content\/uploads\/sites\/2\/2025\/04\/research-chair-in-pandemic-preparedness-hero.jpg\",\"datePublished\":\"2023-08-24T13:03:00+00:00\",\"dateModified\":\"2025-04-08T21:23:40+00:00\",\"breadcrumb\":{\"@id\":\"https:\/\/hrf-frs.com\/fr\/recherche\/chaire-de-recherche-sur-la-preparation-aux-pandemies-de-la-frs\/#breadcrumb\"},\"inLanguage\":\"fr-FR\",\"potentialAction\":[{\"@type\":\"ReadAction\",\"target\":[\"https:\/\/hrf-frs.com\/fr\/recherche\/chaire-de-recherche-sur-la-preparation-aux-pandemies-de-la-frs\/\"]}]},{\"@type\":\"ImageObject\",\"inLanguage\":\"fr-FR\",\"@id\":\"https:\/\/hrf-frs.com\/fr\/recherche\/chaire-de-recherche-sur-la-preparation-aux-pandemies-de-la-frs\/#primaryimage\",\"url\":\"https:\/\/hrf-frs.com\/wp-content\/uploads\/sites\/2\/2025\/04\/research-chair-in-pandemic-preparedness-hero.jpg\",\"contentUrl\":\"https:\/\/hrf-frs.com\/wp-content\/uploads\/sites\/2\/2025\/04\/research-chair-in-pandemic-preparedness-hero.jpg\",\"width\":1920,\"height\":1280},{\"@type\":\"BreadcrumbList\",\"@id\":\"https:\/\/hrf-frs.com\/fr\/recherche\/chaire-de-recherche-sur-la-preparation-aux-pandemies-de-la-frs\/#breadcrumb\",\"itemListElement\":[{\"@type\":\"ListItem\",\"position\":1,\"name\":\"Home\",\"item\":\"https:\/\/hrf-frs.com\/fr\/\"},{\"@type\":\"ListItem\",\"position\":2,\"name\":\"Recherche\",\"item\":\"https:\/\/hrf-frs.com\/fr\/recherche\/\"},{\"@type\":\"ListItem\",\"position\":3,\"name\":\"Chaire de recherche sur la pr\u00e9paration aux pand\u00e9mies de la FRS\"}]},{\"@type\":\"WebSite\",\"@id\":\"https:\/\/hrf-frs.com\/fr\/#website\",\"url\":\"https:\/\/hrf-frs.com\/fr\/\",\"name\":\"Health Research Foundation\",\"description\":\"Transforming Canadians\u2019 lives\",\"potentialAction\":[{\"@type\":\"SearchAction\",\"target\":{\"@type\":\"EntryPoint\",\"urlTemplate\":\"https:\/\/hrf-frs.com\/fr\/?s={search_term_string}\"},\"query-input\":{\"@type\":\"PropertyValueSpecification\",\"valueRequired\":true,\"valueName\":\"search_term_string\"}}],\"inLanguage\":\"fr-FR\"}]}<\/script>\n<!-- \/ Yoast SEO plugin. -->","yoast_head_json":{"title":"Chaire de recherche sur la pr\u00e9paration aux pand\u00e9mies de la FRS - Health Research Foundation","robots":{"index":"index","follow":"follow","max-snippet":"max-snippet:-1","max-image-preview":"max-image-preview:large","max-video-preview":"max-video-preview:-1"},"canonical":"https:\/\/hrf-frs.com\/fr\/recherche\/chaire-de-recherche-sur-la-preparation-aux-pandemies-de-la-frs\/","og_locale":"fr_FR","og_type":"article","og_title":"Chaire de recherche sur la pr\u00e9paration aux pand\u00e9mies de la FRS - Health Research Foundation","og_description":"Remise au Dr\u00a0Srinivas Murthy, professeur clinicien agr\u00e9g\u00e9, d\u00e9partement de p\u00e9diatrie, facult\u00e9 de m\u00e9decine, Universit\u00e9 de Colombie-Britannique","og_url":"https:\/\/hrf-frs.com\/fr\/recherche\/chaire-de-recherche-sur-la-preparation-aux-pandemies-de-la-frs\/","og_site_name":"Health Research Foundation","article_modified_time":"2025-04-08T21:23:40+00:00","og_image":[{"width":1920,"height":1280,"url":"https:\/\/hrf-frs.com\/wp-content\/uploads\/sites\/2\/2025\/04\/research-chair-in-pandemic-preparedness-hero.jpg","type":"image\/jpeg"}],"twitter_card":"summary_large_image","twitter_misc":{"Dur\u00e9e de lecture estim\u00e9e":"1 minute"},"schema":{"@context":"https:\/\/schema.org","@graph":[{"@type":"WebPage","@id":"https:\/\/hrf-frs.com\/fr\/recherche\/chaire-de-recherche-sur-la-preparation-aux-pandemies-de-la-frs\/","url":"https:\/\/hrf-frs.com\/fr\/recherche\/chaire-de-recherche-sur-la-preparation-aux-pandemies-de-la-frs\/","name":"Chaire de recherche sur la pr\u00e9paration aux pand\u00e9mies de la FRS - Health Research Foundation","isPartOf":{"@id":"https:\/\/hrf-frs.com\/fr\/#website"},"primaryImageOfPage":{"@id":"https:\/\/hrf-frs.com\/fr\/recherche\/chaire-de-recherche-sur-la-preparation-aux-pandemies-de-la-frs\/#primaryimage"},"image":{"@id":"https:\/\/hrf-frs.com\/fr\/recherche\/chaire-de-recherche-sur-la-preparation-aux-pandemies-de-la-frs\/#primaryimage"},"thumbnailUrl":"https:\/\/hrf-frs.com\/wp-content\/uploads\/sites\/2\/2025\/04\/research-chair-in-pandemic-preparedness-hero.jpg","datePublished":"2023-08-24T13:03:00+00:00","dateModified":"2025-04-08T21:23:40+00:00","breadcrumb":{"@id":"https:\/\/hrf-frs.com\/fr\/recherche\/chaire-de-recherche-sur-la-preparation-aux-pandemies-de-la-frs\/#breadcrumb"},"inLanguage":"fr-FR","potentialAction":[{"@type":"ReadAction","target":["https:\/\/hrf-frs.com\/fr\/recherche\/chaire-de-recherche-sur-la-preparation-aux-pandemies-de-la-frs\/"]}]},{"@type":"ImageObject","inLanguage":"fr-FR","@id":"https:\/\/hrf-frs.com\/fr\/recherche\/chaire-de-recherche-sur-la-preparation-aux-pandemies-de-la-frs\/#primaryimage","url":"https:\/\/hrf-frs.com\/wp-content\/uploads\/sites\/2\/2025\/04\/research-chair-in-pandemic-preparedness-hero.jpg","contentUrl":"https:\/\/hrf-frs.com\/wp-content\/uploads\/sites\/2\/2025\/04\/research-chair-in-pandemic-preparedness-hero.jpg","width":1920,"height":1280},{"@type":"BreadcrumbList","@id":"https:\/\/hrf-frs.com\/fr\/recherche\/chaire-de-recherche-sur-la-preparation-aux-pandemies-de-la-frs\/#breadcrumb","itemListElement":[{"@type":"ListItem","position":1,"name":"Home","item":"https:\/\/hrf-frs.com\/fr\/"},{"@type":"ListItem","position":2,"name":"Recherche","item":"https:\/\/hrf-frs.com\/fr\/recherche\/"},{"@type":"ListItem","position":3,"name":"Chaire de recherche sur la pr\u00e9paration aux pand\u00e9mies de la FRS"}]},{"@type":"WebSite","@id":"https:\/\/hrf-frs.com\/fr\/#website","url":"https:\/\/hrf-frs.com\/fr\/","name":"Health Research Foundation","description":"Transforming Canadians\u2019 lives","potentialAction":[{"@type":"SearchAction","target":{"@type":"EntryPoint","urlTemplate":"https:\/\/hrf-frs.com\/fr\/?s={search_term_string}"},"query-input":{"@type":"PropertyValueSpecification","valueRequired":true,"valueName":"search_term_string"}}],"inLanguage":"fr-FR"}]}},"_links":{"self":[{"href":"https:\/\/hrf-frs.com\/fr\/wp-json\/wp\/v2\/pages\/358","targetHints":{"allow":["GET"]}}],"collection":[{"href":"https:\/\/hrf-frs.com\/fr\/wp-json\/wp\/v2\/pages"}],"about":[{"href":"https:\/\/hrf-frs.com\/fr\/wp-json\/wp\/v2\/types\/page"}],"author":[{"embeddable":true,"href":"https:\/\/hrf-frs.com\/fr\/wp-json\/wp\/v2\/users\/1"}],"replies":[{"embeddable":true,"href":"https:\/\/hrf-frs.com\/fr\/wp-json\/wp\/v2\/comments?post=358"}],"version-history":[{"count":1,"href":"https:\/\/hrf-frs.com\/fr\/wp-json\/wp\/v2\/pages\/358\/revisions"}],"predecessor-version":[{"id":359,"href":"https:\/\/hrf-frs.com\/fr\/wp-json\/wp\/v2\/pages\/358\/revisions\/359"}],"up":[{"embeddable":true,"href":"https:\/\/hrf-frs.com\/fr\/wp-json\/wp\/v2\/pages\/342"}],"wp:featuredmedia":[{"embeddable":true,"href":"https:\/\/hrf-frs.com\/fr\/wp-json\/wp\/v2\/media\/200"}],"wp:attachment":[{"href":"https:\/\/hrf-frs.com\/fr\/wp-json\/wp\/v2\/media?parent=358"}],"curies":[{"name":"wp","href":"https:\/\/api.w.org\/{rel}","templated":true}]}}