{"id":352,"date":"2023-10-05T12:55:00","date_gmt":"2023-10-05T12:55:00","guid":{"rendered":"https:\/\/hrf-frs.com\/fondation-pour-la-recherche-en-sante\/recherche\/subvention-dequipe-pour-la-recherche-en-soins-virtuels-de-la-frs\/"},"modified":"2025-04-08T21:23:38","modified_gmt":"2025-04-08T21:23:38","slug":"subvention-dequipe-pour-la-recherche-en-soins-virtuels-de-la-frs","status":"publish","type":"page","link":"https:\/\/hrf-frs.com\/fr\/recherche\/subvention-dequipe-pour-la-recherche-en-soins-virtuels-de-la-frs\/","title":{"rendered":"Subvention d\u2019\u00e9quipe pour la recherche en soins virtuels de la FRS"},"content":{"rendered":"\n<div class=\"wp-block-cover alignfull is-light has-custom-content-position is-position-bottom-left hero tall\"><span aria-hidden=\"true\" class=\"wp-block-cover__background has-background-dim wp-block-cover__gradient-background has-background-gradient\" style=\"background:linear-gradient(360deg,#000000CB 0%,#00000033 100%)\"><\/span><img decoding=\"async\" class=\"wp-block-cover__image-background wp-image-15802\" alt=\"\" src=\"https:\/\/hrf-frs.com\/wp-content\/uploads\/sites\/2\/2025\/04\/MeganMacPherson_20190617_A0A9010.jpeg\" style=\"object-position:51% 36%\" data-object-fit=\"cover\" data-object-position=\"51% 36%\"\/><div class=\"wp-block-cover__inner-container is-layout-flow wp-block-cover-is-layout-flow\">\n<div class=\"wp-block-group\"><div class=\"wp-block-group__inner-container is-layout-flow wp-block-group-is-layout-flow\">\n<h2 class=\"wp-block-heading eyebrow crumb has-cyan-color has-text-color\"><a href=\"\/fr\/fondation-pour-la-recherche-en-sante\/recherche\/\">recherche<\/a> <\/h2>\n\n\n\n<h2 class=\"wp-block-heading eyebrow crumb has-white-color has-text-color\">\/<\/h2>\n\n\n<h1 class=\"wp-block-post-title has-text-color has-white-color\">Subvention d\u2019\u00e9quipe pour la recherche en soins virtuels de la FRS<\/h1>\n\n\n<p class=\"h4 has-white-color has-text-color\">Remise \u00e0 la D<sup>re<\/sup>&nbsp;Megan MacPherson, responsable de la pratique r\u00e9gionale pour la recherche et l\u2019application des connaissances en sant\u00e9 virtuelle \u00e0 Fraser&nbsp;Health, en Colombie-Britannique<\/p>\n<\/div><\/div>\n<\/div><\/div>\n\n\n\n<div class=\"wp-block-group\"><div class=\"wp-block-group__inner-container is-layout-constrained wp-block-group-is-layout-constrained\">\n<div class=\"wp-block-group\"><div class=\"wp-block-group__inner-container is-layout-constrained wp-block-group-is-layout-constrained\">\n<h2 class=\"wp-block-heading\"><strong><\/strong><strong>Aper\u00e7u de la recherche<\/strong><\/h2>\n\n\n\n<div class=\"wp-block-columns is-layout-flex wp-container-core-columns-is-layout-9d6595d7 wp-block-columns-is-layout-flex\">\n<div class=\"wp-block-column is-layout-flow wp-block-column-is-layout-flow\" style=\"flex-basis:33.33%\">\n<figure class=\"wp-block-image size-large\"><img decoding=\"async\" src=\"https:\/\/hrf-frs.com\/wp-content\/uploads\/sites\/2\/2025\/04\/Headshot_MacPhersonMegan-1024x740.jpeg\" alt=\"\" class=\"wp-image-15820\"\/><\/figure>\n<\/div>\n\n\n\n<div class=\"wp-block-column is-layout-flow wp-block-column-is-layout-flow\" style=\"flex-basis:66.66%\">\n<p>Ce projet de recherche vise \u00e0 am\u00e9liorer l\u2019acc\u00e8s aux soins de sant\u00e9 pour les personnes \u00e2g\u00e9es sous-repr\u00e9sent\u00e9es au Canada en \u00e9tudiant l\u2019utilisation de la messagerie virtuelle (p.&nbsp;ex., messages textes, courriels) dans les milieux de soins de sant\u00e9. Compte tenu du vieillissement de la population au Canada, il est essentiel de s\u2019attaquer aux disparit\u00e9s en mati\u00e8re d\u2019acc\u00e8s aux soins de sant\u00e9. L\u2019adoption accrue des soins virtuels pendant la pand\u00e9mie de COVID-19 a mis en lumi\u00e8re le potentiel \u00e9vident de la messagerie virtuelle pour soutenir la prestation des soins de sant\u00e9 et r\u00e9duire les in\u00e9galit\u00e9s en mati\u00e8re de sant\u00e9. Cependant, on ne comprend pas encore bien comment la messagerie virtuelle peut servir efficacement les personnes \u00e2g\u00e9es, en particulier celles qui sont issues de la diversit\u00e9 ou qui vivent avec un handicap. Cette recherche comporte trois objectifs principaux&nbsp;: rassembler et r\u00e9sumer les r\u00e9sultats de recherches ant\u00e9rieures portant sur les exp\u00e9riences des patients sous-repr\u00e9sent\u00e9s avec les soins virtuels; examiner le mode de transmission des messages le plus efficace dans la r\u00e9gion sanitaire de Fraser, en Colombie-Britannique; et \u00e9laborer des politiques visant \u00e0 am\u00e9liorer la qualit\u00e9 des soins pour les personnes \u00e2g\u00e9es.<\/p>\n<\/div>\n<\/div>\n\n\n\n<blockquote class=\"wp-block-quote is-layout-flow wp-block-quote-is-layout-flow\">\n<p><strong><\/strong><strong>Nous voulons combler le foss\u00e9 de l\u2019acc\u00e8s aux soins de sant\u00e9 pour les personnes \u00e2g\u00e9es sous-repr\u00e9sent\u00e9es gr\u00e2ce \u00e0 la messagerie virtuelle. Notre but ultime est de contribuer \u00e0 la planification et \u00e0 la pr\u00e9paration du syst\u00e8me de sant\u00e9 canadien en veillant \u00e0 ce que les personnes \u00e2g\u00e9es, en particulier celles issues de la diversit\u00e9 ou vivant avec un handicap, re\u00e7oivent les soins qu\u2019elles m\u00e9ritent.<\/strong><\/p>\n<cite>Dr. Megan Macpherson<\/cite><\/blockquote>\n<\/div><\/div>\n\n\n\n<div class=\"wp-block-group\"><div class=\"wp-block-group__inner-container is-layout-constrained wp-block-group-is-layout-constrained\">\n<h2 class=\"wp-block-heading\"><strong><\/strong><strong>Applications concr\u00e8tes<\/strong><\/h2>\n\n\n\n<p>Cette recherche aura des retomb\u00e9es concr\u00e8tes importantes pour l\u2019am\u00e9lioration des syst\u00e8mes de sant\u00e9 au Canada, en particulier pour les personnes \u00e2g\u00e9es. En comprenant les pr\u00e9f\u00e9rences des personnes \u00e2g\u00e9es sous-repr\u00e9sent\u00e9es, les obstacles auxquels elles font face et les \u00e9l\u00e9ments qui peuvent faciliter leur adoption de la messagerie virtuelle, les fournisseurs de soins de sant\u00e9 peuvent adapter leurs strat\u00e9gies de communication pour en accro\u00eetre l\u2019inclusivit\u00e9 et l\u2019efficacit\u00e9. La recherche servira \u00e0 l\u2019\u00e9laboration de politiques et de lignes directrices favorisant un acc\u00e8s \u00e9quitable aux soins et appuyant l\u2019utilisation de la messagerie virtuelle dans les milieux de soins de sant\u00e9. Ces politiques peuvent comprendre des recommandations sur le contenu, le moment et la fr\u00e9quence des messages, afin que les personnes \u00e2g\u00e9es b\u00e9n\u00e9ficient du soutien et de la continuit\u00e9 des soins dont elles ont besoin. En outre, la recherche peut contribuer \u00e0 la formation sur les technologies et au soutien des membres de la famille, des aidants et du personnel qui prodiguent des soins aux personnes \u00e2g\u00e9es. En appliquant les r\u00e9sultats de la recherche, le syst\u00e8me de sant\u00e9 sera en mesure de mieux r\u00e9pondre aux besoins de la population vieillissante et aux d\u00e9fis auxquels elle fait face, am\u00e9liorant ainsi la sant\u00e9 des Canadiens et r\u00e9duisant les disparit\u00e9s en mati\u00e8re d\u2019acc\u00e8s aux soins de sant\u00e9.<\/p>\n<\/div><\/div>\n<\/div><\/div>\n\n\n\n<figure class=\"wp-block-embed is-type-video is-provider-youtube wp-block-embed-youtube wp-embed-aspect-16-9 wp-has-aspect-ratio\"><div class=\"wp-block-embed__wrapper\">\n<iframe loading=\"lazy\" title=\"Megan MacPherson PREAE 1REview1080compressed\" width=\"500\" height=\"281\" src=\"https:\/\/www.youtube.com\/embed\/IBZANGDnuoo?feature=oembed\" frameborder=\"0\" allow=\"accelerometer; autoplay; clipboard-write; encrypted-media; gyroscope; picture-in-picture; web-share\" referrerpolicy=\"strict-origin-when-cross-origin\" allowfullscreen><\/iframe>\n<\/div><\/figure>\n","protected":false},"excerpt":{"rendered":"<p>Remise \u00e0 la Dre\u00a0Megan MacPherson, responsable de la pratique r\u00e9gionale pour la recherche et l\u2019application des connaissances en sant\u00e9 virtuelle \u00e0 Fraser\u00a0Health, en Colombie-Britannique<\/p>\n","protected":false},"author":1,"featured_media":170,"parent":342,"menu_order":0,"comment_status":"closed","ping_status":"closed","template":"templates\/pages\/hrf-page.php","meta":{"_relevanssi_hide_post":"","_relevanssi_hide_content":"","_relevanssi_pin_for_all":"","_relevanssi_pin_keywords":"","_relevanssi_unpin_keywords":"","_relevanssi_related_keywords":"","_relevanssi_related_include_ids":"","_relevanssi_related_exclude_ids":"","_relevanssi_related_no_append":"","_relevanssi_related_not_related":"","_relevanssi_related_posts":"9178,9184,9192,9194,9196,9198","_relevanssi_noindex_reason":"","footnotes":""},"class_list":["post-352","page","type-page","status-publish","has-post-thumbnail","hentry"],"yoast_head":"<!-- This site is optimized with the Yoast SEO plugin v27.4 - https:\/\/yoast.com\/product\/yoast-seo-wordpress\/ -->\n<title>Subvention d\u2019\u00e9quipe pour la recherche en soins virtuels de la FRS - Health Research Foundation<\/title>\n<meta name=\"robots\" content=\"index, follow, max-snippet:-1, max-image-preview:large, max-video-preview:-1\" \/>\n<link rel=\"canonical\" href=\"https:\/\/hrf-frs.com\/fr\/recherche\/subvention-dequipe-pour-la-recherche-en-soins-virtuels-de-la-frs\/\" \/>\n<meta property=\"og:locale\" content=\"fr_FR\" \/>\n<meta property=\"og:type\" content=\"article\" \/>\n<meta property=\"og:title\" content=\"Subvention d\u2019\u00e9quipe pour la recherche en soins virtuels de la FRS - Health Research Foundation\" \/>\n<meta property=\"og:description\" content=\"Remise \u00e0 la Dre\u00a0Megan MacPherson, responsable de la pratique r\u00e9gionale pour la recherche et l\u2019application des connaissances en sant\u00e9 virtuelle \u00e0 Fraser\u00a0Health, en Colombie-Britannique\" \/>\n<meta property=\"og:url\" content=\"https:\/\/hrf-frs.com\/fr\/recherche\/subvention-dequipe-pour-la-recherche-en-soins-virtuels-de-la-frs\/\" \/>\n<meta property=\"og:site_name\" content=\"Health Research Foundation\" \/>\n<meta property=\"article:modified_time\" content=\"2025-04-08T21:23:38+00:00\" \/>\n<meta property=\"og:image\" content=\"https:\/\/hrf-frs.com\/wp-content\/uploads\/sites\/2\/2025\/04\/MeganMacPherson_20190617_A0A9010.jpeg\" \/>\n\t<meta property=\"og:image:width\" content=\"800\" \/>\n\t<meta property=\"og:image:height\" content=\"533\" \/>\n\t<meta property=\"og:image:type\" content=\"image\/jpeg\" \/>\n<meta name=\"twitter:card\" content=\"summary_large_image\" \/>\n<meta name=\"twitter:label1\" content=\"Dur\u00e9e de lecture estim\u00e9e\" \/>\n\t<meta name=\"twitter:data1\" content=\"3 minutes\" \/>\n<script type=\"application\/ld+json\" class=\"yoast-schema-graph\">{\"@context\":\"https:\\\/\\\/schema.org\",\"@graph\":[{\"@type\":\"WebPage\",\"@id\":\"https:\\\/\\\/hrf-frs.com\\\/fr\\\/recherche\\\/subvention-dequipe-pour-la-recherche-en-soins-virtuels-de-la-frs\\\/\",\"url\":\"https:\\\/\\\/hrf-frs.com\\\/fr\\\/recherche\\\/subvention-dequipe-pour-la-recherche-en-soins-virtuels-de-la-frs\\\/\",\"name\":\"Subvention d\u2019\u00e9quipe pour la recherche en soins virtuels de la FRS - Health Research Foundation\",\"isPartOf\":{\"@id\":\"https:\\\/\\\/hrf-frs.com\\\/fr\\\/#website\"},\"primaryImageOfPage\":{\"@id\":\"https:\\\/\\\/hrf-frs.com\\\/fr\\\/recherche\\\/subvention-dequipe-pour-la-recherche-en-soins-virtuels-de-la-frs\\\/#primaryimage\"},\"image\":{\"@id\":\"https:\\\/\\\/hrf-frs.com\\\/fr\\\/recherche\\\/subvention-dequipe-pour-la-recherche-en-soins-virtuels-de-la-frs\\\/#primaryimage\"},\"thumbnailUrl\":\"https:\\\/\\\/hrf-frs.com\\\/wp-content\\\/uploads\\\/sites\\\/2\\\/2025\\\/04\\\/MeganMacPherson_20190617_A0A9010.jpeg\",\"datePublished\":\"2023-10-05T12:55:00+00:00\",\"dateModified\":\"2025-04-08T21:23:38+00:00\",\"breadcrumb\":{\"@id\":\"https:\\\/\\\/hrf-frs.com\\\/fr\\\/recherche\\\/subvention-dequipe-pour-la-recherche-en-soins-virtuels-de-la-frs\\\/#breadcrumb\"},\"inLanguage\":\"fr-FR\",\"potentialAction\":[{\"@type\":\"ReadAction\",\"target\":[\"https:\\\/\\\/hrf-frs.com\\\/fr\\\/recherche\\\/subvention-dequipe-pour-la-recherche-en-soins-virtuels-de-la-frs\\\/\"]}]},{\"@type\":\"ImageObject\",\"inLanguage\":\"fr-FR\",\"@id\":\"https:\\\/\\\/hrf-frs.com\\\/fr\\\/recherche\\\/subvention-dequipe-pour-la-recherche-en-soins-virtuels-de-la-frs\\\/#primaryimage\",\"url\":\"https:\\\/\\\/hrf-frs.com\\\/wp-content\\\/uploads\\\/sites\\\/2\\\/2025\\\/04\\\/MeganMacPherson_20190617_A0A9010.jpeg\",\"contentUrl\":\"https:\\\/\\\/hrf-frs.com\\\/wp-content\\\/uploads\\\/sites\\\/2\\\/2025\\\/04\\\/MeganMacPherson_20190617_A0A9010.jpeg\",\"width\":800,\"height\":533},{\"@type\":\"BreadcrumbList\",\"@id\":\"https:\\\/\\\/hrf-frs.com\\\/fr\\\/recherche\\\/subvention-dequipe-pour-la-recherche-en-soins-virtuels-de-la-frs\\\/#breadcrumb\",\"itemListElement\":[{\"@type\":\"ListItem\",\"position\":1,\"name\":\"Home\",\"item\":\"https:\\\/\\\/hrf-frs.com\\\/fr\\\/\"},{\"@type\":\"ListItem\",\"position\":2,\"name\":\"Recherche\",\"item\":\"https:\\\/\\\/hrf-frs.com\\\/fr\\\/recherche\\\/\"},{\"@type\":\"ListItem\",\"position\":3,\"name\":\"Subvention d\u2019\u00e9quipe pour la recherche en soins virtuels de la FRS\"}]},{\"@type\":\"WebSite\",\"@id\":\"https:\\\/\\\/hrf-frs.com\\\/fr\\\/#website\",\"url\":\"https:\\\/\\\/hrf-frs.com\\\/fr\\\/\",\"name\":\"Health Research Foundation\",\"description\":\"Transforming Canadians\u2019 lives\",\"potentialAction\":[{\"@type\":\"SearchAction\",\"target\":{\"@type\":\"EntryPoint\",\"urlTemplate\":\"https:\\\/\\\/hrf-frs.com\\\/fr\\\/?s={search_term_string}\"},\"query-input\":{\"@type\":\"PropertyValueSpecification\",\"valueRequired\":true,\"valueName\":\"search_term_string\"}}],\"inLanguage\":\"fr-FR\"}]}<\/script>\n<!-- \/ Yoast SEO plugin. -->","yoast_head_json":{"title":"Subvention d\u2019\u00e9quipe pour la recherche en soins virtuels de la FRS - Health Research Foundation","robots":{"index":"index","follow":"follow","max-snippet":"max-snippet:-1","max-image-preview":"max-image-preview:large","max-video-preview":"max-video-preview:-1"},"canonical":"https:\/\/hrf-frs.com\/fr\/recherche\/subvention-dequipe-pour-la-recherche-en-soins-virtuels-de-la-frs\/","og_locale":"fr_FR","og_type":"article","og_title":"Subvention d\u2019\u00e9quipe pour la recherche en soins virtuels de la FRS - Health Research Foundation","og_description":"Remise \u00e0 la Dre\u00a0Megan MacPherson, responsable de la pratique r\u00e9gionale pour la recherche et l\u2019application des connaissances en sant\u00e9 virtuelle \u00e0 Fraser\u00a0Health, en Colombie-Britannique","og_url":"https:\/\/hrf-frs.com\/fr\/recherche\/subvention-dequipe-pour-la-recherche-en-soins-virtuels-de-la-frs\/","og_site_name":"Health Research Foundation","article_modified_time":"2025-04-08T21:23:38+00:00","og_image":[{"width":800,"height":533,"url":"https:\/\/hrf-frs.com\/wp-content\/uploads\/sites\/2\/2025\/04\/MeganMacPherson_20190617_A0A9010.jpeg","type":"image\/jpeg"}],"twitter_card":"summary_large_image","twitter_misc":{"Dur\u00e9e de lecture estim\u00e9e":"3 minutes"},"schema":{"@context":"https:\/\/schema.org","@graph":[{"@type":"WebPage","@id":"https:\/\/hrf-frs.com\/fr\/recherche\/subvention-dequipe-pour-la-recherche-en-soins-virtuels-de-la-frs\/","url":"https:\/\/hrf-frs.com\/fr\/recherche\/subvention-dequipe-pour-la-recherche-en-soins-virtuels-de-la-frs\/","name":"Subvention d\u2019\u00e9quipe pour la recherche en soins virtuels de la FRS - Health Research Foundation","isPartOf":{"@id":"https:\/\/hrf-frs.com\/fr\/#website"},"primaryImageOfPage":{"@id":"https:\/\/hrf-frs.com\/fr\/recherche\/subvention-dequipe-pour-la-recherche-en-soins-virtuels-de-la-frs\/#primaryimage"},"image":{"@id":"https:\/\/hrf-frs.com\/fr\/recherche\/subvention-dequipe-pour-la-recherche-en-soins-virtuels-de-la-frs\/#primaryimage"},"thumbnailUrl":"https:\/\/hrf-frs.com\/wp-content\/uploads\/sites\/2\/2025\/04\/MeganMacPherson_20190617_A0A9010.jpeg","datePublished":"2023-10-05T12:55:00+00:00","dateModified":"2025-04-08T21:23:38+00:00","breadcrumb":{"@id":"https:\/\/hrf-frs.com\/fr\/recherche\/subvention-dequipe-pour-la-recherche-en-soins-virtuels-de-la-frs\/#breadcrumb"},"inLanguage":"fr-FR","potentialAction":[{"@type":"ReadAction","target":["https:\/\/hrf-frs.com\/fr\/recherche\/subvention-dequipe-pour-la-recherche-en-soins-virtuels-de-la-frs\/"]}]},{"@type":"ImageObject","inLanguage":"fr-FR","@id":"https:\/\/hrf-frs.com\/fr\/recherche\/subvention-dequipe-pour-la-recherche-en-soins-virtuels-de-la-frs\/#primaryimage","url":"https:\/\/hrf-frs.com\/wp-content\/uploads\/sites\/2\/2025\/04\/MeganMacPherson_20190617_A0A9010.jpeg","contentUrl":"https:\/\/hrf-frs.com\/wp-content\/uploads\/sites\/2\/2025\/04\/MeganMacPherson_20190617_A0A9010.jpeg","width":800,"height":533},{"@type":"BreadcrumbList","@id":"https:\/\/hrf-frs.com\/fr\/recherche\/subvention-dequipe-pour-la-recherche-en-soins-virtuels-de-la-frs\/#breadcrumb","itemListElement":[{"@type":"ListItem","position":1,"name":"Home","item":"https:\/\/hrf-frs.com\/fr\/"},{"@type":"ListItem","position":2,"name":"Recherche","item":"https:\/\/hrf-frs.com\/fr\/recherche\/"},{"@type":"ListItem","position":3,"name":"Subvention d\u2019\u00e9quipe pour la recherche en soins virtuels de la FRS"}]},{"@type":"WebSite","@id":"https:\/\/hrf-frs.com\/fr\/#website","url":"https:\/\/hrf-frs.com\/fr\/","name":"Health Research Foundation","description":"Transforming Canadians\u2019 lives","potentialAction":[{"@type":"SearchAction","target":{"@type":"EntryPoint","urlTemplate":"https:\/\/hrf-frs.com\/fr\/?s={search_term_string}"},"query-input":{"@type":"PropertyValueSpecification","valueRequired":true,"valueName":"search_term_string"}}],"inLanguage":"fr-FR"}]}},"_links":{"self":[{"href":"https:\/\/hrf-frs.com\/fr\/wp-json\/wp\/v2\/pages\/352","targetHints":{"allow":["GET"]}}],"collection":[{"href":"https:\/\/hrf-frs.com\/fr\/wp-json\/wp\/v2\/pages"}],"about":[{"href":"https:\/\/hrf-frs.com\/fr\/wp-json\/wp\/v2\/types\/page"}],"author":[{"embeddable":true,"href":"https:\/\/hrf-frs.com\/fr\/wp-json\/wp\/v2\/users\/1"}],"replies":[{"embeddable":true,"href":"https:\/\/hrf-frs.com\/fr\/wp-json\/wp\/v2\/comments?post=352"}],"version-history":[{"count":1,"href":"https:\/\/hrf-frs.com\/fr\/wp-json\/wp\/v2\/pages\/352\/revisions"}],"predecessor-version":[{"id":353,"href":"https:\/\/hrf-frs.com\/fr\/wp-json\/wp\/v2\/pages\/352\/revisions\/353"}],"up":[{"embeddable":true,"href":"https:\/\/hrf-frs.com\/fr\/wp-json\/wp\/v2\/pages\/342"}],"wp:featuredmedia":[{"embeddable":true,"href":"https:\/\/hrf-frs.com\/fr\/wp-json\/wp\/v2\/media\/170"}],"wp:attachment":[{"href":"https:\/\/hrf-frs.com\/fr\/wp-json\/wp\/v2\/media?parent=352"}],"curies":[{"name":"wp","href":"https:\/\/api.w.org\/{rel}","templated":true}]}}