{"id":342,"date":"2023-07-14T14:21:30","date_gmt":"2023-07-14T14:21:30","guid":{"rendered":"https:\/\/hrf-frs.com\/fondation-pour-la-recherche-en-sante\/recherche\/"},"modified":"2025-08-20T18:19:56","modified_gmt":"2025-08-20T18:19:56","slug":"recherche","status":"publish","type":"page","link":"https:\/\/hrf-frs.com\/fr\/recherche\/","title":{"rendered":"Recherche"},"content":{"rendered":"\n<div class=\"wp-block-cover alignfull is-light has-custom-content-position is-position-bottom-left hero tall\"><span aria-hidden=\"true\" class=\"wp-block-cover__background has-background-dim wp-block-cover__gradient-background has-background-gradient\" style=\"background:linear-gradient(360deg,#000000CB 0%,#00000033 100%)\"><\/span><img decoding=\"async\" class=\"wp-block-cover__image-background wp-image-15465\" alt=\"\" src=\"https:\/\/hrf-frs.com\/wp-content\/uploads\/sites\/2\/2025\/04\/hrf-research-hero.jpeg\" data-object-fit=\"cover\"\/><div class=\"wp-block-cover__inner-container is-layout-flow wp-block-cover-is-layout-flow\">\n<div class=\"wp-block-group\"><div class=\"wp-block-group__inner-container is-layout-flow wp-block-group-is-layout-flow\"><h1 class=\"wp-block-post-title has-text-color has-white-color\">Recherche<\/h1>\n\n\n<p class=\"h4 has-white-color has-text-color\">Nous b\u00e9n\u00e9ficions tous de meilleurs r\u00e9sultats durables pour les patients et les syst\u00e8mes de sant\u00e9 canadiens.<\/p>\n<\/div><\/div>\n<\/div><\/div>\n\n\n\n<div id=\"intro\" class=\"wp-block-group\"><div class=\"wp-block-group__inner-container is-layout-flow wp-block-group-is-layout-flow\">\n<div class=\"wp-block-group\"><div class=\"wp-block-group__inner-container is-layout-constrained wp-block-group-is-layout-constrained\">\n<p>Au cours des 60&nbsp;derni\u00e8res ann\u00e9es, la Fondation pour la recherche en sant\u00e9 (FRS) a accord\u00e9 plus de 30&nbsp;millions de dollars \u00e0 plus de 1700&nbsp;chercheurs dans tout le Canada. Dans le cadre des projets de recherche qu\u2019elle finance, non seulement les chercheurs se penchent sur des solutions opportunes aux probl\u00e8mes qui ont une incidence sur le syst\u00e8me de sant\u00e9 canadien, mais ils analysent et \u00e9laborent aussi des mesures significatives pour prot\u00e9ger la population contre les crises sanitaires futures.<\/p>\n\n\n\n<p>Les projets ant\u00e9rieurs ont permis d\u2019\u00e9tudier les utilisations de l\u2019intelligence artificielle dans la d\u00e9tection pr\u00e9coce du cancer du poumon, de tirer des le\u00e7ons de la pand\u00e9mie de COVID-19 pour mieux r\u00e9agir aux pand\u00e9mies futures, et de soulever les probl\u00e8mes d\u2019\u00e9quit\u00e9 en mati\u00e8re de sant\u00e9 au pays.<\/p>\n\n\n\n<p>\u00c0 la FRS, nous envisageons un avenir o\u00f9 chaque Canadien b\u00e9n\u00e9ficie d\u2019un syst\u00e8me de sant\u00e9 de classe mondiale aliment\u00e9 par l\u2019innovation. Mais cela ne repose pas que sur la recherche de pointe. C\u2019est pourquoi nous nous effor\u00e7ons \u00e9galement de combler les lacunes du syst\u00e8me de sant\u00e9 canadien, d\u2019identifier les domaines de recherche prioritaires qui auront le plus d\u2019effet sur la population et de r\u00e9unir des universitaires, des partenaires et des chefs d\u2019entreprise canadiens de premier plan qui peuvent transmettre leurs id\u00e9es et collaborer pour favoriser l\u2019innovation.<\/p>\n\n\n\n<p>C\u2019est aussi la raison pour laquelle nous finan\u00e7ons des projets cibl\u00e9s \u00e0 l\u2019aide de strat\u00e9gies pluriannuelles. Notre priorit\u00e9 est de financer la recherche qui am\u00e9liorera manifestement l\u2019acc\u00e8s et les r\u00e9sultats, favorisera des solutions technologiques \u00e9volutives dans le domaine de la sant\u00e9 et, en fin de compte, rendra la recherche en sant\u00e9 plus pertinente pour la population.<\/p>\n\n\n\n<p>Notre nouvelle strat\u00e9gie s\u2019appuie sur l\u2019h\u00e9ritage de la recherche canadienne que nous finan\u00e7ons. D\u00e9couvrez ci-dessous comment nos chercheurs b\u00e2tissent une soci\u00e9t\u00e9 o\u00f9 chacun peut mener une vie plus longue, plus saine et plus \u00e9panouissante.<\/p>\n<\/div><\/div>\n<\/div><\/div>\n\n\n\n<div class=\"wp-block-group alignfull no-margin has-light-grey-background-color has-background\"><div class=\"wp-block-group__inner-container is-layout-flow wp-block-group-is-layout-flow\">\n<div class=\"wp-block-group\"><div class=\"wp-block-group__inner-container is-layout-constrained wp-block-group-is-layout-constrained\">\n<h2 class=\"wp-block-heading\">Nos contributions \u00e0 la recherche sur les syst\u00e8mes de sant\u00e9 canadiens<\/h2>\n<\/div><\/div>\n\n\n\n<div class=\"wp-block-group alignfull child-pages-group\"><div class=\"wp-block-group__inner-container is-layout-flow wp-block-group-is-layout-flow\">\n<div class=\"wp-block-group is-theme-coral child-page-container no-margin\"><div class=\"wp-block-group__inner-container is-layout-flow wp-block-group-is-layout-flow\"><div class=\"wp-block-cover alignwide page-excerpt child-page card linked-card has-custom-content-position is-position-bottom-left no-margin\">\n    <span class=\"wp-block-cover__gradient-background has-background-dim has-background-dim-100 has-background-gradient\" style=\"background:linear-gradient(0deg,rgb(0,0,0) 0%,rgba(0,0,0,0.03) 100%)\"><\/span>\n        <img loading=\"lazy\" decoding=\"async\" width=\"1024\" height=\"683\" src=\"https:\/\/hrf-frs.com\/wp-content\/uploads\/sites\/2\/2025\/04\/ai-patient-outcomes-hero-1024x683.jpg\" class=\"wp-block-cover__image-background wp-post-image\" alt=\"\" itemprop=\"image\" srcset=\"https:\/\/hrf-frs.com\/wp-content\/uploads\/sites\/2\/2025\/04\/ai-patient-outcomes-hero-1024x683.jpg 1024w, https:\/\/hrf-frs.com\/wp-content\/uploads\/sites\/2\/2025\/04\/ai-patient-outcomes-hero-300x200.jpg 300w, https:\/\/hrf-frs.com\/wp-content\/uploads\/sites\/2\/2025\/04\/ai-patient-outcomes-hero-768x512.jpg 768w, https:\/\/hrf-frs.com\/wp-content\/uploads\/sites\/2\/2025\/04\/ai-patient-outcomes-hero-1536x1024.jpg 1536w, https:\/\/hrf-frs.com\/wp-content\/uploads\/sites\/2\/2025\/04\/ai-patient-outcomes-hero.jpg 1920w\" sizes=\"auto, (max-width: 1024px) 100vw, 1024px\" \/>    <div class=\"wp-block-cover__inner-container\">\n        <h2 class=\"h5 has-white-color\">Bourse de recherche en sant\u00e9 de la FRS dans le domaine de l\u2019intelligence artificielle\u00a0: r\u00e9sultats des patients<\/h2>\n        <div class=\"has-smaller-font-size has-white-color\"><p>Remise \u00e0 Steven Hawken, Ph.\u00a0D., scientifique principal \u00e0 l\u2019Institut de recherche de l\u2019H\u00f4pital d\u2019Ottawa et professeur adjoint \u00e0 l\u2019\u00c9cole d\u2019\u00e9pid\u00e9miologie et de sant\u00e9 publique de l\u2019Universit\u00e9 d\u2019Ottawa<\/p>\n<\/div>\n\n        <div class=\"wp-block-buttons\">\n            <div class=\"wp-block-button\"><a class=\"wp-block-button__link has-black-color\" href=\"https:\/\/hrf-frs.com\/fr\/recherche\/bourse-de-recherche-en-sante-de-la-frs-dans-le-domaine-de-lintelligence-artificielle-resultats-des-patients\/\">En savoir plus<\/a><\/div>\n        <\/div>\n    <\/div>\n<\/div>\n\n<\/div><\/div>\n\n\n\n<div class=\"wp-block-group is-theme-teal child-page-container no-margin\"><div class=\"wp-block-group__inner-container is-layout-flow wp-block-group-is-layout-flow\"><div class=\"wp-block-cover alignwide page-excerpt child-page card linked-card has-custom-content-position is-position-bottom-left no-margin\">\n    <span class=\"wp-block-cover__gradient-background has-background-dim has-background-dim-100 has-background-gradient\" style=\"background:linear-gradient(0deg,rgb(0,0,0) 0%,rgba(0,0,0,0.03) 100%)\"><\/span>\n        <img loading=\"lazy\" decoding=\"async\" width=\"1024\" height=\"683\" src=\"https:\/\/hrf-frs.com\/wp-content\/uploads\/sites\/2\/2025\/04\/ai-health-systems-hero-1024x683.jpg\" class=\"wp-block-cover__image-background wp-post-image\" alt=\"\" itemprop=\"image\" srcset=\"https:\/\/hrf-frs.com\/wp-content\/uploads\/sites\/2\/2025\/04\/ai-health-systems-hero-1024x683.jpg 1024w, https:\/\/hrf-frs.com\/wp-content\/uploads\/sites\/2\/2025\/04\/ai-health-systems-hero-300x200.jpg 300w, https:\/\/hrf-frs.com\/wp-content\/uploads\/sites\/2\/2025\/04\/ai-health-systems-hero-768x512.jpg 768w, https:\/\/hrf-frs.com\/wp-content\/uploads\/sites\/2\/2025\/04\/ai-health-systems-hero-1536x1024.jpg 1536w, https:\/\/hrf-frs.com\/wp-content\/uploads\/sites\/2\/2025\/04\/ai-health-systems-hero.jpg 1920w\" sizes=\"auto, (max-width: 1024px) 100vw, 1024px\" \/>    <div class=\"wp-block-cover__inner-container\">\n        <h2 class=\"h5 has-white-color\">Bourse de recherche en sant\u00e9 de la Fondation pour la recherche en sant\u00e9 (FRS) dans le domaine de l\u2019intelligence artificielle\u00a0: viabilit\u00e9 des syst\u00e8mes de sant\u00e9<\/h2>\n        <div class=\"has-smaller-font-size has-white-color\"><p>Remise au Dr\u00a0Scott Adams, M.D., Ph.\u00a0D, FRCPC, d\u00e9partement d\u2019imagerie m\u00e9dicale de l\u2019Universit\u00e9 de la Saskatchewan et autorit\u00e9 sanitaire de la Saskatchewan<\/p>\n<\/div>\n\n        <div class=\"wp-block-buttons\">\n            <div class=\"wp-block-button\"><a class=\"wp-block-button__link has-black-color\" href=\"https:\/\/hrf-frs.com\/fr\/recherche\/bourse-de-recherche-en-sante-de-la-fondation-pour-la-recherche-en-sante-frs-dans-le-domaine-de-lintelligence-artificielle-viabilite-des-systemes-de-sante\/\">En savoir plus<\/a><\/div>\n        <\/div>\n    <\/div>\n<\/div>\n\n<\/div><\/div>\n\n\n\n<div class=\"wp-block-group is-theme-yellow child-page-container no-margin\"><div class=\"wp-block-group__inner-container is-layout-flow wp-block-group-is-layout-flow\"><div class=\"wp-block-cover alignwide page-excerpt child-page card linked-card has-custom-content-position is-position-bottom-left no-margin\">\n    <span class=\"wp-block-cover__gradient-background has-background-dim has-background-dim-100 has-background-gradient\" style=\"background:linear-gradient(0deg,rgb(0,0,0) 0%,rgba(0,0,0,0.03) 100%)\"><\/span>\n        <img loading=\"lazy\" decoding=\"async\" width=\"800\" height=\"533\" src=\"https:\/\/hrf-frs.com\/wp-content\/uploads\/sites\/2\/2025\/04\/MeganMacPherson_20190617_A0A9010.jpeg\" class=\"wp-block-cover__image-background wp-post-image\" alt=\"\" itemprop=\"image\" srcset=\"https:\/\/hrf-frs.com\/wp-content\/uploads\/sites\/2\/2025\/04\/MeganMacPherson_20190617_A0A9010.jpeg 800w, https:\/\/hrf-frs.com\/wp-content\/uploads\/sites\/2\/2025\/04\/MeganMacPherson_20190617_A0A9010-300x200.jpeg 300w, https:\/\/hrf-frs.com\/wp-content\/uploads\/sites\/2\/2025\/04\/MeganMacPherson_20190617_A0A9010-768x512.jpeg 768w\" sizes=\"auto, (max-width: 800px) 100vw, 800px\" \/>    <div class=\"wp-block-cover__inner-container\">\n        <h2 class=\"h5 has-white-color\">Subvention d\u2019\u00e9quipe pour la recherche en soins virtuels de la FRS<\/h2>\n        <div class=\"has-smaller-font-size has-white-color\"><p>Remise \u00e0 la Dre\u00a0Megan MacPherson, responsable de la pratique r\u00e9gionale pour la recherche et l\u2019application des connaissances en sant\u00e9 virtuelle \u00e0 Fraser\u00a0Health, en Colombie-Britannique<\/p>\n<\/div>\n\n        <div class=\"wp-block-buttons\">\n            <div class=\"wp-block-button\"><a class=\"wp-block-button__link has-black-color\" href=\"https:\/\/hrf-frs.com\/fr\/recherche\/subvention-dequipe-pour-la-recherche-en-soins-virtuels-de-la-frs\/\">En savoir plus<\/a><\/div>\n        <\/div>\n    <\/div>\n<\/div>\n\n<\/div><\/div>\n\n\n\n<div class=\"wp-block-group is-theme-green child-page-container no-margin\"><div class=\"wp-block-group__inner-container is-layout-flow wp-block-group-is-layout-flow\"><div class=\"wp-block-cover alignwide page-excerpt child-page card linked-card has-custom-content-position is-position-bottom-left no-margin\">\n    <span class=\"wp-block-cover__gradient-background has-background-dim has-background-dim-100 has-background-gradient\" style=\"background:linear-gradient(0deg,rgb(0,0,0) 0%,rgba(0,0,0,0.03) 100%)\"><\/span>\n        <img loading=\"lazy\" decoding=\"async\" width=\"1024\" height=\"683\" src=\"https:\/\/hrf-frs.com\/wp-content\/uploads\/sites\/2\/2025\/04\/health-systems-resilience-hero-1024x683.jpg\" class=\"wp-block-cover__image-background wp-post-image\" alt=\"\" itemprop=\"image\" srcset=\"https:\/\/hrf-frs.com\/wp-content\/uploads\/sites\/2\/2025\/04\/health-systems-resilience-hero-1024x683.jpg 1024w, https:\/\/hrf-frs.com\/wp-content\/uploads\/sites\/2\/2025\/04\/health-systems-resilience-hero-300x200.jpg 300w, https:\/\/hrf-frs.com\/wp-content\/uploads\/sites\/2\/2025\/04\/health-systems-resilience-hero-768x512.jpg 768w, https:\/\/hrf-frs.com\/wp-content\/uploads\/sites\/2\/2025\/04\/health-systems-resilience-hero-1536x1024.jpg 1536w, https:\/\/hrf-frs.com\/wp-content\/uploads\/sites\/2\/2025\/04\/health-systems-resilience-hero.jpg 1920w\" sizes=\"auto, (max-width: 1024px) 100vw, 1024px\" \/>    <div class=\"wp-block-cover__inner-container\">\n        <h2 class=\"h5 has-white-color\">Bourse de recherche de la FRS dans le domaine de la r\u00e9silience des syst\u00e8mes de sant\u00e9<\/h2>\n        <div class=\"has-smaller-font-size has-white-color\"><p>Remise \u00e0 Brianne Wood, Ph.\u00a0D., chercheuse associ\u00e9e \u00e0 l\u2019\u00c9cole de m\u00e9decine du Nord de l\u2019Ontario et au Centre r\u00e9gional des sciences de la sant\u00e9 de Thunder\u00a0Bay<\/p>\n<\/div>\n\n        <div class=\"wp-block-buttons\">\n            <div class=\"wp-block-button\"><a class=\"wp-block-button__link has-black-color\" href=\"https:\/\/hrf-frs.com\/fr\/recherche\/bourse-de-recherche-de-la-frs-dans-le-domaine-de-la-resilience-des-systemes-de-sante\/\">En savoir plus<\/a><\/div>\n        <\/div>\n    <\/div>\n<\/div>\n\n<\/div><\/div>\n\n\n\n<div class=\"wp-block-group is-theme-cyan child-page-container no-margin\"><div class=\"wp-block-group__inner-container is-layout-flow wp-block-group-is-layout-flow\"><div class=\"wp-block-cover alignwide page-excerpt child-page card linked-card has-custom-content-position is-position-bottom-left no-margin\">\n    <span class=\"wp-block-cover__gradient-background has-background-dim has-background-dim-100 has-background-gradient\" style=\"background:linear-gradient(0deg,rgb(0,0,0) 0%,rgba(0,0,0,0.03) 100%)\"><\/span>\n        <img loading=\"lazy\" decoding=\"async\" width=\"1024\" height=\"683\" src=\"https:\/\/hrf-frs.com\/wp-content\/uploads\/sites\/2\/2025\/04\/research-chair-in-pandemic-preparedness-hero-1024x683.jpg\" class=\"wp-block-cover__image-background wp-post-image\" alt=\"\" itemprop=\"image\" srcset=\"https:\/\/hrf-frs.com\/wp-content\/uploads\/sites\/2\/2025\/04\/research-chair-in-pandemic-preparedness-hero-1024x683.jpg 1024w, https:\/\/hrf-frs.com\/wp-content\/uploads\/sites\/2\/2025\/04\/research-chair-in-pandemic-preparedness-hero-300x200.jpg 300w, https:\/\/hrf-frs.com\/wp-content\/uploads\/sites\/2\/2025\/04\/research-chair-in-pandemic-preparedness-hero-768x512.jpg 768w, https:\/\/hrf-frs.com\/wp-content\/uploads\/sites\/2\/2025\/04\/research-chair-in-pandemic-preparedness-hero-1536x1024.jpg 1536w, https:\/\/hrf-frs.com\/wp-content\/uploads\/sites\/2\/2025\/04\/research-chair-in-pandemic-preparedness-hero.jpg 1920w\" sizes=\"auto, (max-width: 1024px) 100vw, 1024px\" \/>    <div class=\"wp-block-cover__inner-container\">\n        <h2 class=\"h5 has-white-color\">Chaire de recherche sur la pr\u00e9paration aux pand\u00e9mies de la FRS<\/h2>\n        <div class=\"has-smaller-font-size has-white-color\"><p>Remise au Dr\u00a0Srinivas Murthy, professeur clinicien agr\u00e9g\u00e9, d\u00e9partement de p\u00e9diatrie, facult\u00e9 de m\u00e9decine, Universit\u00e9 de Colombie-Britannique<\/p>\n<\/div>\n\n        <div class=\"wp-block-buttons\">\n            <div class=\"wp-block-button\"><a class=\"wp-block-button__link has-black-color\" href=\"https:\/\/hrf-frs.com\/fr\/recherche\/chaire-de-recherche-sur-la-preparation-aux-pandemies-de-la-frs\/\">En savoir plus<\/a><\/div>\n        <\/div>\n    <\/div>\n<\/div>\n\n<\/div><\/div>\n<\/div><\/div>\n<\/div><\/div>\n","protected":false},"excerpt":{"rendered":"<p>Nous b\u00e9n\u00e9ficions tous de meilleurs r\u00e9sultats durables pour les patients et les syst\u00e8mes de sant\u00e9<br \/>\ncanadiens.<\/p>\n","protected":false},"author":1,"featured_media":97,"parent":0,"menu_order":0,"comment_status":"closed","ping_status":"closed","template":"templates\/pages\/hrf-page.php","meta":{"_relevanssi_hide_post":"","_relevanssi_hide_content":"","_relevanssi_pin_for_all":"","_relevanssi_pin_keywords":"","_relevanssi_unpin_keywords":"","_relevanssi_related_keywords":"","_relevanssi_related_include_ids":"","_relevanssi_related_exclude_ids":"","_relevanssi_related_no_append":"","_relevanssi_related_not_related":"","_relevanssi_related_posts":"9178,9184,9192,9194,9196,9198","_relevanssi_noindex_reason":"","footnotes":""},"class_list":["post-342","page","type-page","status-publish","has-post-thumbnail","hentry"],"yoast_head":"<!-- This site is optimized with the Yoast SEO plugin v27.4 - https:\/\/yoast.com\/product\/yoast-seo-wordpress\/ -->\n<title>Recherche - Health Research Foundation<\/title>\n<meta name=\"robots\" content=\"index, follow, max-snippet:-1, max-image-preview:large, max-video-preview:-1\" \/>\n<link rel=\"canonical\" href=\"https:\/\/hrf-frs.com\/fr\/recherche\/\" \/>\n<meta property=\"og:locale\" content=\"fr_FR\" \/>\n<meta property=\"og:type\" content=\"article\" \/>\n<meta property=\"og:title\" content=\"Recherche - Health Research Foundation\" \/>\n<meta property=\"og:description\" content=\"Nous b\u00e9n\u00e9ficions tous de meilleurs r\u00e9sultats durables pour les patients et les syst\u00e8mes de sant\u00e9 canadiens.\" \/>\n<meta property=\"og:url\" content=\"https:\/\/hrf-frs.com\/fr\/recherche\/\" \/>\n<meta property=\"og:site_name\" content=\"Health Research Foundation\" \/>\n<meta property=\"article:modified_time\" content=\"2025-08-20T18:19:56+00:00\" \/>\n<meta property=\"og:image\" content=\"https:\/\/hrf-frs.com\/wp-content\/uploads\/sites\/2\/2025\/04\/hrf-research-hero.jpeg\" \/>\n\t<meta property=\"og:image:width\" content=\"1920\" \/>\n\t<meta property=\"og:image:height\" content=\"1280\" \/>\n\t<meta property=\"og:image:type\" content=\"image\/jpeg\" \/>\n<meta name=\"twitter:card\" content=\"summary_large_image\" \/>\n<meta name=\"twitter:label1\" content=\"Dur\u00e9e de lecture estim\u00e9e\" \/>\n\t<meta name=\"twitter:data1\" content=\"2 minutes\" \/>\n<script type=\"application\/ld+json\" class=\"yoast-schema-graph\">{\"@context\":\"https:\\\/\\\/schema.org\",\"@graph\":[{\"@type\":\"WebPage\",\"@id\":\"https:\\\/\\\/hrf-frs.com\\\/fr\\\/recherche\\\/\",\"url\":\"https:\\\/\\\/hrf-frs.com\\\/fr\\\/recherche\\\/\",\"name\":\"Recherche - Health Research Foundation\",\"isPartOf\":{\"@id\":\"https:\\\/\\\/hrf-frs.com\\\/fr\\\/#website\"},\"primaryImageOfPage\":{\"@id\":\"https:\\\/\\\/hrf-frs.com\\\/fr\\\/recherche\\\/#primaryimage\"},\"image\":{\"@id\":\"https:\\\/\\\/hrf-frs.com\\\/fr\\\/recherche\\\/#primaryimage\"},\"thumbnailUrl\":\"https:\\\/\\\/hrf-frs.com\\\/wp-content\\\/uploads\\\/sites\\\/2\\\/2025\\\/04\\\/hrf-research-hero.jpeg\",\"datePublished\":\"2023-07-14T14:21:30+00:00\",\"dateModified\":\"2025-08-20T18:19:56+00:00\",\"breadcrumb\":{\"@id\":\"https:\\\/\\\/hrf-frs.com\\\/fr\\\/recherche\\\/#breadcrumb\"},\"inLanguage\":\"fr-FR\",\"potentialAction\":[{\"@type\":\"ReadAction\",\"target\":[\"https:\\\/\\\/hrf-frs.com\\\/fr\\\/recherche\\\/\"]}]},{\"@type\":\"ImageObject\",\"inLanguage\":\"fr-FR\",\"@id\":\"https:\\\/\\\/hrf-frs.com\\\/fr\\\/recherche\\\/#primaryimage\",\"url\":\"https:\\\/\\\/hrf-frs.com\\\/wp-content\\\/uploads\\\/sites\\\/2\\\/2025\\\/04\\\/hrf-research-hero.jpeg\",\"contentUrl\":\"https:\\\/\\\/hrf-frs.com\\\/wp-content\\\/uploads\\\/sites\\\/2\\\/2025\\\/04\\\/hrf-research-hero.jpeg\",\"width\":1920,\"height\":1280},{\"@type\":\"BreadcrumbList\",\"@id\":\"https:\\\/\\\/hrf-frs.com\\\/fr\\\/recherche\\\/#breadcrumb\",\"itemListElement\":[{\"@type\":\"ListItem\",\"position\":1,\"name\":\"Home\",\"item\":\"https:\\\/\\\/hrf-frs.com\\\/fr\\\/\"},{\"@type\":\"ListItem\",\"position\":2,\"name\":\"Recherche\"}]},{\"@type\":\"WebSite\",\"@id\":\"https:\\\/\\\/hrf-frs.com\\\/fr\\\/#website\",\"url\":\"https:\\\/\\\/hrf-frs.com\\\/fr\\\/\",\"name\":\"Health Research Foundation\",\"description\":\"Transforming Canadians\u2019 lives\",\"potentialAction\":[{\"@type\":\"SearchAction\",\"target\":{\"@type\":\"EntryPoint\",\"urlTemplate\":\"https:\\\/\\\/hrf-frs.com\\\/fr\\\/?s={search_term_string}\"},\"query-input\":{\"@type\":\"PropertyValueSpecification\",\"valueRequired\":true,\"valueName\":\"search_term_string\"}}],\"inLanguage\":\"fr-FR\"}]}<\/script>\n<!-- \/ Yoast SEO plugin. -->","yoast_head_json":{"title":"Recherche - Health Research Foundation","robots":{"index":"index","follow":"follow","max-snippet":"max-snippet:-1","max-image-preview":"max-image-preview:large","max-video-preview":"max-video-preview:-1"},"canonical":"https:\/\/hrf-frs.com\/fr\/recherche\/","og_locale":"fr_FR","og_type":"article","og_title":"Recherche - Health Research Foundation","og_description":"Nous b\u00e9n\u00e9ficions tous de meilleurs r\u00e9sultats durables pour les patients et les syst\u00e8mes de sant\u00e9 canadiens.","og_url":"https:\/\/hrf-frs.com\/fr\/recherche\/","og_site_name":"Health Research Foundation","article_modified_time":"2025-08-20T18:19:56+00:00","og_image":[{"width":1920,"height":1280,"url":"https:\/\/hrf-frs.com\/wp-content\/uploads\/sites\/2\/2025\/04\/hrf-research-hero.jpeg","type":"image\/jpeg"}],"twitter_card":"summary_large_image","twitter_misc":{"Dur\u00e9e de lecture estim\u00e9e":"2 minutes"},"schema":{"@context":"https:\/\/schema.org","@graph":[{"@type":"WebPage","@id":"https:\/\/hrf-frs.com\/fr\/recherche\/","url":"https:\/\/hrf-frs.com\/fr\/recherche\/","name":"Recherche - Health Research Foundation","isPartOf":{"@id":"https:\/\/hrf-frs.com\/fr\/#website"},"primaryImageOfPage":{"@id":"https:\/\/hrf-frs.com\/fr\/recherche\/#primaryimage"},"image":{"@id":"https:\/\/hrf-frs.com\/fr\/recherche\/#primaryimage"},"thumbnailUrl":"https:\/\/hrf-frs.com\/wp-content\/uploads\/sites\/2\/2025\/04\/hrf-research-hero.jpeg","datePublished":"2023-07-14T14:21:30+00:00","dateModified":"2025-08-20T18:19:56+00:00","breadcrumb":{"@id":"https:\/\/hrf-frs.com\/fr\/recherche\/#breadcrumb"},"inLanguage":"fr-FR","potentialAction":[{"@type":"ReadAction","target":["https:\/\/hrf-frs.com\/fr\/recherche\/"]}]},{"@type":"ImageObject","inLanguage":"fr-FR","@id":"https:\/\/hrf-frs.com\/fr\/recherche\/#primaryimage","url":"https:\/\/hrf-frs.com\/wp-content\/uploads\/sites\/2\/2025\/04\/hrf-research-hero.jpeg","contentUrl":"https:\/\/hrf-frs.com\/wp-content\/uploads\/sites\/2\/2025\/04\/hrf-research-hero.jpeg","width":1920,"height":1280},{"@type":"BreadcrumbList","@id":"https:\/\/hrf-frs.com\/fr\/recherche\/#breadcrumb","itemListElement":[{"@type":"ListItem","position":1,"name":"Home","item":"https:\/\/hrf-frs.com\/fr\/"},{"@type":"ListItem","position":2,"name":"Recherche"}]},{"@type":"WebSite","@id":"https:\/\/hrf-frs.com\/fr\/#website","url":"https:\/\/hrf-frs.com\/fr\/","name":"Health Research Foundation","description":"Transforming Canadians\u2019 lives","potentialAction":[{"@type":"SearchAction","target":{"@type":"EntryPoint","urlTemplate":"https:\/\/hrf-frs.com\/fr\/?s={search_term_string}"},"query-input":{"@type":"PropertyValueSpecification","valueRequired":true,"valueName":"search_term_string"}}],"inLanguage":"fr-FR"}]}},"_links":{"self":[{"href":"https:\/\/hrf-frs.com\/fr\/wp-json\/wp\/v2\/pages\/342","targetHints":{"allow":["GET"]}}],"collection":[{"href":"https:\/\/hrf-frs.com\/fr\/wp-json\/wp\/v2\/pages"}],"about":[{"href":"https:\/\/hrf-frs.com\/fr\/wp-json\/wp\/v2\/types\/page"}],"author":[{"embeddable":true,"href":"https:\/\/hrf-frs.com\/fr\/wp-json\/wp\/v2\/users\/1"}],"replies":[{"embeddable":true,"href":"https:\/\/hrf-frs.com\/fr\/wp-json\/wp\/v2\/comments?post=342"}],"version-history":[{"count":3,"href":"https:\/\/hrf-frs.com\/fr\/wp-json\/wp\/v2\/pages\/342\/revisions"}],"predecessor-version":[{"id":809,"href":"https:\/\/hrf-frs.com\/fr\/wp-json\/wp\/v2\/pages\/342\/revisions\/809"}],"wp:featuredmedia":[{"embeddable":true,"href":"https:\/\/hrf-frs.com\/fr\/wp-json\/wp\/v2\/media\/97"}],"wp:attachment":[{"href":"https:\/\/hrf-frs.com\/fr\/wp-json\/wp\/v2\/media?parent=342"}],"curies":[{"name":"wp","href":"https:\/\/api.w.org\/{rel}","templated":true}]}}