{"id":339,"date":"2023-07-14T14:22:04","date_gmt":"2023-07-14T14:22:04","guid":{"rendered":"https:\/\/hrf-frs.com\/bourse-de-recherche-en-sante-de-la-fondation-pour-la-recherche-en-sante-frs-dans-le-domaine-de-lintelligence-artificielle-viabilite-des-systemes-de-sante\/"},"modified":"2025-04-08T21:24:14","modified_gmt":"2025-04-08T21:24:14","slug":"bourse-de-recherche-en-sante-de-la-fondation-pour-la-recherche-en-sante-frs-dans-le-domaine-de-lintelligence-artificielle-viabilite-des-systemes-de-sante","status":"publish","type":"page","link":"https:\/\/hrf-frs.com\/fr\/recherche\/bourse-de-recherche-en-sante-de-la-fondation-pour-la-recherche-en-sante-frs-dans-le-domaine-de-lintelligence-artificielle-viabilite-des-systemes-de-sante\/","title":{"rendered":"Bourse de recherche en sant\u00e9 de la Fondation pour la recherche en sant\u00e9 (FRS) dans le domaine de l\u2019intelligence artificielle\u00a0: viabilit\u00e9 des syst\u00e8mes de sant\u00e9"},"content":{"rendered":"\n<div class=\"wp-block-cover alignfull has-custom-content-position is-position-bottom-left hero tall\"><span aria-hidden=\"true\" class=\"wp-block-cover__background has-background-dim wp-block-cover__gradient-background has-background-gradient\" style=\"background:linear-gradient(360deg,#000000CB 0%,#00000033 100%)\"><\/span><img decoding=\"async\" class=\"wp-block-cover__image-background wp-image-15792\" alt=\"\" src=\"https:\/\/hrf-frs.com\/wp-content\/uploads\/sites\/2\/2025\/04\/ai-health-systems-hero.jpg\" data-object-fit=\"cover\"\/><div class=\"wp-block-cover__inner-container is-layout-flow wp-block-cover-is-layout-flow\">\n<div class=\"wp-block-group\"><div class=\"wp-block-group__inner-container is-layout-flow wp-block-group-is-layout-flow\">\n<h2 class=\"wp-block-heading eyebrow crumb has-cyan-color has-text-color\"><a href=\"\/fr\/fondation-pour-la-recherche-en-sante\/recherche\/\">recherche<\/a> <\/h2>\n\n\n\n<h2 class=\"wp-block-heading eyebrow crumb has-white-color has-text-color\">\/<\/h2>\n\n\n<h1 class=\"wp-block-post-title has-text-color has-white-color\">Bourse de recherche en sant\u00e9 de la Fondation pour la recherche en sant\u00e9 (FRS) dans le domaine de l\u2019intelligence artificielle\u00a0: viabilit\u00e9 des syst\u00e8mes de sant\u00e9<\/h1>\n\n\n<p class=\"h4 has-white-color has-text-color\">Remise au D<sup>r<\/sup>&nbsp;Scott Adams, M.D., Ph.&nbsp;D, FRCPC, d\u00e9partement d\u2019imagerie m\u00e9dicale de l\u2019Universit\u00e9 de la Saskatchewan et autorit\u00e9 sanitaire de la Saskatchewan<\/p>\n<\/div><\/div>\n<\/div><\/div>\n\n\n\n<div class=\"wp-block-group\"><div class=\"wp-block-group__inner-container is-layout-constrained wp-block-group-is-layout-constrained\">\n<div class=\"wp-block-group\"><div class=\"wp-block-group__inner-container is-layout-constrained wp-block-group-is-layout-constrained\">\n<h2 class=\"wp-block-heading\"><strong><\/strong><strong>Aper\u00e7u de la recherche<\/strong><\/h2>\n\n\n\n<div class=\"wp-block-columns is-layout-flex wp-container-core-columns-is-layout-1 wp-block-columns-is-layout-flex\">\n<div class=\"wp-block-column is-layout-flow wp-block-column-is-layout-flow\" style=\"flex-basis:33.33%\">\n<figure class=\"wp-block-image size-large\"><img decoding=\"async\" src=\"https:\/\/hrf-frs.com\/wp-content\/uploads\/sites\/2\/2025\/04\/Scott-Adams-MD-PhDupdate-825x1024.jpg\" alt=\"\" class=\"wp-image-15804\"\/><\/figure>\n<\/div>\n\n\n\n<div class=\"wp-block-column is-layout-flow wp-block-column-is-layout-flow\" style=\"flex-basis:66.66%\">\n<p>Le cancer du poumon est la principale cause de d\u00e9c\u00e8s li\u00e9s au cancer dans le monde. Le d\u00e9pistage du cancer du poumon par tomodensitom\u00e9trie (TDM) permet un d\u00e9pistage pr\u00e9coce. Il a \u00e9t\u00e9 montr\u00e9 qu\u2019il r\u00e9duit de 20 \u00e0 24\u00a0% le nombre de d\u00e9c\u00e8s li\u00e9s \u00e0 ce type de cancer. Le cancer du poumon appara\u00eet sur les images de TDM comme un nodule pulmonaire. Avec les m\u00e9thodes actuelles de pratique clinique, il n\u2019est pas possible de d\u00e9terminer avec certitude si un nodule pulmonaire est malin ou b\u00e9nin. <\/p>\n\n\n\n<p>L\u2019intelligence artificielle (IA) a le potentiel d\u2019analyser des images et d\u2019en extraire des informations au-del\u00e0 de la perception humaine. Cette \u00e9tude a examin\u00e9 l\u2019utilisation de l\u2019IA pour extraire des renseignements suppl\u00e9mentaires des images de TDM afin d\u2019am\u00e9liorer la classification des nodules pulmonaires comme b\u00e9nins ou malins. <\/p>\n\n\n\n<p>Sur la base de la capacit\u00e9 d\u00e9montr\u00e9e de l\u2019algorithme d\u2019IA \u00e0 faire des pr\u00e9dictions pr\u00e9cises concernant le cancer du poumon, une strat\u00e9gie hybride a \u00e9t\u00e9 d\u00e9velopp\u00e9e pour incorporer l\u2019IA dans les soins aux patients. L\u2019\u00e9tude a montr\u00e9 que la strat\u00e9gie hybride permet de diagnostiquer le cancer du poumon plus t\u00f4t. En outre, la strat\u00e9gie a entra\u00een\u00e9 une r\u00e9duction du nombre d\u2019examens de suivi inutiles pour la prise en charge des nodules pulmonaires et montr\u00e9 que des \u00e9conomies substantielles pourraient \u00eatre r\u00e9alis\u00e9es en utilisant l\u2019IA dans le d\u00e9pistage du cancer du poumon.<\/p>\n<\/div>\n<\/div>\n\n\n\n<blockquote class=\"wp-block-quote is-layout-flow wp-block-quote-is-layout-flow\">\n<p><strong><\/strong><strong><\/strong><strong>La recherche financ\u00e9e par la bourse a contribu\u00e9 \u00e0 la constitution d\u2019une base de donn\u00e9es probantes qui aidera \u00e0 orienter le d\u00e9veloppement et l\u2019impl\u00e9mentation de l\u2019IA pour permettre un diagnostic plus pr\u00e9coce du cancer du poumon, am\u00e9liorer les r\u00e9sultats des patients et r\u00e9duire les co\u00fbts des soins de sant\u00e9. Cette bourse aide \u00e0 renforcer la capacit\u00e9 du milieu de la recherche en sant\u00e9 et du syst\u00e8me de sant\u00e9 du Canada \u00e0 faire progresser l\u2019IA pour am\u00e9liorer les soins de sant\u00e9 au pays et dans le monde entier.&nbsp;<\/strong><\/p>\n<cite>Dr. Scott Adams<\/cite><\/blockquote>\n<\/div><\/div>\n\n\n\n<div class=\"wp-block-group\"><div class=\"wp-block-group__inner-container is-layout-constrained wp-block-group-is-layout-constrained\">\n<h2 class=\"wp-block-heading\"><strong><\/strong><strong>Applications concr\u00e8tes<\/strong><\/h2>\n\n\n\n<p>Les approches actuelles de la prise en charge des nodules pulmonaires entra\u00eenent un retard dans le diagnostic du cancer du poumon et des examens de suivi co\u00fbteux et inutiles comme la TDM, la t\u00e9pographie et la biopsie. \u00c0 mesure que des programmes de d\u00e9pistage du cancer du poumon sont d\u00e9velopp\u00e9s et \u00e9tendus au Canada et dans le monde entier, ce qui pourrait permettre de d\u00e9tecter des milliers de cancers du poumon suppl\u00e9mentaires \u00e0 des stades plus pr\u00e9coces, garantir un diagnostic pr\u00e9cis et rapide du cancer du poumon devient encore plus crucial. Comme le sugg\u00e8rent nos r\u00e9sultats, l\u2019int\u00e9gration de l\u2019IA dans les programmes de d\u00e9pistage du cancer du poumon permettrait aux m\u00e9decins de diagnostiquer ce cancer plus t\u00f4t, tout en r\u00e9duisant le nombre de tests diagnostiques effectu\u00e9s pour chaque patient et en r\u00e9alisant des \u00e9conomies substantielles sur les co\u00fbts des soins de sant\u00e9. L\u2019am\u00e9lioration du rapport co\u00fbt-efficacit\u00e9 du d\u00e9pistage du cancer du poumon gr\u00e2ce \u00e0 l\u2019IA pourrait permettre d\u2019\u00e9tendre les programmes de d\u00e9pistage \u00e0 une population plus large, ce qui r\u00e9duirait encore le nombre de d\u00e9c\u00e8s li\u00e9s au cancer du poumon.<\/p>\n<\/div><\/div>\n<\/div><\/div>\n","protected":false},"excerpt":{"rendered":"<p>Remise au Dr\u00a0Scott Adams, M.D., Ph.\u00a0D, FRCPC, d\u00e9partement d\u2019imagerie m\u00e9dicale de l\u2019Universit\u00e9 de la Saskatchewan et autorit\u00e9 sanitaire de la Saskatchewan<\/p>\n","protected":false},"author":1,"featured_media":160,"parent":342,"menu_order":0,"comment_status":"closed","ping_status":"closed","template":"templates\/pages\/hrf-page.php","meta":{"_relevanssi_hide_post":"","_relevanssi_hide_content":"","_relevanssi_pin_for_all":"","_relevanssi_pin_keywords":"","_relevanssi_unpin_keywords":"","_relevanssi_related_keywords":"","_relevanssi_related_include_ids":"","_relevanssi_related_exclude_ids":"","_relevanssi_related_no_append":"","_relevanssi_related_not_related":"","_relevanssi_related_posts":"9178,9184,9192,9194,9196,9198","_relevanssi_noindex_reason":"","footnotes":""},"class_list":["post-339","page","type-page","status-publish","has-post-thumbnail","hentry"],"yoast_head":"<!-- This site is optimized with the Yoast SEO plugin v24.4 - https:\/\/yoast.com\/wordpress\/plugins\/seo\/ -->\n<title>Bourse de recherche en sant\u00e9 de la Fondation pour la recherche en sant\u00e9 (FRS) dans le domaine de l\u2019intelligence artificielle\u00a0: viabilit\u00e9 des syst\u00e8mes de sant\u00e9 - Health Research Foundation<\/title>\n<meta name=\"robots\" content=\"index, follow, max-snippet:-1, max-image-preview:large, max-video-preview:-1\" \/>\n<link rel=\"canonical\" href=\"https:\/\/hrf-frs.com\/fr\/recherche\/bourse-de-recherche-en-sante-de-la-fondation-pour-la-recherche-en-sante-frs-dans-le-domaine-de-lintelligence-artificielle-viabilite-des-systemes-de-sante\/\" \/>\n<meta property=\"og:locale\" content=\"fr_FR\" \/>\n<meta property=\"og:type\" content=\"article\" \/>\n<meta property=\"og:title\" content=\"Bourse de recherche en sant\u00e9 de la Fondation pour la recherche en sant\u00e9 (FRS) dans le domaine de l\u2019intelligence artificielle\u00a0: viabilit\u00e9 des syst\u00e8mes de sant\u00e9 - Health Research Foundation\" \/>\n<meta property=\"og:description\" content=\"Remise au Dr\u00a0Scott Adams, M.D., Ph.\u00a0D, FRCPC, d\u00e9partement d\u2019imagerie m\u00e9dicale de l\u2019Universit\u00e9 de la Saskatchewan et autorit\u00e9 sanitaire de la Saskatchewan\" \/>\n<meta property=\"og:url\" content=\"https:\/\/hrf-frs.com\/fr\/recherche\/bourse-de-recherche-en-sante-de-la-fondation-pour-la-recherche-en-sante-frs-dans-le-domaine-de-lintelligence-artificielle-viabilite-des-systemes-de-sante\/\" \/>\n<meta property=\"og:site_name\" content=\"Health Research Foundation\" \/>\n<meta property=\"article:modified_time\" content=\"2025-04-08T21:24:14+00:00\" \/>\n<meta property=\"og:image\" content=\"https:\/\/hrf-frs.com\/wp-content\/uploads\/sites\/2\/2025\/04\/ai-health-systems-hero.jpg\" \/>\n\t<meta property=\"og:image:width\" content=\"1920\" \/>\n\t<meta property=\"og:image:height\" content=\"1280\" \/>\n\t<meta property=\"og:image:type\" content=\"image\/jpeg\" \/>\n<meta name=\"twitter:card\" content=\"summary_large_image\" \/>\n<meta name=\"twitter:label1\" content=\"Dur\u00e9e de lecture estim\u00e9e\" \/>\n\t<meta name=\"twitter:data1\" content=\"3 minutes\" \/>\n<script type=\"application\/ld+json\" class=\"yoast-schema-graph\">{\"@context\":\"https:\/\/schema.org\",\"@graph\":[{\"@type\":\"WebPage\",\"@id\":\"https:\/\/hrf-frs.com\/fr\/recherche\/bourse-de-recherche-en-sante-de-la-fondation-pour-la-recherche-en-sante-frs-dans-le-domaine-de-lintelligence-artificielle-viabilite-des-systemes-de-sante\/\",\"url\":\"https:\/\/hrf-frs.com\/fr\/recherche\/bourse-de-recherche-en-sante-de-la-fondation-pour-la-recherche-en-sante-frs-dans-le-domaine-de-lintelligence-artificielle-viabilite-des-systemes-de-sante\/\",\"name\":\"Bourse de recherche en sant\u00e9 de la Fondation pour la recherche en sant\u00e9 (FRS) dans le domaine de l\u2019intelligence artificielle\u00a0: viabilit\u00e9 des syst\u00e8mes de sant\u00e9 - Health Research Foundation\",\"isPartOf\":{\"@id\":\"https:\/\/hrf-frs.com\/fr\/#website\"},\"primaryImageOfPage\":{\"@id\":\"https:\/\/hrf-frs.com\/fr\/recherche\/bourse-de-recherche-en-sante-de-la-fondation-pour-la-recherche-en-sante-frs-dans-le-domaine-de-lintelligence-artificielle-viabilite-des-systemes-de-sante\/#primaryimage\"},\"image\":{\"@id\":\"https:\/\/hrf-frs.com\/fr\/recherche\/bourse-de-recherche-en-sante-de-la-fondation-pour-la-recherche-en-sante-frs-dans-le-domaine-de-lintelligence-artificielle-viabilite-des-systemes-de-sante\/#primaryimage\"},\"thumbnailUrl\":\"https:\/\/hrf-frs.com\/wp-content\/uploads\/sites\/2\/2025\/04\/ai-health-systems-hero.jpg\",\"datePublished\":\"2023-07-14T14:22:04+00:00\",\"dateModified\":\"2025-04-08T21:24:14+00:00\",\"breadcrumb\":{\"@id\":\"https:\/\/hrf-frs.com\/fr\/recherche\/bourse-de-recherche-en-sante-de-la-fondation-pour-la-recherche-en-sante-frs-dans-le-domaine-de-lintelligence-artificielle-viabilite-des-systemes-de-sante\/#breadcrumb\"},\"inLanguage\":\"fr-FR\",\"potentialAction\":[{\"@type\":\"ReadAction\",\"target\":[\"https:\/\/hrf-frs.com\/fr\/recherche\/bourse-de-recherche-en-sante-de-la-fondation-pour-la-recherche-en-sante-frs-dans-le-domaine-de-lintelligence-artificielle-viabilite-des-systemes-de-sante\/\"]}]},{\"@type\":\"ImageObject\",\"inLanguage\":\"fr-FR\",\"@id\":\"https:\/\/hrf-frs.com\/fr\/recherche\/bourse-de-recherche-en-sante-de-la-fondation-pour-la-recherche-en-sante-frs-dans-le-domaine-de-lintelligence-artificielle-viabilite-des-systemes-de-sante\/#primaryimage\",\"url\":\"https:\/\/hrf-frs.com\/wp-content\/uploads\/sites\/2\/2025\/04\/ai-health-systems-hero.jpg\",\"contentUrl\":\"https:\/\/hrf-frs.com\/wp-content\/uploads\/sites\/2\/2025\/04\/ai-health-systems-hero.jpg\",\"width\":1920,\"height\":1280},{\"@type\":\"BreadcrumbList\",\"@id\":\"https:\/\/hrf-frs.com\/fr\/recherche\/bourse-de-recherche-en-sante-de-la-fondation-pour-la-recherche-en-sante-frs-dans-le-domaine-de-lintelligence-artificielle-viabilite-des-systemes-de-sante\/#breadcrumb\",\"itemListElement\":[{\"@type\":\"ListItem\",\"position\":1,\"name\":\"Home\",\"item\":\"https:\/\/hrf-frs.com\/fr\/\"},{\"@type\":\"ListItem\",\"position\":2,\"name\":\"Recherche\",\"item\":\"https:\/\/hrf-frs.com\/fr\/recherche\/\"},{\"@type\":\"ListItem\",\"position\":3,\"name\":\"Bourse de recherche en sant\u00e9 de la Fondation pour la recherche en sant\u00e9 (FRS) dans le domaine de l\u2019intelligence artificielle\u00a0: viabilit\u00e9 des syst\u00e8mes de sant\u00e9\"}]},{\"@type\":\"WebSite\",\"@id\":\"https:\/\/hrf-frs.com\/fr\/#website\",\"url\":\"https:\/\/hrf-frs.com\/fr\/\",\"name\":\"Health Research Foundation\",\"description\":\"Transforming Canadians\u2019 lives\",\"potentialAction\":[{\"@type\":\"SearchAction\",\"target\":{\"@type\":\"EntryPoint\",\"urlTemplate\":\"https:\/\/hrf-frs.com\/fr\/?s={search_term_string}\"},\"query-input\":{\"@type\":\"PropertyValueSpecification\",\"valueRequired\":true,\"valueName\":\"search_term_string\"}}],\"inLanguage\":\"fr-FR\"}]}<\/script>\n<!-- \/ Yoast SEO plugin. -->","yoast_head_json":{"title":"Bourse de recherche en sant\u00e9 de la Fondation pour la recherche en sant\u00e9 (FRS) dans le domaine de l\u2019intelligence artificielle\u00a0: viabilit\u00e9 des syst\u00e8mes de sant\u00e9 - Health Research Foundation","robots":{"index":"index","follow":"follow","max-snippet":"max-snippet:-1","max-image-preview":"max-image-preview:large","max-video-preview":"max-video-preview:-1"},"canonical":"https:\/\/hrf-frs.com\/fr\/recherche\/bourse-de-recherche-en-sante-de-la-fondation-pour-la-recherche-en-sante-frs-dans-le-domaine-de-lintelligence-artificielle-viabilite-des-systemes-de-sante\/","og_locale":"fr_FR","og_type":"article","og_title":"Bourse de recherche en sant\u00e9 de la Fondation pour la recherche en sant\u00e9 (FRS) dans le domaine de l\u2019intelligence artificielle\u00a0: viabilit\u00e9 des syst\u00e8mes de sant\u00e9 - Health Research Foundation","og_description":"Remise au Dr\u00a0Scott Adams, M.D., Ph.\u00a0D, FRCPC, d\u00e9partement d\u2019imagerie m\u00e9dicale de l\u2019Universit\u00e9 de la Saskatchewan et autorit\u00e9 sanitaire de la Saskatchewan","og_url":"https:\/\/hrf-frs.com\/fr\/recherche\/bourse-de-recherche-en-sante-de-la-fondation-pour-la-recherche-en-sante-frs-dans-le-domaine-de-lintelligence-artificielle-viabilite-des-systemes-de-sante\/","og_site_name":"Health Research Foundation","article_modified_time":"2025-04-08T21:24:14+00:00","og_image":[{"width":1920,"height":1280,"url":"https:\/\/hrf-frs.com\/wp-content\/uploads\/sites\/2\/2025\/04\/ai-health-systems-hero.jpg","type":"image\/jpeg"}],"twitter_card":"summary_large_image","twitter_misc":{"Dur\u00e9e de lecture estim\u00e9e":"3 minutes"},"schema":{"@context":"https:\/\/schema.org","@graph":[{"@type":"WebPage","@id":"https:\/\/hrf-frs.com\/fr\/recherche\/bourse-de-recherche-en-sante-de-la-fondation-pour-la-recherche-en-sante-frs-dans-le-domaine-de-lintelligence-artificielle-viabilite-des-systemes-de-sante\/","url":"https:\/\/hrf-frs.com\/fr\/recherche\/bourse-de-recherche-en-sante-de-la-fondation-pour-la-recherche-en-sante-frs-dans-le-domaine-de-lintelligence-artificielle-viabilite-des-systemes-de-sante\/","name":"Bourse de recherche en sant\u00e9 de la Fondation pour la recherche en sant\u00e9 (FRS) dans le domaine de l\u2019intelligence artificielle\u00a0: viabilit\u00e9 des syst\u00e8mes de sant\u00e9 - Health Research Foundation","isPartOf":{"@id":"https:\/\/hrf-frs.com\/fr\/#website"},"primaryImageOfPage":{"@id":"https:\/\/hrf-frs.com\/fr\/recherche\/bourse-de-recherche-en-sante-de-la-fondation-pour-la-recherche-en-sante-frs-dans-le-domaine-de-lintelligence-artificielle-viabilite-des-systemes-de-sante\/#primaryimage"},"image":{"@id":"https:\/\/hrf-frs.com\/fr\/recherche\/bourse-de-recherche-en-sante-de-la-fondation-pour-la-recherche-en-sante-frs-dans-le-domaine-de-lintelligence-artificielle-viabilite-des-systemes-de-sante\/#primaryimage"},"thumbnailUrl":"https:\/\/hrf-frs.com\/wp-content\/uploads\/sites\/2\/2025\/04\/ai-health-systems-hero.jpg","datePublished":"2023-07-14T14:22:04+00:00","dateModified":"2025-04-08T21:24:14+00:00","breadcrumb":{"@id":"https:\/\/hrf-frs.com\/fr\/recherche\/bourse-de-recherche-en-sante-de-la-fondation-pour-la-recherche-en-sante-frs-dans-le-domaine-de-lintelligence-artificielle-viabilite-des-systemes-de-sante\/#breadcrumb"},"inLanguage":"fr-FR","potentialAction":[{"@type":"ReadAction","target":["https:\/\/hrf-frs.com\/fr\/recherche\/bourse-de-recherche-en-sante-de-la-fondation-pour-la-recherche-en-sante-frs-dans-le-domaine-de-lintelligence-artificielle-viabilite-des-systemes-de-sante\/"]}]},{"@type":"ImageObject","inLanguage":"fr-FR","@id":"https:\/\/hrf-frs.com\/fr\/recherche\/bourse-de-recherche-en-sante-de-la-fondation-pour-la-recherche-en-sante-frs-dans-le-domaine-de-lintelligence-artificielle-viabilite-des-systemes-de-sante\/#primaryimage","url":"https:\/\/hrf-frs.com\/wp-content\/uploads\/sites\/2\/2025\/04\/ai-health-systems-hero.jpg","contentUrl":"https:\/\/hrf-frs.com\/wp-content\/uploads\/sites\/2\/2025\/04\/ai-health-systems-hero.jpg","width":1920,"height":1280},{"@type":"BreadcrumbList","@id":"https:\/\/hrf-frs.com\/fr\/recherche\/bourse-de-recherche-en-sante-de-la-fondation-pour-la-recherche-en-sante-frs-dans-le-domaine-de-lintelligence-artificielle-viabilite-des-systemes-de-sante\/#breadcrumb","itemListElement":[{"@type":"ListItem","position":1,"name":"Home","item":"https:\/\/hrf-frs.com\/fr\/"},{"@type":"ListItem","position":2,"name":"Recherche","item":"https:\/\/hrf-frs.com\/fr\/recherche\/"},{"@type":"ListItem","position":3,"name":"Bourse de recherche en sant\u00e9 de la Fondation pour la recherche en sant\u00e9 (FRS) dans le domaine de l\u2019intelligence artificielle\u00a0: viabilit\u00e9 des syst\u00e8mes de sant\u00e9"}]},{"@type":"WebSite","@id":"https:\/\/hrf-frs.com\/fr\/#website","url":"https:\/\/hrf-frs.com\/fr\/","name":"Health Research Foundation","description":"Transforming Canadians\u2019 lives","potentialAction":[{"@type":"SearchAction","target":{"@type":"EntryPoint","urlTemplate":"https:\/\/hrf-frs.com\/fr\/?s={search_term_string}"},"query-input":{"@type":"PropertyValueSpecification","valueRequired":true,"valueName":"search_term_string"}}],"inLanguage":"fr-FR"}]}},"_links":{"self":[{"href":"https:\/\/hrf-frs.com\/fr\/wp-json\/wp\/v2\/pages\/339","targetHints":{"allow":["GET"]}}],"collection":[{"href":"https:\/\/hrf-frs.com\/fr\/wp-json\/wp\/v2\/pages"}],"about":[{"href":"https:\/\/hrf-frs.com\/fr\/wp-json\/wp\/v2\/types\/page"}],"author":[{"embeddable":true,"href":"https:\/\/hrf-frs.com\/fr\/wp-json\/wp\/v2\/users\/1"}],"replies":[{"embeddable":true,"href":"https:\/\/hrf-frs.com\/fr\/wp-json\/wp\/v2\/comments?post=339"}],"version-history":[{"count":1,"href":"https:\/\/hrf-frs.com\/fr\/wp-json\/wp\/v2\/pages\/339\/revisions"}],"predecessor-version":[{"id":340,"href":"https:\/\/hrf-frs.com\/fr\/wp-json\/wp\/v2\/pages\/339\/revisions\/340"}],"up":[{"embeddable":true,"href":"https:\/\/hrf-frs.com\/fr\/wp-json\/wp\/v2\/pages\/342"}],"wp:featuredmedia":[{"embeddable":true,"href":"https:\/\/hrf-frs.com\/fr\/wp-json\/wp\/v2\/media\/160"}],"wp:attachment":[{"href":"https:\/\/hrf-frs.com\/fr\/wp-json\/wp\/v2\/media?parent=339"}],"curies":[{"name":"wp","href":"https:\/\/api.w.org\/{rel}","templated":true}]}}