{"id":336,"date":"2023-08-02T13:00:00","date_gmt":"2023-08-02T13:00:00","guid":{"rendered":"https:\/\/hrf-frs.com\/bourse-de-recherche-en-sante-de-la-frs-dans-le-domaine-de-lintelligence-artificielle-resultats-des-patients\/"},"modified":"2025-04-08T21:24:14","modified_gmt":"2025-04-08T21:24:14","slug":"bourse-de-recherche-en-sante-de-la-frs-dans-le-domaine-de-lintelligence-artificielle-resultats-des-patients","status":"publish","type":"page","link":"https:\/\/hrf-frs.com\/fr\/recherche\/bourse-de-recherche-en-sante-de-la-frs-dans-le-domaine-de-lintelligence-artificielle-resultats-des-patients\/","title":{"rendered":"Bourse de recherche en sant\u00e9 de la FRS dans le domaine de l\u2019intelligence artificielle\u00a0: r\u00e9sultats des patients"},"content":{"rendered":"\n<div class=\"wp-block-cover alignfull has-custom-content-position is-position-bottom-left hero tall\"><span aria-hidden=\"true\" class=\"wp-block-cover__background has-background-dim wp-block-cover__gradient-background has-background-gradient\" style=\"background:linear-gradient(360deg,#000000CB 0%,#00000033 100%)\"><\/span><img decoding=\"async\" class=\"wp-block-cover__image-background wp-image-15794\" alt=\"\" src=\"https:\/\/hrf-frs.com\/wp-content\/uploads\/sites\/2\/2025\/04\/ai-patient-outcomes-hero.jpg\" data-object-fit=\"cover\"\/><div class=\"wp-block-cover__inner-container is-layout-flow wp-block-cover-is-layout-flow\">\n<div class=\"wp-block-group\"><div class=\"wp-block-group__inner-container is-layout-flow wp-block-group-is-layout-flow\">\n<h2 class=\"wp-block-heading eyebrow crumb has-cyan-color has-text-color\"><a href=\"\/fr\/fondation-pour-la-recherche-en-sante\/recherche\/\">recherche<\/a> <\/h2>\n\n\n\n<h2 class=\"wp-block-heading eyebrow crumb has-white-color has-text-color\">\/<\/h2>\n\n\n<h1 class=\"wp-block-post-title has-text-color has-white-color\">Bourse de recherche en sant\u00e9 de la FRS dans le domaine de l\u2019intelligence artificielle\u00a0: r\u00e9sultats des patients<\/h1>\n\n\n<p class=\"h4 has-white-color has-text-color\">Remise \u00e0 Steven Hawken, Ph.&nbsp;D., scientifique principal \u00e0 l\u2019Institut de recherche de l\u2019H\u00f4pital d\u2019Ottawa et professeur adjoint \u00e0 l\u2019\u00c9cole d\u2019\u00e9pid\u00e9miologie et de sant\u00e9 publique de l\u2019Universit\u00e9 d\u2019Ottawa<\/p>\n<\/div><\/div>\n<\/div><\/div>\n\n\n\n<div class=\"wp-block-group\"><div class=\"wp-block-group__inner-container is-layout-constrained wp-block-group-is-layout-constrained\">\n<div class=\"wp-block-group\"><div class=\"wp-block-group__inner-container is-layout-constrained wp-block-group-is-layout-constrained\">\n<h2 class=\"wp-block-heading\"><strong><\/strong><strong><\/strong><strong>Exploiter la puissance de l\u2019intelligence artificielle (IA) pour pr\u00e9dire en temps r\u00e9el le risque d\u2019accouchement pr\u00e9matur\u00e9 d\u2019une femme enceinte<\/strong><\/h2>\n\n\n\n<div class=\"wp-block-columns is-layout-flex wp-container-core-columns-is-layout-1 wp-block-columns-is-layout-flex\">\n<div class=\"wp-block-column is-layout-flow wp-block-column-is-layout-flow\" style=\"flex-basis:33.33%\">\n<figure class=\"wp-block-image size-full\"><img decoding=\"async\" src=\"https:\/\/hrf-frs.com\/wp-content\/uploads\/sites\/2\/2025\/04\/IMG_3334.jpeg\" alt=\"\" class=\"wp-image-15800\"\/><\/figure>\n<\/div>\n\n\n\n<div class=\"wp-block-column is-layout-flow wp-block-column-is-layout-flow\" style=\"flex-basis:66.66%\">\n<p>Au Canada, pr\u00e8s de 30&nbsp;000&nbsp;enfants naissent pr\u00e9matur\u00e9ment chaque ann\u00e9e, ce qui entra\u00eene des effets n\u00e9fastes sur la sant\u00e9 et des co\u00fbts importants pour le syst\u00e8me de sant\u00e9. Les mod\u00e8les pr\u00e9c\u00e9demment d\u00e9velopp\u00e9s et les facteurs de risque connus n\u2019ont permis d\u2019identifier qu\u2019une tr\u00e8s faible proportion de femmes enceintes \u00e0 risque d\u2019accoucher pr\u00e9matur\u00e9ment. De meilleurs mod\u00e8les pr\u00e9dictifs permettant d\u2019identifier t\u00f4t les femmes susceptibles de conna\u00eetre un accouchement pr\u00e9matur\u00e9 seraient d\u2019une valeur inestimable pour une gestion optimale de la grossesse et contribueraient \u00e0 r\u00e9duire les effets n\u00e9fastes. Notre recherche est ax\u00e9e sur le d\u00e9veloppement de mod\u00e8les d\u2019IA et d\u2019apprentissage automatique (p.&nbsp;ex., apprentissage profond ou r\u00e9seaux neuronaux r\u00e9currents) en utilisant une vaste collection de bases de donn\u00e9es li\u00e9es individuellement, y compris des donn\u00e9es sur les soins de sant\u00e9 collect\u00e9es r\u00e9guli\u00e8rement, sur les diagnostics et les traitements, sur les tests de laboratoire et de d\u00e9pistage, et sur les facteurs sociaux et d\u00e9mographiques au cours de la grossesse disponibles pour les femmes enceintes de l\u2019Ontario, au Canada.&nbsp;<\/p>\n<\/div>\n<\/div>\n\n\n\n<blockquote class=\"wp-block-quote is-layout-flow wp-block-quote-is-layout-flow\">\n<p><strong><\/strong><strong>Nous utilisons des m\u00e9thodes avanc\u00e9es d\u2019IA et d\u2019apprentissage automatique pour concevoir et valider des mod\u00e8les pr\u00e9dictifs, dans le but d\u2019aider les cliniciens \u00e0 identifier les femmes pr\u00e9sentant un risque \u00e9lev\u00e9 d\u2019accouchement pr\u00e9matur\u00e9 spontan\u00e9 \u00e0 des moments critiques de la grossesse.<\/strong><\/p>\n<cite>Dr. Steven Hawken<\/cite><\/blockquote>\n<\/div><\/div>\n\n\n\n<div class=\"wp-block-group\"><div class=\"wp-block-group__inner-container is-layout-constrained wp-block-group-is-layout-constrained\">\n<h2 class=\"wp-block-heading\"><strong><\/strong><strong>Applications concr\u00e8tes<\/strong><\/h2>\n\n\n\n<p>Un mod\u00e8le hautement pr\u00e9dictif pour les grossesses pr\u00e9matur\u00e9es int\u00e9gr\u00e9 aux outils d\u2019aide \u00e0 la d\u00e9cision au chevet de la patiente pourrait \u00eatre utilis\u00e9 non seulement par les m\u00e9decins et les sages-femmes, mais aussi par le personnel infirmier (praticien ou non) qui fournit une part importante des soins pr\u00e9natals dans les r\u00e9gions rurales, \u00e9loign\u00e9es et septentrionales du Canada, am\u00e9liorant ainsi l\u2019accessibilit\u00e9 \u00e0 des soins appropri\u00e9s pour toutes les femmes. L\u2019identification pr\u00e9coce des femmes pr\u00e9sentant un risque \u00e9lev\u00e9 d\u2019accouchement pr\u00e9matur\u00e9 est importante pour permettre une gestion optimale de la grossesse, y compris des interventions visant \u00e0 retarder le d\u00e9but du travail et \u00e0 r\u00e9duire les effets n\u00e9fastes, ainsi que pour veiller \u00e0 ce que les femmes enceintes soient proches des centres de soins n\u00e9cessaires lorsqu\u2019elles sont susceptibles d\u2019accoucher pr\u00e9matur\u00e9ment. Au fil du temps, les mod\u00e8les d\u00e9velopp\u00e9s peuvent \u00eatre continuellement am\u00e9lior\u00e9s et affin\u00e9s \u00e0 mesure que de nouvelles donn\u00e9es sont ajout\u00e9es et que les performances des mod\u00e8les sont valid\u00e9es. En fin de compte, cela pourrait permettre d\u2019\u00e9viter de nombreux accouchements pr\u00e9matur\u00e9s, de r\u00e9duire la mortalit\u00e9 et la morbidit\u00e9 n\u00e9onatales qui y sont li\u00e9es, ainsi que d\u2019all\u00e9ger consid\u00e9rablement le fardeau soci\u00e9tal et \u00e9conomique en sant\u00e9.<\/p>\n<\/div><\/div>\n<\/div><\/div>\n","protected":false},"excerpt":{"rendered":"<p>Remise \u00e0 Steven Hawken, Ph.\u00a0D., scientifique principal \u00e0 l\u2019Institut de recherche de l\u2019H\u00f4pital d\u2019Ottawa et professeur adjoint \u00e0 l\u2019\u00c9cole d\u2019\u00e9pid\u00e9miologie et de sant\u00e9 publique de l\u2019Universit\u00e9 d\u2019Ottawa<\/p>\n","protected":false},"author":1,"featured_media":162,"parent":342,"menu_order":0,"comment_status":"closed","ping_status":"closed","template":"templates\/pages\/hrf-page.php","meta":{"_relevanssi_hide_post":"","_relevanssi_hide_content":"","_relevanssi_pin_for_all":"","_relevanssi_pin_keywords":"","_relevanssi_unpin_keywords":"","_relevanssi_related_keywords":"","_relevanssi_related_include_ids":"","_relevanssi_related_exclude_ids":"","_relevanssi_related_no_append":"","_relevanssi_related_not_related":"","_relevanssi_related_posts":"9178,9184,9192,9194,9196,9198","_relevanssi_noindex_reason":"","footnotes":""},"class_list":["post-336","page","type-page","status-publish","has-post-thumbnail","hentry"],"yoast_head":"<!-- This site is optimized with the Yoast SEO plugin v24.4 - https:\/\/yoast.com\/wordpress\/plugins\/seo\/ -->\n<title>Bourse de recherche en sant\u00e9 de la FRS dans le domaine de l\u2019intelligence artificielle\u00a0: r\u00e9sultats des patients - Health Research Foundation<\/title>\n<meta name=\"robots\" content=\"index, follow, max-snippet:-1, max-image-preview:large, max-video-preview:-1\" \/>\n<link rel=\"canonical\" href=\"https:\/\/hrf-frs.com\/fr\/recherche\/bourse-de-recherche-en-sante-de-la-frs-dans-le-domaine-de-lintelligence-artificielle-resultats-des-patients\/\" \/>\n<meta property=\"og:locale\" content=\"fr_FR\" \/>\n<meta property=\"og:type\" content=\"article\" \/>\n<meta property=\"og:title\" content=\"Bourse de recherche en sant\u00e9 de la FRS dans le domaine de l\u2019intelligence artificielle\u00a0: r\u00e9sultats des patients - Health Research Foundation\" \/>\n<meta property=\"og:description\" content=\"Remise \u00e0 Steven Hawken, Ph.\u00a0D., scientifique principal \u00e0 l\u2019Institut de recherche de l\u2019H\u00f4pital d\u2019Ottawa et professeur adjoint \u00e0 l\u2019\u00c9cole d\u2019\u00e9pid\u00e9miologie et de sant\u00e9 publique de l\u2019Universit\u00e9 d\u2019Ottawa\" \/>\n<meta property=\"og:url\" content=\"https:\/\/hrf-frs.com\/fr\/recherche\/bourse-de-recherche-en-sante-de-la-frs-dans-le-domaine-de-lintelligence-artificielle-resultats-des-patients\/\" \/>\n<meta property=\"og:site_name\" content=\"Health Research Foundation\" \/>\n<meta property=\"article:modified_time\" content=\"2025-04-08T21:24:14+00:00\" \/>\n<meta property=\"og:image\" content=\"https:\/\/hrf-frs.com\/wp-content\/uploads\/sites\/2\/2025\/04\/ai-patient-outcomes-hero.jpg\" \/>\n\t<meta property=\"og:image:width\" content=\"1920\" \/>\n\t<meta property=\"og:image:height\" content=\"1280\" \/>\n\t<meta property=\"og:image:type\" content=\"image\/jpeg\" \/>\n<meta name=\"twitter:card\" content=\"summary_large_image\" \/>\n<meta name=\"twitter:label1\" content=\"Dur\u00e9e de lecture estim\u00e9e\" \/>\n\t<meta name=\"twitter:data1\" content=\"3 minutes\" \/>\n<script type=\"application\/ld+json\" class=\"yoast-schema-graph\">{\"@context\":\"https:\/\/schema.org\",\"@graph\":[{\"@type\":\"WebPage\",\"@id\":\"https:\/\/hrf-frs.com\/fr\/recherche\/bourse-de-recherche-en-sante-de-la-frs-dans-le-domaine-de-lintelligence-artificielle-resultats-des-patients\/\",\"url\":\"https:\/\/hrf-frs.com\/fr\/recherche\/bourse-de-recherche-en-sante-de-la-frs-dans-le-domaine-de-lintelligence-artificielle-resultats-des-patients\/\",\"name\":\"Bourse de recherche en sant\u00e9 de la FRS dans le domaine de l\u2019intelligence artificielle\u00a0: r\u00e9sultats des patients - Health Research Foundation\",\"isPartOf\":{\"@id\":\"https:\/\/hrf-frs.com\/fr\/#website\"},\"primaryImageOfPage\":{\"@id\":\"https:\/\/hrf-frs.com\/fr\/recherche\/bourse-de-recherche-en-sante-de-la-frs-dans-le-domaine-de-lintelligence-artificielle-resultats-des-patients\/#primaryimage\"},\"image\":{\"@id\":\"https:\/\/hrf-frs.com\/fr\/recherche\/bourse-de-recherche-en-sante-de-la-frs-dans-le-domaine-de-lintelligence-artificielle-resultats-des-patients\/#primaryimage\"},\"thumbnailUrl\":\"https:\/\/hrf-frs.com\/wp-content\/uploads\/sites\/2\/2025\/04\/ai-patient-outcomes-hero.jpg\",\"datePublished\":\"2023-08-02T13:00:00+00:00\",\"dateModified\":\"2025-04-08T21:24:14+00:00\",\"breadcrumb\":{\"@id\":\"https:\/\/hrf-frs.com\/fr\/recherche\/bourse-de-recherche-en-sante-de-la-frs-dans-le-domaine-de-lintelligence-artificielle-resultats-des-patients\/#breadcrumb\"},\"inLanguage\":\"fr-FR\",\"potentialAction\":[{\"@type\":\"ReadAction\",\"target\":[\"https:\/\/hrf-frs.com\/fr\/recherche\/bourse-de-recherche-en-sante-de-la-frs-dans-le-domaine-de-lintelligence-artificielle-resultats-des-patients\/\"]}]},{\"@type\":\"ImageObject\",\"inLanguage\":\"fr-FR\",\"@id\":\"https:\/\/hrf-frs.com\/fr\/recherche\/bourse-de-recherche-en-sante-de-la-frs-dans-le-domaine-de-lintelligence-artificielle-resultats-des-patients\/#primaryimage\",\"url\":\"https:\/\/hrf-frs.com\/wp-content\/uploads\/sites\/2\/2025\/04\/ai-patient-outcomes-hero.jpg\",\"contentUrl\":\"https:\/\/hrf-frs.com\/wp-content\/uploads\/sites\/2\/2025\/04\/ai-patient-outcomes-hero.jpg\",\"width\":1920,\"height\":1280},{\"@type\":\"BreadcrumbList\",\"@id\":\"https:\/\/hrf-frs.com\/fr\/recherche\/bourse-de-recherche-en-sante-de-la-frs-dans-le-domaine-de-lintelligence-artificielle-resultats-des-patients\/#breadcrumb\",\"itemListElement\":[{\"@type\":\"ListItem\",\"position\":1,\"name\":\"Home\",\"item\":\"https:\/\/hrf-frs.com\/fr\/\"},{\"@type\":\"ListItem\",\"position\":2,\"name\":\"Recherche\",\"item\":\"https:\/\/hrf-frs.com\/fr\/recherche\/\"},{\"@type\":\"ListItem\",\"position\":3,\"name\":\"Bourse de recherche en sant\u00e9 de la FRS dans le domaine de l\u2019intelligence artificielle\u00a0: r\u00e9sultats des patients\"}]},{\"@type\":\"WebSite\",\"@id\":\"https:\/\/hrf-frs.com\/fr\/#website\",\"url\":\"https:\/\/hrf-frs.com\/fr\/\",\"name\":\"Health Research Foundation\",\"description\":\"Transforming Canadians\u2019 lives\",\"potentialAction\":[{\"@type\":\"SearchAction\",\"target\":{\"@type\":\"EntryPoint\",\"urlTemplate\":\"https:\/\/hrf-frs.com\/fr\/?s={search_term_string}\"},\"query-input\":{\"@type\":\"PropertyValueSpecification\",\"valueRequired\":true,\"valueName\":\"search_term_string\"}}],\"inLanguage\":\"fr-FR\"}]}<\/script>\n<!-- \/ Yoast SEO plugin. -->","yoast_head_json":{"title":"Bourse de recherche en sant\u00e9 de la FRS dans le domaine de l\u2019intelligence artificielle\u00a0: r\u00e9sultats des patients - Health Research Foundation","robots":{"index":"index","follow":"follow","max-snippet":"max-snippet:-1","max-image-preview":"max-image-preview:large","max-video-preview":"max-video-preview:-1"},"canonical":"https:\/\/hrf-frs.com\/fr\/recherche\/bourse-de-recherche-en-sante-de-la-frs-dans-le-domaine-de-lintelligence-artificielle-resultats-des-patients\/","og_locale":"fr_FR","og_type":"article","og_title":"Bourse de recherche en sant\u00e9 de la FRS dans le domaine de l\u2019intelligence artificielle\u00a0: r\u00e9sultats des patients - Health Research Foundation","og_description":"Remise \u00e0 Steven Hawken, Ph.\u00a0D., scientifique principal \u00e0 l\u2019Institut de recherche de l\u2019H\u00f4pital d\u2019Ottawa et professeur adjoint \u00e0 l\u2019\u00c9cole d\u2019\u00e9pid\u00e9miologie et de sant\u00e9 publique de l\u2019Universit\u00e9 d\u2019Ottawa","og_url":"https:\/\/hrf-frs.com\/fr\/recherche\/bourse-de-recherche-en-sante-de-la-frs-dans-le-domaine-de-lintelligence-artificielle-resultats-des-patients\/","og_site_name":"Health Research Foundation","article_modified_time":"2025-04-08T21:24:14+00:00","og_image":[{"width":1920,"height":1280,"url":"https:\/\/hrf-frs.com\/wp-content\/uploads\/sites\/2\/2025\/04\/ai-patient-outcomes-hero.jpg","type":"image\/jpeg"}],"twitter_card":"summary_large_image","twitter_misc":{"Dur\u00e9e de lecture estim\u00e9e":"3 minutes"},"schema":{"@context":"https:\/\/schema.org","@graph":[{"@type":"WebPage","@id":"https:\/\/hrf-frs.com\/fr\/recherche\/bourse-de-recherche-en-sante-de-la-frs-dans-le-domaine-de-lintelligence-artificielle-resultats-des-patients\/","url":"https:\/\/hrf-frs.com\/fr\/recherche\/bourse-de-recherche-en-sante-de-la-frs-dans-le-domaine-de-lintelligence-artificielle-resultats-des-patients\/","name":"Bourse de recherche en sant\u00e9 de la FRS dans le domaine de l\u2019intelligence artificielle\u00a0: r\u00e9sultats des patients - Health Research Foundation","isPartOf":{"@id":"https:\/\/hrf-frs.com\/fr\/#website"},"primaryImageOfPage":{"@id":"https:\/\/hrf-frs.com\/fr\/recherche\/bourse-de-recherche-en-sante-de-la-frs-dans-le-domaine-de-lintelligence-artificielle-resultats-des-patients\/#primaryimage"},"image":{"@id":"https:\/\/hrf-frs.com\/fr\/recherche\/bourse-de-recherche-en-sante-de-la-frs-dans-le-domaine-de-lintelligence-artificielle-resultats-des-patients\/#primaryimage"},"thumbnailUrl":"https:\/\/hrf-frs.com\/wp-content\/uploads\/sites\/2\/2025\/04\/ai-patient-outcomes-hero.jpg","datePublished":"2023-08-02T13:00:00+00:00","dateModified":"2025-04-08T21:24:14+00:00","breadcrumb":{"@id":"https:\/\/hrf-frs.com\/fr\/recherche\/bourse-de-recherche-en-sante-de-la-frs-dans-le-domaine-de-lintelligence-artificielle-resultats-des-patients\/#breadcrumb"},"inLanguage":"fr-FR","potentialAction":[{"@type":"ReadAction","target":["https:\/\/hrf-frs.com\/fr\/recherche\/bourse-de-recherche-en-sante-de-la-frs-dans-le-domaine-de-lintelligence-artificielle-resultats-des-patients\/"]}]},{"@type":"ImageObject","inLanguage":"fr-FR","@id":"https:\/\/hrf-frs.com\/fr\/recherche\/bourse-de-recherche-en-sante-de-la-frs-dans-le-domaine-de-lintelligence-artificielle-resultats-des-patients\/#primaryimage","url":"https:\/\/hrf-frs.com\/wp-content\/uploads\/sites\/2\/2025\/04\/ai-patient-outcomes-hero.jpg","contentUrl":"https:\/\/hrf-frs.com\/wp-content\/uploads\/sites\/2\/2025\/04\/ai-patient-outcomes-hero.jpg","width":1920,"height":1280},{"@type":"BreadcrumbList","@id":"https:\/\/hrf-frs.com\/fr\/recherche\/bourse-de-recherche-en-sante-de-la-frs-dans-le-domaine-de-lintelligence-artificielle-resultats-des-patients\/#breadcrumb","itemListElement":[{"@type":"ListItem","position":1,"name":"Home","item":"https:\/\/hrf-frs.com\/fr\/"},{"@type":"ListItem","position":2,"name":"Recherche","item":"https:\/\/hrf-frs.com\/fr\/recherche\/"},{"@type":"ListItem","position":3,"name":"Bourse de recherche en sant\u00e9 de la FRS dans le domaine de l\u2019intelligence artificielle\u00a0: r\u00e9sultats des patients"}]},{"@type":"WebSite","@id":"https:\/\/hrf-frs.com\/fr\/#website","url":"https:\/\/hrf-frs.com\/fr\/","name":"Health Research Foundation","description":"Transforming Canadians\u2019 lives","potentialAction":[{"@type":"SearchAction","target":{"@type":"EntryPoint","urlTemplate":"https:\/\/hrf-frs.com\/fr\/?s={search_term_string}"},"query-input":{"@type":"PropertyValueSpecification","valueRequired":true,"valueName":"search_term_string"}}],"inLanguage":"fr-FR"}]}},"_links":{"self":[{"href":"https:\/\/hrf-frs.com\/fr\/wp-json\/wp\/v2\/pages\/336","targetHints":{"allow":["GET"]}}],"collection":[{"href":"https:\/\/hrf-frs.com\/fr\/wp-json\/wp\/v2\/pages"}],"about":[{"href":"https:\/\/hrf-frs.com\/fr\/wp-json\/wp\/v2\/types\/page"}],"author":[{"embeddable":true,"href":"https:\/\/hrf-frs.com\/fr\/wp-json\/wp\/v2\/users\/1"}],"replies":[{"embeddable":true,"href":"https:\/\/hrf-frs.com\/fr\/wp-json\/wp\/v2\/comments?post=336"}],"version-history":[{"count":1,"href":"https:\/\/hrf-frs.com\/fr\/wp-json\/wp\/v2\/pages\/336\/revisions"}],"predecessor-version":[{"id":337,"href":"https:\/\/hrf-frs.com\/fr\/wp-json\/wp\/v2\/pages\/336\/revisions\/337"}],"up":[{"embeddable":true,"href":"https:\/\/hrf-frs.com\/fr\/wp-json\/wp\/v2\/pages\/342"}],"wp:featuredmedia":[{"embeddable":true,"href":"https:\/\/hrf-frs.com\/fr\/wp-json\/wp\/v2\/media\/162"}],"wp:attachment":[{"href":"https:\/\/hrf-frs.com\/fr\/wp-json\/wp\/v2\/media?parent=336"}],"curies":[{"name":"wp","href":"https:\/\/api.w.org\/{rel}","templated":true}]}}