{"id":333,"date":"2023-09-14T12:55:00","date_gmt":"2023-09-14T12:55:00","guid":{"rendered":"https:\/\/hrf-frs.com\/bourse-de-recherche-de-la-frs-dans-le-domaine-de-la-resilience-des-systemes-de-sante\/"},"modified":"2025-04-08T21:24:13","modified_gmt":"2025-04-08T21:24:13","slug":"bourse-de-recherche-de-la-frs-dans-le-domaine-de-la-resilience-des-systemes-de-sante","status":"publish","type":"page","link":"https:\/\/hrf-frs.com\/fr\/recherche\/bourse-de-recherche-de-la-frs-dans-le-domaine-de-la-resilience-des-systemes-de-sante\/","title":{"rendered":"Bourse de recherche de la FRS dans le domaine de la r\u00e9silience des syst\u00e8mes de sant\u00e9"},"content":{"rendered":"\n<div class=\"wp-block-cover alignfull has-custom-content-position is-position-bottom-left hero tall\"><span aria-hidden=\"true\" class=\"wp-block-cover__background has-background-dim wp-block-cover__gradient-background has-background-gradient\" style=\"background:linear-gradient(360deg,#000000CB 0%,#00000033 100%)\"><\/span><img decoding=\"async\" class=\"wp-block-cover__image-background wp-image-15796\" alt=\"\" src=\"https:\/\/hrf-frs.com\/wp-content\/uploads\/sites\/2\/2025\/04\/health-systems-resilience-hero.jpg\" data-object-fit=\"cover\"\/><div class=\"wp-block-cover__inner-container is-layout-flow wp-block-cover-is-layout-flow\">\n<div class=\"wp-block-group\"><div class=\"wp-block-group__inner-container is-layout-flow wp-block-group-is-layout-flow\">\n<h2 class=\"wp-block-heading eyebrow crumb has-cyan-color has-text-color\"><a href=\"\/fr\/fondation-pour-la-recherche-en-sante\/recherche\/\">recherche<\/a> <\/h2>\n\n\n\n<h2 class=\"wp-block-heading eyebrow crumb has-white-color has-text-color\">\/<\/h2>\n\n\n<h1 class=\"wp-block-post-title has-text-color has-white-color\">Bourse de recherche de la FRS dans le domaine de la r\u00e9silience des syst\u00e8mes de sant\u00e9<\/h1>\n\n\n<p class=\"h4 has-white-color has-text-color\">Remise \u00e0 Brianne Wood, Ph.&nbsp;D., chercheuse associ\u00e9e \u00e0 l\u2019\u00c9cole de m\u00e9decine du Nord de l\u2019Ontario et au Centre r\u00e9gional des sciences de la sant\u00e9 de Thunder&nbsp;Bay<\/p>\n<\/div><\/div>\n<\/div><\/div>\n\n\n\n<div class=\"wp-block-group\"><div class=\"wp-block-group__inner-container is-layout-constrained wp-block-group-is-layout-constrained\">\n<h2 class=\"wp-block-heading\"><strong><\/strong><strong>Aper\u00e7u de la recherche<\/strong><\/h2>\n\n\n\n<div class=\"wp-block-columns is-layout-flex wp-container-core-columns-is-layout-9d6595d7 wp-block-columns-is-layout-flex\">\n<div class=\"wp-block-column is-layout-flow wp-block-column-is-layout-flow\" style=\"flex-basis:33%\">\n<figure class=\"wp-block-image size-large\"><img decoding=\"async\" src=\"https:\/\/hrf-frs.com\/wp-content\/uploads\/sites\/2\/2025\/04\/Dr.BrianneWood-scaled-1.jpg\" alt=\"\" class=\"wp-image-15798\"\/><\/figure>\n<\/div>\n\n\n\n<div class=\"wp-block-column is-layout-flow wp-block-column-is-layout-flow\" style=\"flex-basis:66%\">\n<p>Mon programme de recherche vise \u00e0 am\u00e9liorer la sant\u00e9 et les soins de sant\u00e9 dans les communaut\u00e9s nordiques, rurales et \u00e9loign\u00e9es. Pour y arriver, mon \u00e9quipe et moi, bas\u00e9s dans le Nord de l\u2019Ontario, g\u00e9n\u00e9rons et appliquons des connaissances qui sont pertinentes dans notre contexte. Un syst\u00e8me de sant\u00e9 dans lequel on int\u00e8gre la recherche en vue d\u2019am\u00e9liorer les r\u00e9sultats est appel\u00e9 \u00ab&nbsp;syst\u00e8me de sant\u00e9 apprenant&nbsp;\u00bb. Nous avons trois projets principaux&nbsp;:&nbsp;<\/p>\n\n\n\n<ol class=\"wp-block-list\">\n<li>Comprendre comment et dans quelle mesure un syst\u00e8me de sant\u00e9 peut \u00eatre consid\u00e9r\u00e9 comme \u00ab&nbsp;apprenant&nbsp;\u00bb, et d\u00e9terminer si un tel syst\u00e8me permet d\u2019obtenir des r\u00e9sultats dans les r\u00e9gions nordiques, rurales et \u00e9loign\u00e9es;<\/li>\n\n\n\n<li>\u00c9tudier les r\u00e9percussions de la COVID-19 sur la sant\u00e9 communautaire et les services de sant\u00e9 dans le Nord de l\u2019Ontario;<\/li>\n\n\n\n<li>Mettre \u00e0 l\u2019essai un programme \u00e9ducatif visant \u00e0 renforcer les capacit\u00e9s d\u2019un syst\u00e8me de sant\u00e9 apprenant, notamment par l\u2019\u00e9valuation et l\u2019analyse.&nbsp; &nbsp;<\/li>\n<\/ol>\n<\/div>\n<\/div>\n\n\n\n<p>Nous adoptons une approche de recherche collaborative pour mener \u00e0 bien ce travail. Nous collaborons \u00e9troitement avec les d\u00e9cideurs des syst\u00e8mes de sant\u00e9, les professionnels de la sant\u00e9 et les membres du public pour \u00e9laborer, mettre en pratique et communiquer nos r\u00e9sultats.<\/p>\n\n\n\n<blockquote class=\"wp-block-quote is-layout-flow wp-block-quote-is-layout-flow\">\n<p><strong><em><strong>Un syst\u00e8me de sant\u00e9 r\u00e9silient est un syst\u00e8me qui apprend et s\u2019adapte.La bourse de recherche de la FRS dans le domaine de la r\u00e9silience des syst\u00e8mes de sant\u00e9 m\u2019a accord\u00e9 le privil\u00e8ge de soutenir un syst\u00e8me de sant\u00e9 apprenant nordique et rural en menant des recherches rigoureuses et pertinentes au profit des particuliers, des communaut\u00e9s et des organismes de sant\u00e9 du Nord de l\u2019Ontario.<\/strong><\/em><\/strong><\/p>\n<cite>Dr. Brianne Wood<\/cite><\/blockquote>\n\n\n\n<div class=\"wp-block-group\"><div class=\"wp-block-group__inner-container is-layout-constrained wp-block-group-is-layout-constrained\">\n<h2 class=\"wp-block-heading\"><strong><\/strong><strong>Applications concr\u00e8tes<\/strong><\/h2>\n\n\n\n<p>Nous pr\u00e9voyons que notre recherche int\u00e9gr\u00e9e entra\u00eenera des am\u00e9liorations concr\u00e8tes de la mani\u00e8re dont les soins de sant\u00e9 sont dispens\u00e9s dans le Nord de l\u2019Ontario, car nos conclusions peuvent aider les responsables du syst\u00e8me de sant\u00e9 local \u00e0 \u00e9tablir les priorit\u00e9s et \u00e0 prendre des d\u00e9cisions fond\u00e9es sur des donn\u00e9es probantes. Nos projets \u00e9tablissent une base de connaissances sur la mani\u00e8re de mettre en place et d\u2019\u00e9valuer des syst\u00e8mes de sant\u00e9 apprenants dans les r\u00e9gions nordiques, rurales et \u00e9loign\u00e9es, ce qui peut profiter aux syst\u00e8mes de sant\u00e9 de l\u2019ensemble du Canada qui font face \u00e0 des circonstances similaires, telles que l\u2019organisation distribu\u00e9e des soins de sant\u00e9, la p\u00e9nurie chronique de main-d\u2019\u0153uvre et la sant\u00e9 unique de la population. Mon approche collaborative de la recherche garantit \u00e9galement que nous disposons de points de contact \u00e0 plusieurs \u00e9chelles (locale \u00e0 mondiale). \u00c0 ce titre, mon \u00e9quipe et moi participons \u00e0 des comit\u00e9s provinciaux et nationaux qui soutiennent la prise de d\u00e9cision dans le syst\u00e8me de sant\u00e9 et la recherche pragmatique. Ces possibilit\u00e9s de communication nous permettent d\u2019amplifier les r\u00e9sultats de notre recherche, de fournir des donn\u00e9es \u00e0 des syst\u00e8mes qui excluent souvent les observations dans les r\u00e9gions nordiques, rurales et \u00e9loign\u00e9es, et d\u2019allouer des ressources et des capacit\u00e9s \u00e0 des r\u00e9gions traditionnellement mal desservies.<\/p>\n<\/div><\/div>\n<\/div><\/div>\n\n\n\n<figure class=\"wp-block-embed is-type-video is-provider-youtube wp-block-embed-youtube wp-embed-aspect-16-9 wp-has-aspect-ratio\"><div class=\"wp-block-embed__wrapper\">\n<iframe loading=\"lazy\" title=\"Breanne Wood  PREAE 1 1compressed\" width=\"500\" height=\"281\" src=\"https:\/\/www.youtube.com\/embed\/1NYSG_pX9Zs?feature=oembed\" frameborder=\"0\" allow=\"accelerometer; autoplay; clipboard-write; encrypted-media; gyroscope; picture-in-picture; web-share\" referrerpolicy=\"strict-origin-when-cross-origin\" allowfullscreen><\/iframe>\n<\/div><\/figure>\n","protected":false},"excerpt":{"rendered":"<p>Remise \u00e0 Brianne Wood, Ph.\u00a0D., chercheuse associ\u00e9e \u00e0 l\u2019\u00c9cole de m\u00e9decine du Nord de l\u2019Ontario et au Centre r\u00e9gional des sciences de la sant\u00e9 de Thunder\u00a0Bay<\/p>\n","protected":false},"author":1,"featured_media":164,"parent":342,"menu_order":0,"comment_status":"closed","ping_status":"closed","template":"templates\/pages\/hrf-page.php","meta":{"_relevanssi_hide_post":"","_relevanssi_hide_content":"","_relevanssi_pin_for_all":"","_relevanssi_pin_keywords":"","_relevanssi_unpin_keywords":"","_relevanssi_related_keywords":"","_relevanssi_related_include_ids":"","_relevanssi_related_exclude_ids":"","_relevanssi_related_no_append":"","_relevanssi_related_not_related":"","_relevanssi_related_posts":"9178,9184,9192,9194,9196,9198","_relevanssi_noindex_reason":"","footnotes":""},"class_list":["post-333","page","type-page","status-publish","has-post-thumbnail","hentry"],"yoast_head":"<!-- This site is optimized with the Yoast SEO plugin v27.4 - https:\/\/yoast.com\/product\/yoast-seo-wordpress\/ -->\n<title>Bourse de recherche de la FRS dans le domaine de la r\u00e9silience des syst\u00e8mes de sant\u00e9 - Health Research Foundation<\/title>\n<meta name=\"robots\" content=\"index, follow, max-snippet:-1, max-image-preview:large, max-video-preview:-1\" \/>\n<link rel=\"canonical\" href=\"https:\/\/hrf-frs.com\/fr\/recherche\/bourse-de-recherche-de-la-frs-dans-le-domaine-de-la-resilience-des-systemes-de-sante\/\" \/>\n<meta property=\"og:locale\" content=\"fr_FR\" \/>\n<meta property=\"og:type\" content=\"article\" \/>\n<meta property=\"og:title\" content=\"Bourse de recherche de la FRS dans le domaine de la r\u00e9silience des syst\u00e8mes de sant\u00e9 - Health Research Foundation\" \/>\n<meta property=\"og:description\" content=\"Remise \u00e0 Brianne Wood, Ph.\u00a0D., chercheuse associ\u00e9e \u00e0 l\u2019\u00c9cole de m\u00e9decine du Nord de l\u2019Ontario et au Centre r\u00e9gional des sciences de la sant\u00e9 de Thunder\u00a0Bay\" \/>\n<meta property=\"og:url\" content=\"https:\/\/hrf-frs.com\/fr\/recherche\/bourse-de-recherche-de-la-frs-dans-le-domaine-de-la-resilience-des-systemes-de-sante\/\" \/>\n<meta property=\"og:site_name\" content=\"Health Research Foundation\" \/>\n<meta property=\"article:modified_time\" content=\"2025-04-08T21:24:13+00:00\" \/>\n<meta property=\"og:image\" content=\"https:\/\/hrf-frs.com\/wp-content\/uploads\/sites\/2\/2025\/04\/health-systems-resilience-hero.jpg\" \/>\n\t<meta property=\"og:image:width\" content=\"1920\" \/>\n\t<meta property=\"og:image:height\" content=\"1280\" \/>\n\t<meta property=\"og:image:type\" content=\"image\/jpeg\" \/>\n<meta name=\"twitter:card\" content=\"summary_large_image\" \/>\n<meta name=\"twitter:label1\" content=\"Dur\u00e9e de lecture estim\u00e9e\" \/>\n\t<meta name=\"twitter:data1\" content=\"3 minutes\" \/>\n<script type=\"application\/ld+json\" class=\"yoast-schema-graph\">{\"@context\":\"https:\\\/\\\/schema.org\",\"@graph\":[{\"@type\":\"WebPage\",\"@id\":\"https:\\\/\\\/hrf-frs.com\\\/fr\\\/recherche\\\/bourse-de-recherche-de-la-frs-dans-le-domaine-de-la-resilience-des-systemes-de-sante\\\/\",\"url\":\"https:\\\/\\\/hrf-frs.com\\\/fr\\\/recherche\\\/bourse-de-recherche-de-la-frs-dans-le-domaine-de-la-resilience-des-systemes-de-sante\\\/\",\"name\":\"Bourse de recherche de la FRS dans le domaine de la r\u00e9silience des syst\u00e8mes de sant\u00e9 - Health Research Foundation\",\"isPartOf\":{\"@id\":\"https:\\\/\\\/hrf-frs.com\\\/fr\\\/#website\"},\"primaryImageOfPage\":{\"@id\":\"https:\\\/\\\/hrf-frs.com\\\/fr\\\/recherche\\\/bourse-de-recherche-de-la-frs-dans-le-domaine-de-la-resilience-des-systemes-de-sante\\\/#primaryimage\"},\"image\":{\"@id\":\"https:\\\/\\\/hrf-frs.com\\\/fr\\\/recherche\\\/bourse-de-recherche-de-la-frs-dans-le-domaine-de-la-resilience-des-systemes-de-sante\\\/#primaryimage\"},\"thumbnailUrl\":\"https:\\\/\\\/hrf-frs.com\\\/wp-content\\\/uploads\\\/sites\\\/2\\\/2025\\\/04\\\/health-systems-resilience-hero.jpg\",\"datePublished\":\"2023-09-14T12:55:00+00:00\",\"dateModified\":\"2025-04-08T21:24:13+00:00\",\"breadcrumb\":{\"@id\":\"https:\\\/\\\/hrf-frs.com\\\/fr\\\/recherche\\\/bourse-de-recherche-de-la-frs-dans-le-domaine-de-la-resilience-des-systemes-de-sante\\\/#breadcrumb\"},\"inLanguage\":\"fr-FR\",\"potentialAction\":[{\"@type\":\"ReadAction\",\"target\":[\"https:\\\/\\\/hrf-frs.com\\\/fr\\\/recherche\\\/bourse-de-recherche-de-la-frs-dans-le-domaine-de-la-resilience-des-systemes-de-sante\\\/\"]}]},{\"@type\":\"ImageObject\",\"inLanguage\":\"fr-FR\",\"@id\":\"https:\\\/\\\/hrf-frs.com\\\/fr\\\/recherche\\\/bourse-de-recherche-de-la-frs-dans-le-domaine-de-la-resilience-des-systemes-de-sante\\\/#primaryimage\",\"url\":\"https:\\\/\\\/hrf-frs.com\\\/wp-content\\\/uploads\\\/sites\\\/2\\\/2025\\\/04\\\/health-systems-resilience-hero.jpg\",\"contentUrl\":\"https:\\\/\\\/hrf-frs.com\\\/wp-content\\\/uploads\\\/sites\\\/2\\\/2025\\\/04\\\/health-systems-resilience-hero.jpg\",\"width\":1920,\"height\":1280},{\"@type\":\"BreadcrumbList\",\"@id\":\"https:\\\/\\\/hrf-frs.com\\\/fr\\\/recherche\\\/bourse-de-recherche-de-la-frs-dans-le-domaine-de-la-resilience-des-systemes-de-sante\\\/#breadcrumb\",\"itemListElement\":[{\"@type\":\"ListItem\",\"position\":1,\"name\":\"Home\",\"item\":\"https:\\\/\\\/hrf-frs.com\\\/fr\\\/\"},{\"@type\":\"ListItem\",\"position\":2,\"name\":\"Recherche\",\"item\":\"https:\\\/\\\/hrf-frs.com\\\/fr\\\/recherche\\\/\"},{\"@type\":\"ListItem\",\"position\":3,\"name\":\"Bourse de recherche de la FRS dans le domaine de la r\u00e9silience des syst\u00e8mes de sant\u00e9\"}]},{\"@type\":\"WebSite\",\"@id\":\"https:\\\/\\\/hrf-frs.com\\\/fr\\\/#website\",\"url\":\"https:\\\/\\\/hrf-frs.com\\\/fr\\\/\",\"name\":\"Health Research Foundation\",\"description\":\"Transforming Canadians\u2019 lives\",\"potentialAction\":[{\"@type\":\"SearchAction\",\"target\":{\"@type\":\"EntryPoint\",\"urlTemplate\":\"https:\\\/\\\/hrf-frs.com\\\/fr\\\/?s={search_term_string}\"},\"query-input\":{\"@type\":\"PropertyValueSpecification\",\"valueRequired\":true,\"valueName\":\"search_term_string\"}}],\"inLanguage\":\"fr-FR\"}]}<\/script>\n<!-- \/ Yoast SEO plugin. -->","yoast_head_json":{"title":"Bourse de recherche de la FRS dans le domaine de la r\u00e9silience des syst\u00e8mes de sant\u00e9 - Health Research Foundation","robots":{"index":"index","follow":"follow","max-snippet":"max-snippet:-1","max-image-preview":"max-image-preview:large","max-video-preview":"max-video-preview:-1"},"canonical":"https:\/\/hrf-frs.com\/fr\/recherche\/bourse-de-recherche-de-la-frs-dans-le-domaine-de-la-resilience-des-systemes-de-sante\/","og_locale":"fr_FR","og_type":"article","og_title":"Bourse de recherche de la FRS dans le domaine de la r\u00e9silience des syst\u00e8mes de sant\u00e9 - Health Research Foundation","og_description":"Remise \u00e0 Brianne Wood, Ph.\u00a0D., chercheuse associ\u00e9e \u00e0 l\u2019\u00c9cole de m\u00e9decine du Nord de l\u2019Ontario et au Centre r\u00e9gional des sciences de la sant\u00e9 de Thunder\u00a0Bay","og_url":"https:\/\/hrf-frs.com\/fr\/recherche\/bourse-de-recherche-de-la-frs-dans-le-domaine-de-la-resilience-des-systemes-de-sante\/","og_site_name":"Health Research Foundation","article_modified_time":"2025-04-08T21:24:13+00:00","og_image":[{"width":1920,"height":1280,"url":"https:\/\/hrf-frs.com\/wp-content\/uploads\/sites\/2\/2025\/04\/health-systems-resilience-hero.jpg","type":"image\/jpeg"}],"twitter_card":"summary_large_image","twitter_misc":{"Dur\u00e9e de lecture estim\u00e9e":"3 minutes"},"schema":{"@context":"https:\/\/schema.org","@graph":[{"@type":"WebPage","@id":"https:\/\/hrf-frs.com\/fr\/recherche\/bourse-de-recherche-de-la-frs-dans-le-domaine-de-la-resilience-des-systemes-de-sante\/","url":"https:\/\/hrf-frs.com\/fr\/recherche\/bourse-de-recherche-de-la-frs-dans-le-domaine-de-la-resilience-des-systemes-de-sante\/","name":"Bourse de recherche de la FRS dans le domaine de la r\u00e9silience des syst\u00e8mes de sant\u00e9 - Health Research Foundation","isPartOf":{"@id":"https:\/\/hrf-frs.com\/fr\/#website"},"primaryImageOfPage":{"@id":"https:\/\/hrf-frs.com\/fr\/recherche\/bourse-de-recherche-de-la-frs-dans-le-domaine-de-la-resilience-des-systemes-de-sante\/#primaryimage"},"image":{"@id":"https:\/\/hrf-frs.com\/fr\/recherche\/bourse-de-recherche-de-la-frs-dans-le-domaine-de-la-resilience-des-systemes-de-sante\/#primaryimage"},"thumbnailUrl":"https:\/\/hrf-frs.com\/wp-content\/uploads\/sites\/2\/2025\/04\/health-systems-resilience-hero.jpg","datePublished":"2023-09-14T12:55:00+00:00","dateModified":"2025-04-08T21:24:13+00:00","breadcrumb":{"@id":"https:\/\/hrf-frs.com\/fr\/recherche\/bourse-de-recherche-de-la-frs-dans-le-domaine-de-la-resilience-des-systemes-de-sante\/#breadcrumb"},"inLanguage":"fr-FR","potentialAction":[{"@type":"ReadAction","target":["https:\/\/hrf-frs.com\/fr\/recherche\/bourse-de-recherche-de-la-frs-dans-le-domaine-de-la-resilience-des-systemes-de-sante\/"]}]},{"@type":"ImageObject","inLanguage":"fr-FR","@id":"https:\/\/hrf-frs.com\/fr\/recherche\/bourse-de-recherche-de-la-frs-dans-le-domaine-de-la-resilience-des-systemes-de-sante\/#primaryimage","url":"https:\/\/hrf-frs.com\/wp-content\/uploads\/sites\/2\/2025\/04\/health-systems-resilience-hero.jpg","contentUrl":"https:\/\/hrf-frs.com\/wp-content\/uploads\/sites\/2\/2025\/04\/health-systems-resilience-hero.jpg","width":1920,"height":1280},{"@type":"BreadcrumbList","@id":"https:\/\/hrf-frs.com\/fr\/recherche\/bourse-de-recherche-de-la-frs-dans-le-domaine-de-la-resilience-des-systemes-de-sante\/#breadcrumb","itemListElement":[{"@type":"ListItem","position":1,"name":"Home","item":"https:\/\/hrf-frs.com\/fr\/"},{"@type":"ListItem","position":2,"name":"Recherche","item":"https:\/\/hrf-frs.com\/fr\/recherche\/"},{"@type":"ListItem","position":3,"name":"Bourse de recherche de la FRS dans le domaine de la r\u00e9silience des syst\u00e8mes de sant\u00e9"}]},{"@type":"WebSite","@id":"https:\/\/hrf-frs.com\/fr\/#website","url":"https:\/\/hrf-frs.com\/fr\/","name":"Health Research Foundation","description":"Transforming Canadians\u2019 lives","potentialAction":[{"@type":"SearchAction","target":{"@type":"EntryPoint","urlTemplate":"https:\/\/hrf-frs.com\/fr\/?s={search_term_string}"},"query-input":{"@type":"PropertyValueSpecification","valueRequired":true,"valueName":"search_term_string"}}],"inLanguage":"fr-FR"}]}},"_links":{"self":[{"href":"https:\/\/hrf-frs.com\/fr\/wp-json\/wp\/v2\/pages\/333","targetHints":{"allow":["GET"]}}],"collection":[{"href":"https:\/\/hrf-frs.com\/fr\/wp-json\/wp\/v2\/pages"}],"about":[{"href":"https:\/\/hrf-frs.com\/fr\/wp-json\/wp\/v2\/types\/page"}],"author":[{"embeddable":true,"href":"https:\/\/hrf-frs.com\/fr\/wp-json\/wp\/v2\/users\/1"}],"replies":[{"embeddable":true,"href":"https:\/\/hrf-frs.com\/fr\/wp-json\/wp\/v2\/comments?post=333"}],"version-history":[{"count":1,"href":"https:\/\/hrf-frs.com\/fr\/wp-json\/wp\/v2\/pages\/333\/revisions"}],"predecessor-version":[{"id":334,"href":"https:\/\/hrf-frs.com\/fr\/wp-json\/wp\/v2\/pages\/333\/revisions\/334"}],"up":[{"embeddable":true,"href":"https:\/\/hrf-frs.com\/fr\/wp-json\/wp\/v2\/pages\/342"}],"wp:featuredmedia":[{"embeddable":true,"href":"https:\/\/hrf-frs.com\/fr\/wp-json\/wp\/v2\/media\/164"}],"wp:attachment":[{"href":"https:\/\/hrf-frs.com\/fr\/wp-json\/wp\/v2\/media?parent=333"}],"curies":[{"name":"wp","href":"https:\/\/api.w.org\/{rel}","templated":true}]}}