{"id":326,"date":"2023-04-21T20:40:47","date_gmt":"2023-04-21T20:40:47","guid":{"rendered":"https:\/\/hrf-frs.com\/fondation-pour-la-recherche-en-sante\/prix\/"},"modified":"2025-11-20T17:51:19","modified_gmt":"2025-11-20T17:51:19","slug":"prix","status":"publish","type":"page","link":"https:\/\/hrf-frs.com\/fr\/prix\/","title":{"rendered":"Prix"},"content":{"rendered":"\n<div class=\"wp-block-cover alignfull has-custom-content-position is-position-bottom-left hero tall\"><span aria-hidden=\"true\" class=\"wp-block-cover__background has-background-dim wp-block-cover__gradient-background has-background-gradient\" style=\"background-color:#453465;background:linear-gradient(360deg,#000000CB 0%,#00000033 100%)\"><\/span><img loading=\"lazy\" decoding=\"async\" width=\"1600\" height=\"900\" class=\"wp-block-cover__image-background wp-image-1057\" alt=\"\" src=\"https:\/\/hrf-frs.com\/wp-content\/uploads\/sites\/2\/2025\/11\/Prix-Galien_2025.jpg\" style=\"object-position:50% 10%\" data-object-fit=\"cover\" data-object-position=\"50% 10%\" srcset=\"https:\/\/hrf-frs.com\/wp-content\/uploads\/sites\/2\/2025\/11\/Prix-Galien_2025.jpg 1600w, https:\/\/hrf-frs.com\/wp-content\/uploads\/sites\/2\/2025\/11\/Prix-Galien_2025-300x169.jpg 300w, https:\/\/hrf-frs.com\/wp-content\/uploads\/sites\/2\/2025\/11\/Prix-Galien_2025-1024x576.jpg 1024w, https:\/\/hrf-frs.com\/wp-content\/uploads\/sites\/2\/2025\/11\/Prix-Galien_2025-768x432.jpg 768w, https:\/\/hrf-frs.com\/wp-content\/uploads\/sites\/2\/2025\/11\/Prix-Galien_2025-1536x864.jpg 1536w, https:\/\/hrf-frs.com\/wp-content\/uploads\/sites\/2\/2025\/11\/Prix-Galien_2025-744x419.jpg 744w\" sizes=\"auto, (max-width: 1600px) 100vw, 1600px\" \/><div class=\"wp-block-cover__inner-container is-layout-flow wp-block-cover-is-layout-flow\">\n<div class=\"wp-block-group\"><div class=\"wp-block-group__inner-container is-layout-flow wp-block-group-is-layout-flow\"><h1 class=\"wp-block-post-title has-text-color has-white-color\">Prix<\/h1>\n\n\n<p class=\"h4 has-white-color has-text-color\">Reconna\u00eetre l\u2019excellence et les contributions essentielles aux sciences de la sant\u00e9 pour le Canada, pour le monde.<\/p>\n<\/div><\/div>\n<\/div><\/div>\n\n\n\n<div class=\"wp-block-group\"><div class=\"wp-block-group__inner-container is-layout-constrained wp-block-group-is-layout-constrained\">\n<div class=\"wp-block-group\"><div class=\"wp-block-group__inner-container is-layout-constrained wp-block-group-is-layout-constrained\">\n<p>C\u2019est pourquoi la Fondation pour la recherche en sant\u00e9 (FRS) du Canada est fi\u00e8re de sa tradition de soixante ans d\u2019investir, ann\u00e9e apr\u00e8s ann\u00e9e, dans les sciences de la vie, y compris en finan\u00e7ant la recherche et les programmes qui favorisent de meilleurs r\u00e9sultats des patients, des soins de sant\u00e9 durables et une meilleure qualit\u00e9 de vie pour tous les Canadiens.<\/p>\n<\/div><\/div>\n<\/div><\/div>\n\n\n\n<div class=\"wp-block-group alignfull no-margin has-light-grey-background-color has-background\"><div class=\"wp-block-group__inner-container is-layout-flow wp-block-group-is-layout-flow\">\n<div class=\"wp-block-group child-pages-group\"><div class=\"wp-block-group__inner-container is-layout-constrained wp-block-group-is-layout-constrained\">\n<div class=\"wp-block-group is-theme-yellow child-page-container\"><div class=\"wp-block-group__inner-container is-layout-flow wp-block-group-is-layout-flow\"><div class=\"wp-block-cover alignwide page-excerpt child-page card linked-card has-custom-content-position is-position-bottom-left no-margin\">\n    <span class=\"wp-block-cover__gradient-background has-background-dim has-background-dim-100 has-background-gradient\" style=\"background:linear-gradient(0deg,rgb(0,0,0) 0%,rgba(0,0,0,0.03) 100%)\"><\/span>\n        <img loading=\"lazy\" decoding=\"async\" width=\"645\" height=\"607\" src=\"https:\/\/hrf-frs.com\/wp-content\/uploads\/sites\/2\/2025\/11\/Dr.-Jeffrey-Weitz_moh.dei_.jpg\" class=\"wp-block-cover__image-background wp-post-image\" alt=\"\" itemprop=\"image\" srcset=\"https:\/\/hrf-frs.com\/wp-content\/uploads\/sites\/2\/2025\/11\/Dr.-Jeffrey-Weitz_moh.dei_.jpg 645w, https:\/\/hrf-frs.com\/wp-content\/uploads\/sites\/2\/2025\/11\/Dr.-Jeffrey-Weitz_moh.dei_-300x282.jpg 300w, https:\/\/hrf-frs.com\/wp-content\/uploads\/sites\/2\/2025\/11\/Dr.-Jeffrey-Weitz_moh.dei_-612x576.jpg 612w\" sizes=\"auto, (max-width: 645px) 100vw, 645px\" \/>    <div class=\"wp-block-cover__inner-container\">\n        <h2 class=\"h5 has-white-color\">La M\u00e9daille d\u2019honneur<\/h2>\n        <div class=\"has-smaller-font-size has-white-color\"><p>Reconna\u00eetre l\u2019excellence et les contributions essentielles aux sciences de la sant\u00e9 pour le Canada, pour le monde.<\/p>\n<\/div>\n\n        <div class=\"wp-block-buttons\">\n            <div class=\"wp-block-button\"><a class=\"wp-block-button__link has-black-color\" href=\"https:\/\/hrf-frs.com\/fr\/prix\/la-medaille-dhonneur\/\">En savoir plus<\/a><\/div>\n        <\/div>\n    <\/div>\n<\/div>\n\n<\/div><\/div>\n\n\n\n<div class=\"wp-block-group is-theme-teal child-page-container no-margin\"><div class=\"wp-block-group__inner-container is-layout-flow wp-block-group-is-layout-flow\"><div class=\"wp-block-cover alignwide page-excerpt child-page card linked-card has-custom-content-position is-position-bottom-left no-margin\">\n    <span class=\"wp-block-cover__gradient-background has-background-dim has-background-dim-100 has-background-gradient\" style=\"background:linear-gradient(0deg,rgb(0,0,0) 0%,rgba(0,0,0,0.03) 100%)\"><\/span>\n        <img loading=\"lazy\" decoding=\"async\" width=\"542\" height=\"699\" src=\"https:\/\/hrf-frs.com\/wp-content\/uploads\/sites\/2\/2025\/11\/Dr.-Juliet-Daniel_moh.dei_-e1763665070283.jpg\" class=\"wp-block-cover__image-background wp-post-image\" alt=\"\" itemprop=\"image\" \/>    <div class=\"wp-block-cover__inner-container\">\n        <h2 class=\"h5 has-white-color\">Prix pour la diversit\u00e9 et l\u2019\u00e9quit\u00e9 en recherche<\/h2>\n        <div class=\"has-smaller-font-size has-white-color\"><p>Reconna\u00eetre l\u2019excellence et les contributions essentielles aux sciences de la sant\u00e9 pour le Canada, pour le monde.<\/p>\n<\/div>\n\n        <div class=\"wp-block-buttons\">\n            <div class=\"wp-block-button\"><a class=\"wp-block-button__link has-black-color\" href=\"https:\/\/hrf-frs.com\/fr\/prix\/prix-pour-la-diversite-et-lequite-en-recherche\/\">En savoir plus<\/a><\/div>\n        <\/div>\n    <\/div>\n<\/div>\n\n<\/div><\/div>\n<\/div><\/div>\n\n\n\n<div class=\"wp-block-group child-pages-group no-margin\"><div class=\"wp-block-group__inner-container is-layout-constrained wp-block-group-is-layout-constrained\">\n<div class=\"wp-block-group is-theme-gold child-page-container no-margin\"><div class=\"wp-block-group__inner-container is-layout-flow wp-block-group-is-layout-flow\"><div class=\"wp-block-cover alignwide page-excerpt child-page card linked-card has-custom-content-position is-position-bottom-left no-margin\">\n    <span class=\"wp-block-cover__gradient-background has-background-dim has-background-dim-100 has-background-gradient\" style=\"background:linear-gradient(0deg,rgb(0,0,0) 0%,rgba(0,0,0,0.03) 100%)\"><\/span>\n        <img loading=\"lazy\" decoding=\"async\" width=\"1024\" height=\"576\" src=\"https:\/\/hrf-frs.com\/wp-content\/uploads\/sites\/2\/2025\/11\/Prix-Galien_2025-1024x576.jpg\" class=\"wp-block-cover__image-background wp-post-image\" alt=\"\" itemprop=\"image\" srcset=\"https:\/\/hrf-frs.com\/wp-content\/uploads\/sites\/2\/2025\/11\/Prix-Galien_2025-1024x576.jpg 1024w, https:\/\/hrf-frs.com\/wp-content\/uploads\/sites\/2\/2025\/11\/Prix-Galien_2025-300x169.jpg 300w, https:\/\/hrf-frs.com\/wp-content\/uploads\/sites\/2\/2025\/11\/Prix-Galien_2025-768x432.jpg 768w, https:\/\/hrf-frs.com\/wp-content\/uploads\/sites\/2\/2025\/11\/Prix-Galien_2025-1536x864.jpg 1536w, https:\/\/hrf-frs.com\/wp-content\/uploads\/sites\/2\/2025\/11\/Prix-Galien_2025-744x419.jpg 744w, https:\/\/hrf-frs.com\/wp-content\/uploads\/sites\/2\/2025\/11\/Prix-Galien_2025.jpg 1600w\" sizes=\"auto, (max-width: 1024px) 100vw, 1024px\" \/>    <div class=\"wp-block-cover__inner-container\">\n        <h2 class=\"h5 has-white-color\">Le Prix Galien Canada &#8211; Prix du produit innovateur<\/h2>\n        <div class=\"has-smaller-font-size has-white-color\"><p>Ce prix est d\u00e9cern\u00e9 \u00e0 un m\u00e9dicament qui a apport\u00e9 la contribution globale la plus importante aux soins des patients au Canada.<\/p>\n<\/div>\n\n        <div class=\"wp-block-buttons\">\n            <div class=\"wp-block-button\"><a class=\"wp-block-button__link has-black-color\" href=\"https:\/\/hrf-frs.com\/fr\/prix\/le-prix-galien-canada-prix-du-produit-innovateur\/\">En savoir plus<\/a><\/div>\n        <\/div>\n    <\/div>\n<\/div>\n\n<\/div><\/div>\n<\/div><\/div>\n<\/div><\/div>\n","protected":false},"excerpt":{"rendered":"<p>C\u2019est pourquoi la Fondation pour la recherche en sant\u00e9 (FRS) du Canada est fi\u00e8re de sa tradition de soixante ans [&hellip;]<\/p>\n","protected":false},"author":1,"featured_media":143,"parent":0,"menu_order":0,"comment_status":"closed","ping_status":"closed","template":"templates\/pages\/hrf-page.php","meta":{"_relevanssi_hide_post":"","_relevanssi_hide_content":"","_relevanssi_pin_for_all":"","_relevanssi_pin_keywords":"","_relevanssi_unpin_keywords":"","_relevanssi_related_keywords":"","_relevanssi_related_include_ids":"","_relevanssi_related_exclude_ids":"","_relevanssi_related_no_append":"","_relevanssi_related_not_related":"","_relevanssi_related_posts":"9178,9184,9192,9194,9196,9198","_relevanssi_noindex_reason":"","footnotes":""},"class_list":["post-326","page","type-page","status-publish","has-post-thumbnail","hentry"],"yoast_head":"<!-- This site is optimized with the Yoast SEO plugin v24.4 - https:\/\/yoast.com\/wordpress\/plugins\/seo\/ -->\n<title>Prix - Health Research Foundation<\/title>\n<meta name=\"robots\" content=\"index, follow, max-snippet:-1, max-image-preview:large, max-video-preview:-1\" \/>\n<link rel=\"canonical\" href=\"https:\/\/hrf-frs.com\/fr\/prix\/\" \/>\n<meta property=\"og:locale\" content=\"fr_FR\" \/>\n<meta property=\"og:type\" content=\"article\" \/>\n<meta property=\"og:title\" content=\"Prix - Health Research Foundation\" \/>\n<meta property=\"og:description\" content=\"C\u2019est pourquoi la Fondation pour la recherche en sant\u00e9 (FRS) du Canada est fi\u00e8re de sa tradition de soixante ans [&hellip;]\" \/>\n<meta property=\"og:url\" content=\"https:\/\/hrf-frs.com\/fr\/prix\/\" \/>\n<meta property=\"og:site_name\" content=\"Health Research Foundation\" \/>\n<meta property=\"article:modified_time\" content=\"2025-11-20T17:51:19+00:00\" \/>\n<meta property=\"og:image\" content=\"https:\/\/hrf-frs.com\/wp-content\/uploads\/sites\/2\/2025\/04\/awards-hero.jpg\" \/>\n\t<meta property=\"og:image:width\" content=\"1920\" \/>\n\t<meta property=\"og:image:height\" content=\"1202\" \/>\n\t<meta property=\"og:image:type\" content=\"image\/jpeg\" \/>\n<meta name=\"twitter:card\" content=\"summary_large_image\" \/>\n<meta name=\"twitter:label1\" content=\"Dur\u00e9e de lecture estim\u00e9e\" \/>\n\t<meta name=\"twitter:data1\" content=\"1 minute\" \/>\n<script type=\"application\/ld+json\" class=\"yoast-schema-graph\">{\"@context\":\"https:\/\/schema.org\",\"@graph\":[{\"@type\":\"WebPage\",\"@id\":\"https:\/\/hrf-frs.com\/fr\/prix\/\",\"url\":\"https:\/\/hrf-frs.com\/fr\/prix\/\",\"name\":\"Prix - Health Research Foundation\",\"isPartOf\":{\"@id\":\"https:\/\/hrf-frs.com\/fr\/#website\"},\"primaryImageOfPage\":{\"@id\":\"https:\/\/hrf-frs.com\/fr\/prix\/#primaryimage\"},\"image\":{\"@id\":\"https:\/\/hrf-frs.com\/fr\/prix\/#primaryimage\"},\"thumbnailUrl\":\"https:\/\/hrf-frs.com\/wp-content\/uploads\/sites\/2\/2025\/04\/awards-hero.jpg\",\"datePublished\":\"2023-04-21T20:40:47+00:00\",\"dateModified\":\"2025-11-20T17:51:19+00:00\",\"breadcrumb\":{\"@id\":\"https:\/\/hrf-frs.com\/fr\/prix\/#breadcrumb\"},\"inLanguage\":\"fr-FR\",\"potentialAction\":[{\"@type\":\"ReadAction\",\"target\":[\"https:\/\/hrf-frs.com\/fr\/prix\/\"]}]},{\"@type\":\"ImageObject\",\"inLanguage\":\"fr-FR\",\"@id\":\"https:\/\/hrf-frs.com\/fr\/prix\/#primaryimage\",\"url\":\"https:\/\/hrf-frs.com\/wp-content\/uploads\/sites\/2\/2025\/04\/awards-hero.jpg\",\"contentUrl\":\"https:\/\/hrf-frs.com\/wp-content\/uploads\/sites\/2\/2025\/04\/awards-hero.jpg\",\"width\":1920,\"height\":1202},{\"@type\":\"BreadcrumbList\",\"@id\":\"https:\/\/hrf-frs.com\/fr\/prix\/#breadcrumb\",\"itemListElement\":[{\"@type\":\"ListItem\",\"position\":1,\"name\":\"Home\",\"item\":\"https:\/\/hrf-frs.com\/fr\/\"},{\"@type\":\"ListItem\",\"position\":2,\"name\":\"Prix\"}]},{\"@type\":\"WebSite\",\"@id\":\"https:\/\/hrf-frs.com\/fr\/#website\",\"url\":\"https:\/\/hrf-frs.com\/fr\/\",\"name\":\"Health Research Foundation\",\"description\":\"Transforming Canadians\u2019 lives\",\"potentialAction\":[{\"@type\":\"SearchAction\",\"target\":{\"@type\":\"EntryPoint\",\"urlTemplate\":\"https:\/\/hrf-frs.com\/fr\/?s={search_term_string}\"},\"query-input\":{\"@type\":\"PropertyValueSpecification\",\"valueRequired\":true,\"valueName\":\"search_term_string\"}}],\"inLanguage\":\"fr-FR\"}]}<\/script>\n<!-- \/ Yoast SEO plugin. -->","yoast_head_json":{"title":"Prix - Health Research Foundation","robots":{"index":"index","follow":"follow","max-snippet":"max-snippet:-1","max-image-preview":"max-image-preview:large","max-video-preview":"max-video-preview:-1"},"canonical":"https:\/\/hrf-frs.com\/fr\/prix\/","og_locale":"fr_FR","og_type":"article","og_title":"Prix - Health Research Foundation","og_description":"C\u2019est pourquoi la Fondation pour la recherche en sant\u00e9 (FRS) du Canada est fi\u00e8re de sa tradition de soixante ans [&hellip;]","og_url":"https:\/\/hrf-frs.com\/fr\/prix\/","og_site_name":"Health Research Foundation","article_modified_time":"2025-11-20T17:51:19+00:00","og_image":[{"width":1920,"height":1202,"url":"https:\/\/hrf-frs.com\/wp-content\/uploads\/sites\/2\/2025\/04\/awards-hero.jpg","type":"image\/jpeg"}],"twitter_card":"summary_large_image","twitter_misc":{"Dur\u00e9e de lecture estim\u00e9e":"1 minute"},"schema":{"@context":"https:\/\/schema.org","@graph":[{"@type":"WebPage","@id":"https:\/\/hrf-frs.com\/fr\/prix\/","url":"https:\/\/hrf-frs.com\/fr\/prix\/","name":"Prix - Health Research Foundation","isPartOf":{"@id":"https:\/\/hrf-frs.com\/fr\/#website"},"primaryImageOfPage":{"@id":"https:\/\/hrf-frs.com\/fr\/prix\/#primaryimage"},"image":{"@id":"https:\/\/hrf-frs.com\/fr\/prix\/#primaryimage"},"thumbnailUrl":"https:\/\/hrf-frs.com\/wp-content\/uploads\/sites\/2\/2025\/04\/awards-hero.jpg","datePublished":"2023-04-21T20:40:47+00:00","dateModified":"2025-11-20T17:51:19+00:00","breadcrumb":{"@id":"https:\/\/hrf-frs.com\/fr\/prix\/#breadcrumb"},"inLanguage":"fr-FR","potentialAction":[{"@type":"ReadAction","target":["https:\/\/hrf-frs.com\/fr\/prix\/"]}]},{"@type":"ImageObject","inLanguage":"fr-FR","@id":"https:\/\/hrf-frs.com\/fr\/prix\/#primaryimage","url":"https:\/\/hrf-frs.com\/wp-content\/uploads\/sites\/2\/2025\/04\/awards-hero.jpg","contentUrl":"https:\/\/hrf-frs.com\/wp-content\/uploads\/sites\/2\/2025\/04\/awards-hero.jpg","width":1920,"height":1202},{"@type":"BreadcrumbList","@id":"https:\/\/hrf-frs.com\/fr\/prix\/#breadcrumb","itemListElement":[{"@type":"ListItem","position":1,"name":"Home","item":"https:\/\/hrf-frs.com\/fr\/"},{"@type":"ListItem","position":2,"name":"Prix"}]},{"@type":"WebSite","@id":"https:\/\/hrf-frs.com\/fr\/#website","url":"https:\/\/hrf-frs.com\/fr\/","name":"Health Research Foundation","description":"Transforming Canadians\u2019 lives","potentialAction":[{"@type":"SearchAction","target":{"@type":"EntryPoint","urlTemplate":"https:\/\/hrf-frs.com\/fr\/?s={search_term_string}"},"query-input":{"@type":"PropertyValueSpecification","valueRequired":true,"valueName":"search_term_string"}}],"inLanguage":"fr-FR"}]}},"_links":{"self":[{"href":"https:\/\/hrf-frs.com\/fr\/wp-json\/wp\/v2\/pages\/326","targetHints":{"allow":["GET"]}}],"collection":[{"href":"https:\/\/hrf-frs.com\/fr\/wp-json\/wp\/v2\/pages"}],"about":[{"href":"https:\/\/hrf-frs.com\/fr\/wp-json\/wp\/v2\/types\/page"}],"author":[{"embeddable":true,"href":"https:\/\/hrf-frs.com\/fr\/wp-json\/wp\/v2\/users\/1"}],"replies":[{"embeddable":true,"href":"https:\/\/hrf-frs.com\/fr\/wp-json\/wp\/v2\/comments?post=326"}],"version-history":[{"count":4,"href":"https:\/\/hrf-frs.com\/fr\/wp-json\/wp\/v2\/pages\/326\/revisions"}],"predecessor-version":[{"id":1071,"href":"https:\/\/hrf-frs.com\/fr\/wp-json\/wp\/v2\/pages\/326\/revisions\/1071"}],"wp:featuredmedia":[{"embeddable":true,"href":"https:\/\/hrf-frs.com\/fr\/wp-json\/wp\/v2\/media\/143"}],"wp:attachment":[{"href":"https:\/\/hrf-frs.com\/fr\/wp-json\/wp\/v2\/media?parent=326"}],"curies":[{"name":"wp","href":"https:\/\/api.w.org\/{rel}","templated":true}]}}