{"id":304,"date":"2022-05-12T17:44:07","date_gmt":"2022-05-12T17:44:07","guid":{"rendered":"https:\/\/hrf-frs.com\/toutes-les-nouvelles\/"},"modified":"2025-04-14T13:52:37","modified_gmt":"2025-04-14T13:52:37","slug":"nouvelles","status":"publish","type":"page","link":"https:\/\/hrf-frs.com\/fr\/nouvelles\/","title":{"rendered":"Nouvelles"},"content":{"rendered":"\n<div class=\"wp-block-group alignfull is-padded archive-hero has-light-grey-background-color has-background\"><div class=\"wp-block-group__inner-container is-layout-flow wp-block-group-is-layout-flow\">\n\n\n<h1 class=\"wp-block-post-title\">Nouvelles<\/h1>\n\n\n<p class=\"has-lead-font-size\">Le r\u00e9pertoire de nouvelles de M\u00e9dicaments novateurs Canada rassemble tous les communiqu\u00e9s de presse et les actualit\u00e9s de l\u2019industrie.<\/p>\n<\/div><\/div>\n","protected":false},"excerpt":{"rendered":"<p>Le r\u00e9pertoire de nouvelles de M\u00e9dicaments novateurs Canada rassemble tous les communiqu\u00e9s de presse et les actualit\u00e9s de l\u2019industrie.<\/p>\n","protected":false},"author":12,"featured_media":35,"parent":0,"menu_order":0,"comment_status":"closed","ping_status":"closed","template":"templates\/pages\/archive-news.php","meta":{"_relevanssi_hide_post":"","_relevanssi_hide_content":"","_relevanssi_pin_for_all":"","_relevanssi_pin_keywords":"","_relevanssi_unpin_keywords":"","_relevanssi_related_keywords":"","_relevanssi_related_include_ids":"","_relevanssi_related_exclude_ids":"","_relevanssi_related_no_append":"","_relevanssi_related_not_related":"","_relevanssi_related_posts":"9178,9184,9192,9194,9196,9198","_relevanssi_noindex_reason":"","footnotes":""},"class_list":["post-304","page","type-page","status-publish","has-post-thumbnail","hentry"],"yoast_head":"<!-- This site is optimized with the Yoast SEO plugin v24.4 - https:\/\/yoast.com\/wordpress\/plugins\/seo\/ -->\n<title>Nouvelles - Health Research Foundation<\/title>\n<meta name=\"robots\" content=\"index, follow, max-snippet:-1, max-image-preview:large, max-video-preview:-1\" \/>\n<link rel=\"canonical\" href=\"https:\/\/hrf-frs.com\/fr\/nouvelles\/\" \/>\n<meta property=\"og:locale\" content=\"fr_FR\" \/>\n<meta property=\"og:type\" content=\"article\" \/>\n<meta property=\"og:title\" content=\"Nouvelles - Health Research Foundation\" \/>\n<meta property=\"og:description\" content=\"Le r\u00e9pertoire de nouvelles de M\u00e9dicaments novateurs Canada rassemble tous les communiqu\u00e9s de presse et les actualit\u00e9s de l\u2019industrie.\" \/>\n<meta property=\"og:url\" content=\"https:\/\/hrf-frs.com\/fr\/nouvelles\/\" \/>\n<meta property=\"og:site_name\" content=\"Health Research Foundation\" \/>\n<meta property=\"article:modified_time\" content=\"2025-04-14T13:52:37+00:00\" \/>\n<meta property=\"og:image\" content=\"https:\/\/hrf-frs.com\/wp-content\/uploads\/sites\/2\/2025\/04\/Jesse-Zhang.jpg\" \/>\n\t<meta property=\"og:image:width\" content=\"600\" \/>\n\t<meta property=\"og:image:height\" content=\"750\" \/>\n\t<meta property=\"og:image:type\" content=\"image\/jpeg\" \/>\n<meta name=\"twitter:card\" content=\"summary_large_image\" \/>\n<meta name=\"twitter:label1\" content=\"Dur\u00e9e de lecture estim\u00e9e\" \/>\n\t<meta name=\"twitter:data1\" content=\"1 minute\" \/>\n<script type=\"application\/ld+json\" class=\"yoast-schema-graph\">{\"@context\":\"https:\/\/schema.org\",\"@graph\":[{\"@type\":\"WebPage\",\"@id\":\"https:\/\/hrf-frs.com\/fr\/nouvelles\/\",\"url\":\"https:\/\/hrf-frs.com\/fr\/nouvelles\/\",\"name\":\"Nouvelles - Health Research Foundation\",\"isPartOf\":{\"@id\":\"https:\/\/hrf-frs.com\/fr\/#website\"},\"primaryImageOfPage\":{\"@id\":\"https:\/\/hrf-frs.com\/fr\/nouvelles\/#primaryimage\"},\"image\":{\"@id\":\"https:\/\/hrf-frs.com\/fr\/nouvelles\/#primaryimage\"},\"thumbnailUrl\":\"https:\/\/hrf-frs.com\/wp-content\/uploads\/sites\/2\/2025\/04\/Jesse-Zhang.jpg\",\"datePublished\":\"2022-05-12T17:44:07+00:00\",\"dateModified\":\"2025-04-14T13:52:37+00:00\",\"breadcrumb\":{\"@id\":\"https:\/\/hrf-frs.com\/fr\/nouvelles\/#breadcrumb\"},\"inLanguage\":\"fr-FR\",\"potentialAction\":[{\"@type\":\"ReadAction\",\"target\":[\"https:\/\/hrf-frs.com\/fr\/nouvelles\/\"]}]},{\"@type\":\"ImageObject\",\"inLanguage\":\"fr-FR\",\"@id\":\"https:\/\/hrf-frs.com\/fr\/nouvelles\/#primaryimage\",\"url\":\"https:\/\/hrf-frs.com\/wp-content\/uploads\/sites\/2\/2025\/04\/Jesse-Zhang.jpg\",\"contentUrl\":\"https:\/\/hrf-frs.com\/wp-content\/uploads\/sites\/2\/2025\/04\/Jesse-Zhang.jpg\",\"width\":600,\"height\":750},{\"@type\":\"BreadcrumbList\",\"@id\":\"https:\/\/hrf-frs.com\/fr\/nouvelles\/#breadcrumb\",\"itemListElement\":[{\"@type\":\"ListItem\",\"position\":1,\"name\":\"Home\",\"item\":\"https:\/\/hrf-frs.com\/fr\/\"},{\"@type\":\"ListItem\",\"position\":2,\"name\":\"Nouvelles\"}]},{\"@type\":\"WebSite\",\"@id\":\"https:\/\/hrf-frs.com\/fr\/#website\",\"url\":\"https:\/\/hrf-frs.com\/fr\/\",\"name\":\"Health Research Foundation\",\"description\":\"Transforming Canadians\u2019 lives\",\"potentialAction\":[{\"@type\":\"SearchAction\",\"target\":{\"@type\":\"EntryPoint\",\"urlTemplate\":\"https:\/\/hrf-frs.com\/fr\/?s={search_term_string}\"},\"query-input\":{\"@type\":\"PropertyValueSpecification\",\"valueRequired\":true,\"valueName\":\"search_term_string\"}}],\"inLanguage\":\"fr-FR\"}]}<\/script>\n<!-- \/ Yoast SEO plugin. -->","yoast_head_json":{"title":"Nouvelles - Health Research Foundation","robots":{"index":"index","follow":"follow","max-snippet":"max-snippet:-1","max-image-preview":"max-image-preview:large","max-video-preview":"max-video-preview:-1"},"canonical":"https:\/\/hrf-frs.com\/fr\/nouvelles\/","og_locale":"fr_FR","og_type":"article","og_title":"Nouvelles - Health Research Foundation","og_description":"Le r\u00e9pertoire de nouvelles de M\u00e9dicaments novateurs Canada rassemble tous les communiqu\u00e9s de presse et les actualit\u00e9s de l\u2019industrie.","og_url":"https:\/\/hrf-frs.com\/fr\/nouvelles\/","og_site_name":"Health Research Foundation","article_modified_time":"2025-04-14T13:52:37+00:00","og_image":[{"width":600,"height":750,"url":"https:\/\/hrf-frs.com\/wp-content\/uploads\/sites\/2\/2025\/04\/Jesse-Zhang.jpg","type":"image\/jpeg"}],"twitter_card":"summary_large_image","twitter_misc":{"Dur\u00e9e de lecture estim\u00e9e":"1 minute"},"schema":{"@context":"https:\/\/schema.org","@graph":[{"@type":"WebPage","@id":"https:\/\/hrf-frs.com\/fr\/nouvelles\/","url":"https:\/\/hrf-frs.com\/fr\/nouvelles\/","name":"Nouvelles - Health Research Foundation","isPartOf":{"@id":"https:\/\/hrf-frs.com\/fr\/#website"},"primaryImageOfPage":{"@id":"https:\/\/hrf-frs.com\/fr\/nouvelles\/#primaryimage"},"image":{"@id":"https:\/\/hrf-frs.com\/fr\/nouvelles\/#primaryimage"},"thumbnailUrl":"https:\/\/hrf-frs.com\/wp-content\/uploads\/sites\/2\/2025\/04\/Jesse-Zhang.jpg","datePublished":"2022-05-12T17:44:07+00:00","dateModified":"2025-04-14T13:52:37+00:00","breadcrumb":{"@id":"https:\/\/hrf-frs.com\/fr\/nouvelles\/#breadcrumb"},"inLanguage":"fr-FR","potentialAction":[{"@type":"ReadAction","target":["https:\/\/hrf-frs.com\/fr\/nouvelles\/"]}]},{"@type":"ImageObject","inLanguage":"fr-FR","@id":"https:\/\/hrf-frs.com\/fr\/nouvelles\/#primaryimage","url":"https:\/\/hrf-frs.com\/wp-content\/uploads\/sites\/2\/2025\/04\/Jesse-Zhang.jpg","contentUrl":"https:\/\/hrf-frs.com\/wp-content\/uploads\/sites\/2\/2025\/04\/Jesse-Zhang.jpg","width":600,"height":750},{"@type":"BreadcrumbList","@id":"https:\/\/hrf-frs.com\/fr\/nouvelles\/#breadcrumb","itemListElement":[{"@type":"ListItem","position":1,"name":"Home","item":"https:\/\/hrf-frs.com\/fr\/"},{"@type":"ListItem","position":2,"name":"Nouvelles"}]},{"@type":"WebSite","@id":"https:\/\/hrf-frs.com\/fr\/#website","url":"https:\/\/hrf-frs.com\/fr\/","name":"Health Research Foundation","description":"Transforming Canadians\u2019 lives","potentialAction":[{"@type":"SearchAction","target":{"@type":"EntryPoint","urlTemplate":"https:\/\/hrf-frs.com\/fr\/?s={search_term_string}"},"query-input":{"@type":"PropertyValueSpecification","valueRequired":true,"valueName":"search_term_string"}}],"inLanguage":"fr-FR"}]}},"_links":{"self":[{"href":"https:\/\/hrf-frs.com\/fr\/wp-json\/wp\/v2\/pages\/304","targetHints":{"allow":["GET"]}}],"collection":[{"href":"https:\/\/hrf-frs.com\/fr\/wp-json\/wp\/v2\/pages"}],"about":[{"href":"https:\/\/hrf-frs.com\/fr\/wp-json\/wp\/v2\/types\/page"}],"author":[{"embeddable":true,"href":"https:\/\/hrf-frs.com\/fr\/wp-json\/wp\/v2\/users\/12"}],"replies":[{"embeddable":true,"href":"https:\/\/hrf-frs.com\/fr\/wp-json\/wp\/v2\/comments?post=304"}],"version-history":[{"count":1,"href":"https:\/\/hrf-frs.com\/fr\/wp-json\/wp\/v2\/pages\/304\/revisions"}],"predecessor-version":[{"id":629,"href":"https:\/\/hrf-frs.com\/fr\/wp-json\/wp\/v2\/pages\/304\/revisions\/629"}],"wp:featuredmedia":[{"embeddable":true,"href":"https:\/\/hrf-frs.com\/fr\/wp-json\/wp\/v2\/media\/35"}],"wp:attachment":[{"href":"https:\/\/hrf-frs.com\/fr\/wp-json\/wp\/v2\/media?parent=304"}],"curies":[{"name":"wp","href":"https:\/\/api.w.org\/{rel}","templated":true}]}}